{"id":1240,"date":"2021-03-23T11:54:30","date_gmt":"2021-03-23T11:54:30","guid":{"rendered":"https:\/\/www.happysunday.eu\/?page_id=1240"},"modified":"2021-03-24T07:15:48","modified_gmt":"2021-03-24T07:15:48","slug":"partneri","status":"publish","type":"page","link":"https:\/\/www.happysunday.eu\/?page_id=1240","title":{"rendered":"M\u016bsu Partneri"},"content":{"rendered":"\n<div class=\"wp-block-columns is-layout-flex wp-container-core-columns-is-layout-9d6595d7 wp-block-columns-is-layout-flex\">\n<div class=\"wp-block-column is-layout-flow wp-block-column-is-layout-flow\" style=\"flex-basis:100%\">\n<div class=\"wp-block-group\"><div class=\"wp-block-group__inner-container is-layout-flow wp-block-group-is-layout-flow\">\n<div class=\"wp-block-columns is-layout-flex wp-container-core-columns-is-layout-9d6595d7 wp-block-columns-is-layout-flex\">\n<div class=\"wp-block-column is-layout-flow wp-block-column-is-layout-flow\" style=\"flex-basis:100%\">\n<figure class=\"wp-block-table is-style-regular\"><table><tbody><tr><td class=\"has-text-align-center\" data-align=\"center\"><img loading=\"lazy\" decoding=\"async\" width=\"1000\" height=\"1000\" class=\"wp-image-1229\" style=\"width: 1000px;\" src=\"https:\/\/www.happysunday.eu\/wp-content\/uploads\/2021\/03\/verdeoasi1.png\" alt=\"\" srcset=\"https:\/\/www.happysunday.eu\/wp-content\/uploads\/2021\/03\/verdeoasi1.png 720w, https:\/\/www.happysunday.eu\/wp-content\/uploads\/2021\/03\/verdeoasi1-300x300.png 300w, https:\/\/www.happysunday.eu\/wp-content\/uploads\/2021\/03\/verdeoasi1-150x150.png 150w, https:\/\/www.happysunday.eu\/wp-content\/uploads\/2021\/03\/verdeoasi1-600x600.png 600w, https:\/\/www.happysunday.eu\/wp-content\/uploads\/2021\/03\/verdeoasi1-100x100.png 100w\" sizes=\"auto, (max-width: 1000px) 100vw, 1000px\" \/><\/td><td>VERDEOASI MILANO ir augst\u0101kas klases kosm\u0113tikas z\u012bmols, kas pied\u0101v\u0101 pla\u0161u profesion\u0101lu kosm\u0113tiku sejai un \u0137ermenim, ko izmanto kosmetologi vis\u0101 pasaul\u0113.<br>Funkcionalit\u0101te un izcils dizains! Produkti, kas piem\u0113roti visiem \u0101das tipiem, pat \u013coti pras\u012bgai \u0101dai. T\u0101 nesatur paraf\u012bnu un vazel\u012bnu, tikai natur\u0101lus komponentus. Sast\u0101v\u0101 lieliski un ekskluz\u012bvi komponenti: heks pept\u012bdi, augu cilmes \u0161\u016bnas, kavi\u0101rs, mande\u013cu e\u013c\u013ca, kolag\u0113ns, t\u0113jas koka e\u013c\u013ca, avokado e\u013c\u013c\u0101, lavandas e\u013c\u013ca, Vitam\u012bni H un E, , ro\u017eu \u016bdens, hialuronsk\u0101bes, a\u013c\u0123es, lactobacillus utt.<br>Vis\u0101m sast\u0101vda\u013c\u0101m, ko izmanto produktu pagatavo\u0161anai, ir sertific\u0113ta Eiropas izcelsme, t\u0101s piln\u012bb\u0101 atbilst Eiropas Kosm\u0113tikas regulai (Nr. 1223\/2009), t\u0101s ir \u0101dai draudz\u012bgas un pied\u0101v\u0101 augstu kvalit\u0101tes standarts, kas respekt\u0113 \u0101das jut\u012bgumu.<br>Daba, skaistums, tehnolo\u0123ijas, inov\u0101cijas ir iedvesmas avoti rad\u012bt kosm\u0113tiku Verdeoasi Milano, ko m\u012bl un nov\u0113rt\u0113 klienti vis\u0101 pasaul\u0113.<\/td><\/tr><tr><td class=\"has-text-align-center\" data-align=\"center\"><img decoding=\"async\" src=\"https:\/\/www.happysunday.eu\/wp-content\/uploads\/2021\/03\/download-2.png\" alt=\"\" style=\"width: 400px;\"><\/td><td>Dr Kraut Milano ir profesion\u0101las kosm\u0113tikas l\u012bnija sejai un \u0137ermenim, kas paredz\u0113ta kosmetologiem un kosm\u0113ti\u0137iem un mas\u0101\u017eas speci\u0101listiem. \u0100das kop\u0161anas kosm\u0113tika ir veidota ar dab\u012bg\u0101m funkcion\u0101l\u0101m sast\u0101vda\u013c\u0101m un sertific\u0113tiem biolo\u0123iskiem ekstraktiem. Tas garant\u0113 p\u0101rsteidzo\u0161us rezult\u0101tus ar izcilu kvalit\u0101tes. Dr. Kraut \u2013 t\u0101 ir univers\u0101l\u0101 un b\u0101zes kosm\u0113tisk\u0101 l\u012bnija ar akt\u012bviem un natur\u0101liem komponentiem. Lielisk\u0101 cenas un kvalit\u0101tes attiec\u012bba. Produktu cenas dod lielisku iesp\u0113ju kosmetologiem padar\u012bt savus pakalpojumus konkur\u0113tsp\u0113j\u012bgas.<br>Dr.Kraut un Verdeoasi kosm\u0113tika ir dom\u0101ta gan profesion\u0101lai kop\u0161anai kosmolo\u0123isk\u0101 kabinet\u0101, gan kop\u0161anai m\u0101jas apst\u0101k\u013cos.<br>Ir v\u0113rts atz\u012bm\u0113t, ka pateicoties Dr. Kraut un Verdeoasi kosm\u0113tisko prepar\u0101tu pla\u0161ai izv\u0113lei , kosmetologi var veidot individu\u0101lus skaistumkop\u0161anas proced\u016bras.<\/td><\/tr><tr><td class=\"has-text-align-center\" data-align=\"center\"><img loading=\"lazy\" decoding=\"async\" width=\"400\" height=\"277\" class=\"wp-image-1232\" style=\"width: 400px;\" src=\"https:\/\/www.happysunday.eu\/wp-content\/uploads\/2021\/03\/download-3.png\" alt=\"\"><\/td><td>ARCOCERE \u2014 Made in Italy! Viens no vado\u0161ajiem pasaules z\u012bmoliem vaks\u0101cijas nozar\u0113. Nep\u0101rtraukt\u0101 att\u012bst\u012bba un lielisk\u0101 kvalit\u0101te, inovat\u012bv\u0101s tehnolo\u0123ijas!<br>Pied\u0101v\u0101jum\u0101 pla\u0161s vaks\u0101cijas kosm\u0113tikas un aksesu\u0101ru sortiments. Sortiment\u0101: Sint\u0113tiskie, pl\u0113ves un dabiskie vaski. \u0160\u0137idrais vasks kaset\u0113s; \u0161\u0137idrais vasks bund\u017e\u0101s; cietais vasks briket\u0113s; cietais vasks granul\u0101s; cukura pasta ; karstais vasks, Braz\u012blijas, pirms un p\u0113c vaks\u0101cijas kosm\u0113tika.&nbsp;&nbsp;<\/td><\/tr><tr><td class=\"has-text-align-center\" data-align=\"center\"><img loading=\"lazy\" decoding=\"async\" width=\"400\" height=\"400\" class=\"wp-image-1228\" style=\"width: 400px;\" src=\"https:\/\/www.happysunday.eu\/wp-content\/uploads\/2021\/03\/unnamed-12.jpg\" alt=\"\" srcset=\"https:\/\/www.happysunday.eu\/wp-content\/uploads\/2021\/03\/unnamed-12.jpg 900w, https:\/\/www.happysunday.eu\/wp-content\/uploads\/2021\/03\/unnamed-12-300x300.jpg 300w, https:\/\/www.happysunday.eu\/wp-content\/uploads\/2021\/03\/unnamed-12-150x150.jpg 150w, https:\/\/www.happysunday.eu\/wp-content\/uploads\/2021\/03\/unnamed-12-768x768.jpg 768w, https:\/\/www.happysunday.eu\/wp-content\/uploads\/2021\/03\/unnamed-12-600x600.jpg 600w, https:\/\/www.happysunday.eu\/wp-content\/uploads\/2021\/03\/unnamed-12-100x100.jpg 100w\" sizes=\"auto, (max-width: 400px) 100vw, 400px\" \/><\/td><td>YANNI EXTENSIONS \u2014 Profesion\u0101la matu kosm\u0113tiku no Grie\u0137ijas! Kosm\u0113tika nesatur silikonus un parab\u0113nus. Bag\u0101ta ar A, E, F vitam\u012bniem un barojo\u0161\u0101m e\u013c\u013c\u0101m. Sortiment\u0101: \u0161amp\u016bni, kondicionieri, maskas, s\u0113rumi, matu balin\u0101t\u0101ji, oksidanti, kr\u0101sas, neitralizatori, silver komplekti, p\u0113c kerat\u012bna un botoksa kop\u0161ana, mati pieaudz\u0113\u0161anai utt.<br>Izdev\u012bgi salona tilpumi 500ml, 1000ml un 4000ml. K\u0101rdino\u0161i arom\u0101ti: karamele, bubble gum, sald\u0101 mandele, \u0137irsis, fran\u010du smar\u017eas, v\u012brie\u0161u smar\u017eas un citi! Izdev\u012bgas cenas!&nbsp;&nbsp;<\/td><\/tr><tr><td class=\"has-text-align-center\" data-align=\"center\"><img decoding=\"async\" src=\"https:\/\/www.happysunday.eu\/wp-content\/uploads\/2021\/03\/download-1.png\" alt=\"\"><br><img loading=\"lazy\" decoding=\"async\" width=\"400\" height=\"114\" class=\"wp-image-1234\" style=\"width: 400px;\" src=\"https:\/\/www.happysunday.eu\/wp-content\/uploads\/2021\/03\/LOGO-SOLEO.jpg\" alt=\"\" srcset=\"https:\/\/www.happysunday.eu\/wp-content\/uploads\/2021\/03\/LOGO-SOLEO.jpg 1500w, https:\/\/www.happysunday.eu\/wp-content\/uploads\/2021\/03\/LOGO-SOLEO-300x86.jpg 300w, https:\/\/www.happysunday.eu\/wp-content\/uploads\/2021\/03\/LOGO-SOLEO-1024x292.jpg 1024w, https:\/\/www.happysunday.eu\/wp-content\/uploads\/2021\/03\/LOGO-SOLEO-768x219.jpg 768w, https:\/\/www.happysunday.eu\/wp-content\/uploads\/2021\/03\/LOGO-SOLEO-600x171.jpg 600w\" sizes=\"auto, (max-width: 400px) 100vw, 400px\" \/><br><img decoding=\"async\" src=\"https:\/\/www.happysunday.eu\/wp-content\/uploads\/2021\/03\/tan-inc-brown-sugar-2.jpg\" alt=\"\"><br><img loading=\"lazy\" decoding=\"async\" width=\"150\" height=\"52\" class=\"wp-image-1341\" style=\"width: 150px;\" src=\"https:\/\/www.happysunday.eu\/wp-content\/uploads\/2021\/03\/file_f8a53d793e56feb9f078587fbe405e39-1.jpg\" alt=\"\"><\/td><td>Profesion\u0101l\u0101 sau\u013co\u0161an\u0101s kosm\u0113tika no ASV tilpumos 15ml, 22ml, 150ml, 200ml, 400ml un 1890ml !<br>Vispla\u0161\u0101k\u0101 sol\u0101riju kosm\u0113tikas izv\u0113l\u0113 vis\u0101 Latvij\u0101. Sau\u013co\u0161an\u0101s kosm\u0113tikai katrai gaumei. No anti aler\u0123iskiem maigiem losjoniem l\u012bdz pat Intens\u012bviem un ultra stipriem 100x 200x 500x DHA bronzeriem! Nodro\u0161ina \u0101tru efektu un skaistu iedegumu, pateicoties modernaj\u0101m savienojumam, pan\u0101kot pies\u0101tin\u0101tu toni, un jaun\u0101s paaudzes att\u012bst\u012bt\u0101jam ar Vacay Vixen Elixir of Pink Sea Salt &amp; Coconut Milk, Ultra-rich chocolate &amp; royal honey complex, Heavenly Hydration Complex un citiem. Lielisks arom\u0101ts un moderns dizains! Sadarbojamies ar lab\u0101kaj\u0101m sol\u0101riju studij\u0101m vis\u0101 Latvij\u0101 un Baltij\u0101&nbsp;&nbsp;<\/td><\/tr><\/tbody><\/table><\/figure>\n\n\n\n<p><\/p>\n<\/div>\n<\/div>\n<\/div><\/div>\n<\/div>\n<\/div>\n","protected":false},"excerpt":{"rendered":"<p>VERDEOASI MILANO ir augst\u0101kas klases kosm\u0113tikas z\u012bmols, kas pied\u0101v\u0101 pla\u0161u profesion\u0101lu kosm\u0113tiku sejai un \u0137ermenim, ko izmanto kosmetologi vis\u0101 pasaul\u0113.Funkcionalit\u0101te un izcils dizains! Produkti, kas piem\u0113roti visiem \u0101das tipiem, pat \u013coti pras\u012bgai \u0101dai. T\u0101 nesatur paraf\u012bnu un vazel\u012bnu, tikai natur\u0101lus komponentus. Sast\u0101v\u0101 lieliski un ekskluz\u012bvi komponenti: heks pept\u012bdi, augu cilmes \u0161\u016bnas, kavi\u0101rs, mande\u013cu e\u013c\u013ca, kolag\u0113ns, t\u0113jas koka e\u013c\u013ca, avokado e\u013c\u013c\u0101, lavandas e\u013c\u013ca, Vitam\u012bni H un E, , ro\u017eu \u016bdens, hialuronsk\u0101bes, a\u013c\u0123es, lactobacillus utt.Vis\u0101m sast\u0101vda\u013c\u0101m, ko izmanto produktu pagatavo\u0161anai, ir sertific\u0113ta Eiropas izcelsme, t\u0101s piln\u012bb\u0101 atbilst Eiropas Kosm\u0113tikas regulai (Nr. 1223\/2009),&hellip;<\/p>\n","protected":false},"author":1,"featured_media":0,"parent":0,"menu_order":0,"comment_status":"closed","ping_status":"closed","template":"","meta":{"footnotes":""},"class_list":["post-1240","page","type-page","status-publish","hentry"],"_links":{"self":[{"href":"https:\/\/www.happysunday.eu\/index.php?rest_route=\/wp\/v2\/pages\/1240","targetHints":{"allow":["GET"]}}],"collection":[{"href":"https:\/\/www.happysunday.eu\/index.php?rest_route=\/wp\/v2\/pages"}],"about":[{"href":"https:\/\/www.happysunday.eu\/index.php?rest_route=\/wp\/v2\/types\/page"}],"author":[{"embeddable":true,"href":"https:\/\/www.happysunday.eu\/index.php?rest_route=\/wp\/v2\/users\/1"}],"replies":[{"embeddable":true,"href":"https:\/\/www.happysunday.eu\/index.php?rest_route=%2Fwp%2Fv2%2Fcomments&post=1240"}],"version-history":[{"count":19,"href":"https:\/\/www.happysunday.eu\/index.php?rest_route=\/wp\/v2\/pages\/1240\/revisions"}],"predecessor-version":[{"id":1343,"href":"https:\/\/www.happysunday.eu\/index.php?rest_route=\/wp\/v2\/pages\/1240\/revisions\/1343"}],"wp:attachment":[{"href":"https:\/\/www.happysunday.eu\/index.php?rest_route=%2Fwp%2Fv2%2Fmedia&parent=1240"}],"curies":[{"name":"wp","href":"https:\/\/api.w.org\/{rel}","templated":true}]}}