{"id":204,"date":"2019-03-06T11:12:29","date_gmt":"2019-03-06T11:12:29","guid":{"rendered":"http:\/\/www.happysunday.eu\/?page_id=204"},"modified":"2021-03-23T16:28:07","modified_gmt":"2021-03-23T16:28:07","slug":"par-mums","status":"publish","type":"page","link":"https:\/\/www.happysunday.eu\/?page_id=204","title":{"rendered":"Par mums"},"content":{"rendered":"\n<p>WWW.HAPPYSUNDAY.EU &#8211; PROFESION\u0100L\u0100S KOSM\u0112TIKAS E-VEIKALS<\/p>\n\n\n\n<p>M\u016bsu priorit\u0101te ir augst\u0101k\u0101s kvalit\u0101tes profesion\u0101l\u0101 kosm\u0113tika par konkur\u0113tsp\u0113j\u012bg\u0101m cen\u0101m. Skaistumkop\u0161anai m\u0101jas apst\u0101k\u013cos ar\u012b j\u0101b\u016bt izcilai!<\/p>\n\n\n\n<p>Profesion\u0101l\u0101 kosm\u0113tika no slaveniem pasaules z\u012bmoliem:<\/p>\n\n\n\n<p>\u2022 matiem  \u2013 Yanni Extensions (Greece);<br>\u2022 vaks\u0101cijai \u2013 Arcocere (Italy);<br>\u2022 sau\u013co\u0161anai \u2013 Soleo, Supertan, Brown Sugar, Radical Tan, Tan Desire (Poland, Austria, USA);<br>\u2022 dezinfekcija \u2013 Smartclean (Germany);<br>\u2022 manik\u012bram \u2013 Love My Nails (Greece);<br>\u2022 kosmetolo\u0123ijai \u2013 Verdeoasi, Dr. Kraut (Italy).<\/p>\n\n\n\n<p>PIED\u0100V\u0100JAM \u012aPA\u0160I IZDEV\u012aGAS SADARB\u012aBAS FORMAS SKAISTUMKOP\u0160ANAS SALONIEM UN MEISTARIEM.<\/p>\n\n\n\n<p>J\u0101 ir jaut\u0101jumi, dro\u0161i rakstiet uz e\u2013pastu&nbsp;<a href=\"mailto:happy@sunday.lv\"><strong>happy@sunday.lv<\/strong><\/a>&nbsp;vai zvaniet pa t\u0101lruni&nbsp;+371<strong><a href=\"tel:25511524\">25511524<\/a><\/strong>.<\/p>\n","protected":false},"excerpt":{"rendered":"<p>WWW.HAPPYSUNDAY.EU &#8211; PROFESION\u0100L\u0100S KOSM\u0112TIKAS E-VEIKALS M\u016bsu priorit\u0101te ir augst\u0101k\u0101s kvalit\u0101tes profesion\u0101l\u0101 kosm\u0113tika par konkur\u0113tsp\u0113j\u012bg\u0101m cen\u0101m. Skaistumkop\u0161anai m\u0101jas apst\u0101k\u013cos ar\u012b j\u0101b\u016bt izcilai! Profesion\u0101l\u0101 kosm\u0113tika no slaveniem pasaules z\u012bmoliem: \u2022 matiem \u2013 Yanni Extensions (Greece);\u2022 vaks\u0101cijai \u2013 Arcocere (Italy);\u2022 sau\u013co\u0161anai \u2013 Soleo, Supertan, Brown Sugar, Radical Tan, Tan Desire (Poland, Austria, USA);\u2022 dezinfekcija \u2013 Smartclean (Germany);\u2022 manik\u012bram \u2013 Love My Nails (Greece);\u2022 kosmetolo\u0123ijai \u2013 Verdeoasi, Dr. Kraut (Italy). PIED\u0100V\u0100JAM \u012aPA\u0160I IZDEV\u012aGAS SADARB\u012aBAS FORMAS SKAISTUMKOP\u0160ANAS SALONIEM UN MEISTARIEM. J\u0101 ir jaut\u0101jumi, dro\u0161i rakstiet uz e\u2013pastu&nbsp;happy@sunday.lv&nbsp;vai zvaniet pa t\u0101lruni&nbsp;+37125511524.<\/p>\n","protected":false},"author":1,"featured_media":0,"parent":0,"menu_order":0,"comment_status":"closed","ping_status":"closed","template":"","meta":{"footnotes":""},"class_list":["post-204","page","type-page","status-publish","hentry"],"_links":{"self":[{"href":"https:\/\/www.happysunday.eu\/index.php?rest_route=\/wp\/v2\/pages\/204","targetHints":{"allow":["GET"]}}],"collection":[{"href":"https:\/\/www.happysunday.eu\/index.php?rest_route=\/wp\/v2\/pages"}],"about":[{"href":"https:\/\/www.happysunday.eu\/index.php?rest_route=\/wp\/v2\/types\/page"}],"author":[{"embeddable":true,"href":"https:\/\/www.happysunday.eu\/index.php?rest_route=\/wp\/v2\/users\/1"}],"replies":[{"embeddable":true,"href":"https:\/\/www.happysunday.eu\/index.php?rest_route=%2Fwp%2Fv2%2Fcomments&post=204"}],"version-history":[{"count":5,"href":"https:\/\/www.happysunday.eu\/index.php?rest_route=\/wp\/v2\/pages\/204\/revisions"}],"predecessor-version":[{"id":1295,"href":"https:\/\/www.happysunday.eu\/index.php?rest_route=\/wp\/v2\/pages\/204\/revisions\/1295"}],"wp:attachment":[{"href":"https:\/\/www.happysunday.eu\/index.php?rest_route=%2Fwp%2Fv2%2Fmedia&parent=204"}],"curies":[{"name":"wp","href":"https:\/\/api.w.org\/{rel}","templated":true}]}}