{"id":591,"date":"2020-12-14T13:14:38","date_gmt":"2020-12-14T13:14:38","guid":{"rendered":"https:\/\/www.happysunday.eu\/?page_id=591"},"modified":"2020-12-14T13:14:38","modified_gmt":"2020-12-14T13:14:38","slug":"piegade-atgriesana-un-termini","status":"publish","type":"page","link":"https:\/\/www.happysunday.eu\/?page_id=591","title":{"rendered":"Pieg\u0101de, atgrie\u0161ana un termi\u0146i"},"content":{"rendered":"\n<p><strong>Pieg\u0101des noteikumi<\/strong><\/p>\n\n\n\n<p>1.\u00a0\u00a0\u00a0\u00a0 Pre\u010du pieg\u0101des pakalpojuma izmaksas nav iek\u013cautas nor\u0101d\u012btaj\u0101s pre\u010du cen\u0101s. Pieg\u0101de iesp\u0113jama uz &#8220;Omniva&#8221; pakom\u0101tiem vai ar a\/s &#8220;Latvijas pasts&#8221; kurjeru vis\u0101 Latvij\u0101.<\/p>\n\n\n\n<p>2.&nbsp;&nbsp;&nbsp;&nbsp; Ja prece tiek sa\u0146emta biroj\u0101, maksa par pieg\u0101di netiek apr\u0113\u0137in\u0101ta. Par sa\u0146em\u0161anas vietu un laiku iepriek\u0161 vienojoties.<\/p>\n\n\n\n<p>3.&nbsp;&nbsp;&nbsp;&nbsp; Par pre\u010du pieg\u0101di ir j\u0101nor\u0113\u0137in\u0101s, apmaks\u0101jot avans\u0101 r\u0113\u0137inu.<\/p>\n\n\n\n<p>4.&nbsp;&nbsp;&nbsp;&nbsp; Pas\u016bt\u012bjums tiks apstiprin\u0101ts un prece tiks izs\u016bt\u012bta p\u0113c maks\u0101juma sa\u0146em\u0161anas veikala nor\u0113\u0137inu kont\u0101. S\u016bt\u012bjums tiks nos\u016bt\u012bts uz pas\u016bt\u012bt\u0101ja v\u0101rda.<\/p>\n\n\n\n<p>5.&nbsp;&nbsp;&nbsp;&nbsp; Pieg\u0101de l\u012bdz pas\u016bt\u012bt\u0101jam var aiz\u0146emt 15 darba dienas.<\/p>\n\n\n\n<p><strong>Pre\u010du atgrie\u0161anas noteikumi<\/strong><\/p>\n\n\n\n<p>1.&nbsp;&nbsp;&nbsp; Jums ir iesp\u0113ja atgriezt preci 14 dienu laik\u0101 p\u0113c preces sa\u0146em\u0161anas dienas, kas ir fiks\u0113ta pieg\u0101des pavadz\u012bm\u0113. Atgrie\u017eot preci, tai j\u0101b\u016bt:<\/p>\n\n\n\n<p>&nbsp;&nbsp;&nbsp;&nbsp;&nbsp; &#8211;&nbsp; nelietotai \/ nevalk\u0101tai,<\/p>\n\n\n\n<p>&nbsp;&nbsp;&nbsp;&nbsp;&nbsp; &#8211;&nbsp; ori\u0123in\u0101laj\u0101 iepakojum\u0101 ar attiec\u012bg\u0101s preces kodu un ar piestiprin\u0101t\u0101m ra\u017eot\u0101ja ori\u0123in\u0101laj\u0101m birk\u0101m un uzlik\u0101m, ja t\u0101das ir,<\/p>\n\n\n\n<p>&nbsp;&nbsp;&nbsp;&nbsp;&nbsp; &#8211;&nbsp; ar piln\u012bb\u0101 aizpild\u012btu atgrie\u0161anas pavadz\u012bmi.<\/p>\n\n\n\n<p>2.&nbsp;&nbsp;&nbsp; Nauda par atgriezto preci tiek atmaks\u0101ta 14 dienu laik\u0101 no atgriezt\u0101s preces sa\u0146em\u0161anas dienas veikala adres\u0113 uz kontu, no kura veikals maks\u0101jumu ir sa\u0146\u0113mis.<\/p>\n\n\n\n<p>3.&nbsp;&nbsp;&nbsp; Ja prece neatbilst iepriek\u0161 min\u0113tajiem krit\u0113rijiem, veikals patur ties\u012bbas preci nepie\u0146emt un neatgriezt samaks\u0101to naudu vai ietur\u0113t l\u012bdz 50% no preces v\u0113rt\u012bbas.<\/p>\n\n\n\n<p>4.&nbsp;&nbsp;&nbsp; Ja prece tiek atgriezta p\u0113c noteiktaj\u0101m 14 dien\u0101m (nos\u016btot ar a\/s &#8220;Latvijas pasts&#8221; vai kurjera starpniec\u012bbu, tiek \u0146emts v\u0113r\u0101 nos\u016bt\u012b\u0161anas pasta z\u012bmogs vai kurjera pavadz\u012bm\u0113 fiks\u0113tais preces sa\u0146em\u0161anas datums), veikals patur ties\u012bbas nepie\u0146emt ieg\u0101d\u0101to preci un neatgriezt naudu, ja vien nav cita pier\u0101d\u0101ma vieno\u0161an\u0101s starp pirc\u0113ju un p\u0101rdev\u0113ju.<\/p>\n\n\n\n<p>5.&nbsp;&nbsp;&nbsp; Preci var atgriezt ar a\/s &#8220;Latvijas pasts&#8221; starpniec\u012bbu, par sa\u0146em\u0161anas vietu un laiku iepriek\u0161 vienojoties.<\/p>\n\n\n\n<p>6.&nbsp;&nbsp;&nbsp; Visas izmaksas par preces atgrie\u0161anu sedz pirc\u0113js. Nauda par preces pieg\u0101di, ja t\u0101da bijusi, netiek atgriezta, iz\u0146emot gad\u012bjumus, kad nos\u016bt\u012bta nepareiza prece vai transport\u0113\u0161anas laik\u0101 prece ir boj\u0101ta.<\/p>\n\n\n\n<p>7.&nbsp;&nbsp; J\u016bsu pretenzijas par ieg\u0101d\u0101t\u0101s preces kvalit\u0101ti tiks risin\u0101tas saska\u0146\u0101 ar Ministru kabineta noteikumu nr.631. &#8220;K\u0101rt\u012bba, k\u0101d\u0101 piesak\u0101ms un izskat\u0101ms pat\u0113r\u0113t\u0101ja pras\u012bjums par l\u012bguma noteikumiem neatbilsto\u0161u preci vai pakalpojumu&#8221; pras\u012bb\u0101m.<\/p>\n\n\n\n<p>8.&nbsp;&nbsp; Latvijas Republikas Pat\u0113r\u0113t\u0101ju ties\u012bbu aizsardz\u012bbas likuma 12.panta sest\u0101 da\u013ca nosaka, ka &#8220;pat\u0113r\u0113t\u0101js ir atbild\u012bgs par preces kvalit\u0101tes un dro\u0161uma saglab\u0101\u0161anu atteikuma ties\u012bbu realiz\u0113\u0161anas termi\u0146\u0101&#8221;; ir oblig\u0101ti saglab\u0101t preces ori\u0123in\u0101lo iepakojumu, lai, realiz\u0113jot atteikuma ties\u012bbas, prece netiktu \u0101r\u0113ji meh\u0101niski boj\u0101ta.<\/p>\n\n\n\n<p>9.&nbsp;&nbsp; Visas pirc\u0113ja un p\u0101rdev\u0113ja nesaska\u0146as tiek risin\u0101tas p\u0101rrunu ce\u013c\u0101 vai LR Likumdo\u0161anas un normat\u012bvo aktu paredz\u0113taj\u0101 k\u0101rt\u012bb\u0101.<\/p>\n\n\n\n<p>10.&nbsp;&nbsp; Saska\u0146\u0101 ar Latvijas Republikas MK noteikumi Nr.207 15.3 p. nevar izmantot atteikuma ties\u012bbas prec\u0113m, kas tiek izgatavotas p\u0113c pat\u0113r\u0113t\u0101ja nor\u0101d\u012bjumiem vai ir neaizvietojamas lietas, vai preces p\u0113c to rakstura nevar atdot atpaka\u013c, vai t\u0101s \u0101tri boj\u0101jas vai ir \u0101tri izlietojamas.<\/p>\n\n\n\n<p>Atteikuma ties\u012bbas nevar tikt izmantotas prec\u0113m: visa veida peldkost\u012bmi, apak\u0161ve\u013ca, ze\u0137ubikses, ze\u0137es, gultas ve\u013ca, m\u0101jas tekstila izstr\u0101d\u0101jumi, rotaslietas un aksesu\u0101ri, smar\u017eas un kosm\u0113tika.&nbsp; \u0160\u012bs preces atpaka\u013c nepie\u0146emam higi\u0113nisku iemeslu d\u0113\u013c.<\/p>\n\n\n\n<p>Veicot pas\u016bt\u012bjumu, j\u016bs piekr\u012btat tam, ka esat iepazinu\u0161ies ar \u0161iem noteikumiem.<\/p>\n\n\n\n<p>Vair\u0101k inform\u0101cijas par pat\u0113r\u0113t\u0101ju ties\u012bb\u0101m un pien\u0101kumiem varat atrast \u0161eit (<a href=\"http:\/\/www.ptac.gov.lv\/page\/104\">http:\/\/www.ptac.gov.lv\/page\/104<\/a>).<\/p>\n","protected":false},"excerpt":{"rendered":"<p>Pieg\u0101des noteikumi 1.\u00a0\u00a0\u00a0\u00a0 Pre\u010du pieg\u0101des pakalpojuma izmaksas nav iek\u013cautas nor\u0101d\u012btaj\u0101s pre\u010du cen\u0101s. Pieg\u0101de iesp\u0113jama uz &#8220;Omniva&#8221; pakom\u0101tiem vai ar a\/s &#8220;Latvijas pasts&#8221; kurjeru vis\u0101 Latvij\u0101. 2.&nbsp;&nbsp;&nbsp;&nbsp; Ja prece tiek sa\u0146emta biroj\u0101, maksa par pieg\u0101di netiek apr\u0113\u0137in\u0101ta. Par sa\u0146em\u0161anas vietu un laiku iepriek\u0161 vienojoties. 3.&nbsp;&nbsp;&nbsp;&nbsp; Par pre\u010du pieg\u0101di ir j\u0101nor\u0113\u0137in\u0101s, apmaks\u0101jot avans\u0101 r\u0113\u0137inu. 4.&nbsp;&nbsp;&nbsp;&nbsp; Pas\u016bt\u012bjums tiks apstiprin\u0101ts un prece tiks izs\u016bt\u012bta p\u0113c maks\u0101juma sa\u0146em\u0161anas veikala nor\u0113\u0137inu kont\u0101. S\u016bt\u012bjums tiks nos\u016bt\u012bts uz pas\u016bt\u012bt\u0101ja v\u0101rda. 5.&nbsp;&nbsp;&nbsp;&nbsp; Pieg\u0101de l\u012bdz pas\u016bt\u012bt\u0101jam var aiz\u0146emt 15 darba dienas. Pre\u010du atgrie\u0161anas noteikumi 1.&nbsp;&nbsp;&nbsp; Jums ir iesp\u0113ja atgriezt preci&hellip;<\/p>\n","protected":false},"author":1,"featured_media":0,"parent":0,"menu_order":0,"comment_status":"closed","ping_status":"closed","template":"","meta":{"footnotes":""},"class_list":["post-591","page","type-page","status-publish","hentry"],"_links":{"self":[{"href":"https:\/\/www.happysunday.eu\/index.php?rest_route=\/wp\/v2\/pages\/591","targetHints":{"allow":["GET"]}}],"collection":[{"href":"https:\/\/www.happysunday.eu\/index.php?rest_route=\/wp\/v2\/pages"}],"about":[{"href":"https:\/\/www.happysunday.eu\/index.php?rest_route=\/wp\/v2\/types\/page"}],"author":[{"embeddable":true,"href":"https:\/\/www.happysunday.eu\/index.php?rest_route=\/wp\/v2\/users\/1"}],"replies":[{"embeddable":true,"href":"https:\/\/www.happysunday.eu\/index.php?rest_route=%2Fwp%2Fv2%2Fcomments&post=591"}],"version-history":[{"count":1,"href":"https:\/\/www.happysunday.eu\/index.php?rest_route=\/wp\/v2\/pages\/591\/revisions"}],"predecessor-version":[{"id":593,"href":"https:\/\/www.happysunday.eu\/index.php?rest_route=\/wp\/v2\/pages\/591\/revisions\/593"}],"wp:attachment":[{"href":"https:\/\/www.happysunday.eu\/index.php?rest_route=%2Fwp%2Fv2%2Fmedia&parent=591"}],"curies":[{"name":"wp","href":"https:\/\/api.w.org\/{rel}","templated":true}]}}