{"id":1015,"date":"2021-02-05T09:14:48","date_gmt":"2021-02-05T09:14:48","guid":{"rendered":"https:\/\/www.happysunday.eu\/?post_type=product&#038;p=1015"},"modified":"2026-04-07T06:56:28","modified_gmt":"2026-04-07T06:56:28","slug":"radical-super-dark-oil-165ml","status":"publish","type":"product","link":"https:\/\/www.happysunday.eu\/?product=radical-super-dark-oil-165ml","title":{"rendered":"Radical Super Dark oil 165ml"},"content":{"rendered":"<div id=\"product-title\">\n<p><strong>Radical Super Dark oil<\/strong><\/p>\n<p>Divf\u0101\u017eu saus\u0101 melan\u012bna e\u013c\u013ca \u012bpa\u0161i rad\u012bta sejas un \u0137erme\u0146a\u00a0iesau\u013co\u0161anai. Augst\u0101 melan\u012bna koncentr\u0101cija \u00a0\u0161aj\u0101 el\u013c\u0101 nodro\u0161ina\u00a0tum\u0161a un notur\u012bga iedeguma veido\u0161anos. Piem\u0113rota visiem \u0101das tipiem. Melan\u012bns absorb\u0113\u00a0 ultravioletos starus un pasarg\u0101 m\u016bsu \u0137ermeni no kait\u012bg\u0101s apk\u0101rt\u0113j\u0101s vides iedarb\u012bbas. Super Dark sast\u0101v\u0101 eso\u0161\u0101s tropisk\u0101s e\u013c\u013cas un citas \u0101du kopjo\u0161\u0101s sast\u0101vda\u013cas padara \u0101du m\u012bkstu un elast\u012bgu. Ar melo\u0146u arom\u0101tu.<strong><em> Sau\u013cojoties ar Radical melan\u012bna e\u013c\u013cu, <\/em><\/strong>\u00a0ieg\u016bsi k\u0101rdino\u0161i br\u016bnu \u0161okol\u0101des to\u0146a \u0101du! <strong>Pielieto\u0161ana:<\/strong> Sakrat\u012bt pirms un lieto\u0161anas laik\u0101. Uzsmidzin\u0101t uz \u0137erme\u0146a pirms sau\u013co\u0161an\u0101s.<\/p>\n<\/div>\n","protected":false},"excerpt":{"rendered":"<p>Radical Super Dark oil Divf\u0101\u017eu saus\u0101 melan\u012bna e\u013c\u013ca \u012bpa\u0161i rad\u012bta sejas un \u0137erme\u0146a\u00a0iesau\u013co\u0161anai. Augst\u0101 melan\u012bna koncentr\u0101cija \u00a0\u0161aj\u0101 el\u013c\u0101 nodro\u0161ina\u00a0tum\u0161a un notur\u012bga iedeguma veido\u0161anos. Piem\u0113rota visiem \u0101das tipiem. Melan\u012bns absorb\u0113\u00a0 ultravioletos starus un pasarg\u0101 m\u016bsu \u0137ermeni no kait\u012bg\u0101s apk\u0101rt\u0113j\u0101s vides iedarb\u012bbas. Super Dark sast\u0101v\u0101 eso\u0161\u0101s tropisk\u0101s e\u013c\u013cas un citas \u0101du kopjo\u0161\u0101s sast\u0101vda\u013cas padara \u0101du m\u012bkstu un elast\u012bgu. Ar melo\u0146u arom\u0101tu. Sau\u013cojoties ar Radical melan\u012bna e\u013c\u013cu, \u00a0ieg\u016bsi k\u0101rdino\u0161i br\u016bnu \u0161okol\u0101des to\u0146a \u0101du! Pielieto\u0161ana: Sakrat\u012bt pirms un lieto\u0161anas laik\u0101. Uzsmidzin\u0101t uz \u0137erme\u0146a pirms sau\u013co\u0161an\u0101s.<\/p>\n","protected":false},"featured_media":1016,"template":"","meta":[],"product_brand":[],"product_cat":[34],"product_tag":[],"class_list":{"0":"post-1015","1":"product","2":"type-product","3":"status-publish","4":"has-post-thumbnail","6":"product_cat-kosmetika","8":"first","9":"instock","10":"shipping-taxable","11":"purchasable","12":"product-type-simple"},"_links":{"self":[{"href":"https:\/\/www.happysunday.eu\/index.php?rest_route=\/wp\/v2\/product\/1015","targetHints":{"allow":["GET"]}}],"collection":[{"href":"https:\/\/www.happysunday.eu\/index.php?rest_route=\/wp\/v2\/product"}],"about":[{"href":"https:\/\/www.happysunday.eu\/index.php?rest_route=\/wp\/v2\/types\/product"}],"wp:featuredmedia":[{"embeddable":true,"href":"https:\/\/www.happysunday.eu\/index.php?rest_route=\/wp\/v2\/media\/1016"}],"wp:attachment":[{"href":"https:\/\/www.happysunday.eu\/index.php?rest_route=%2Fwp%2Fv2%2Fmedia&parent=1015"}],"wp:term":[{"taxonomy":"product_brand","embeddable":true,"href":"https:\/\/www.happysunday.eu\/index.php?rest_route=%2Fwp%2Fv2%2Fproduct_brand&post=1015"},{"taxonomy":"product_cat","embeddable":true,"href":"https:\/\/www.happysunday.eu\/index.php?rest_route=%2Fwp%2Fv2%2Fproduct_cat&post=1015"},{"taxonomy":"product_tag","embeddable":true,"href":"https:\/\/www.happysunday.eu\/index.php?rest_route=%2Fwp%2Fv2%2Fproduct_tag&post=1015"}],"curies":[{"name":"wp","href":"https:\/\/api.w.org\/{rel}","templated":true}]}}