{"id":1068,"date":"2021-02-08T20:50:39","date_gmt":"2021-02-08T20:50:39","guid":{"rendered":"https:\/\/www.happysunday.eu\/?post_type=product&#038;p=1068"},"modified":"2026-04-07T06:56:27","modified_gmt":"2026-04-07T06:56:27","slug":"smart-anti-oiliness-500ml","status":"publish","type":"product","link":"https:\/\/www.happysunday.eu\/?product=smart-anti-oiliness-500ml","title":{"rendered":"\u0160AMP\u016aNS TAUKAINIEM MATIEM 500ml"},"content":{"rendered":"<div id=\"product-title\">\n<p>\u0160amp\u016bns taukainiem matiem<\/p>\n<p>Bag\u0101tin\u0101ts ar citrona un n\u0101tru ekstraktu, kam piem\u012bt antiseptiska un l\u012bdzsvarojo\u0161a iedarb\u012bba.<\/p>\n<p>Sp\u0113c\u012bgs \u0161amp\u016bns, kas c\u012bn\u0101s ar matu taukiem<\/p>\n<p>\u2666 Tas ir bag\u0101tin\u0101ts ar citrona un n\u0101tru ekstraktu, kam piem\u012bt antiseptiska un l\u012bdzsvarojo\u0161a iedarb\u012bba.<\/p>\n<p>\u2666 Efekt\u012bvi no\u0146em pies\u0101r\u0146ojuma un veido\u0161anas l\u012bdzek\u013cu atlikumus.<\/p>\n<p>\u2666 C\u012bn\u0101s pret sebuma sekr\u0113ciju no galvas \u0101das, k\u0101 rezult\u0101t\u0101 mati k\u013c\u016bst taukaini.<\/p>\n<p>\u2666 Pievieno galvas \u0101dai svaigu un atv\u0113sino\u0161u efektu, k\u0101 ar\u012b padara to vesel\u012bgu un netaukojo\u0161u uz daudz ilg\u0101ku laiku nek\u0101 parasti.<\/p>\n<p>\u2666 Parab\u0113nu nesaturo\u0161a formula.<\/p>\n<p>Lieto\u0161ana: Vienm\u0113r\u012bgi uzkl\u0101jiet uz galvas \u0101das un atst\u0101jiet uz 2-3, l\u012bdz tas ir aktiviz\u0113ts. Noskalojiet ar lielu daudzumu \u016bdens.<\/p>\n<p>&nbsp;<\/p>\n<\/div>\n","protected":false},"excerpt":{"rendered":"<p>\u0160amp\u016bns taukainiem matiem Bag\u0101tin\u0101ts ar citrona un n\u0101tru ekstraktu, kam piem\u012bt antiseptiska un l\u012bdzsvarojo\u0161a iedarb\u012bba. Sp\u0113c\u012bgs \u0161amp\u016bns, kas c\u012bn\u0101s ar matu taukiem \u2666 Tas ir bag\u0101tin\u0101ts ar citrona un n\u0101tru ekstraktu, kam piem\u012bt antiseptiska un l\u012bdzsvarojo\u0161a iedarb\u012bba. \u2666 Efekt\u012bvi no\u0146em pies\u0101r\u0146ojuma un veido\u0161anas l\u012bdzek\u013cu atlikumus. \u2666 C\u012bn\u0101s pret sebuma sekr\u0113ciju no galvas \u0101das, k\u0101 rezult\u0101t\u0101 mati k\u013c\u016bst taukaini. \u2666 Pievieno galvas \u0101dai svaigu un atv\u0113sino\u0161u efektu, k\u0101 ar\u012b padara to vesel\u012bgu un netaukojo\u0161u uz daudz ilg\u0101ku laiku nek\u0101 parasti. \u2666 Parab\u0113nu nesaturo\u0161a formula. Lieto\u0161ana: Vienm\u0113r\u012bgi uzkl\u0101jiet uz galvas \u0101das un&hellip;<\/p>\n","protected":false},"featured_media":1069,"template":"","meta":[],"product_brand":[],"product_cat":[69],"product_tag":[],"class_list":{"0":"post-1068","1":"product","2":"type-product","3":"status-publish","4":"has-post-thumbnail","6":"product_cat-matu-kopsana-2","8":"first","9":"instock","10":"shipping-taxable","11":"purchasable","12":"product-type-simple"},"_links":{"self":[{"href":"https:\/\/www.happysunday.eu\/index.php?rest_route=\/wp\/v2\/product\/1068","targetHints":{"allow":["GET"]}}],"collection":[{"href":"https:\/\/www.happysunday.eu\/index.php?rest_route=\/wp\/v2\/product"}],"about":[{"href":"https:\/\/www.happysunday.eu\/index.php?rest_route=\/wp\/v2\/types\/product"}],"wp:featuredmedia":[{"embeddable":true,"href":"https:\/\/www.happysunday.eu\/index.php?rest_route=\/wp\/v2\/media\/1069"}],"wp:attachment":[{"href":"https:\/\/www.happysunday.eu\/index.php?rest_route=%2Fwp%2Fv2%2Fmedia&parent=1068"}],"wp:term":[{"taxonomy":"product_brand","embeddable":true,"href":"https:\/\/www.happysunday.eu\/index.php?rest_route=%2Fwp%2Fv2%2Fproduct_brand&post=1068"},{"taxonomy":"product_cat","embeddable":true,"href":"https:\/\/www.happysunday.eu\/index.php?rest_route=%2Fwp%2Fv2%2Fproduct_cat&post=1068"},{"taxonomy":"product_tag","embeddable":true,"href":"https:\/\/www.happysunday.eu\/index.php?rest_route=%2Fwp%2Fv2%2Fproduct_tag&post=1068"}],"curies":[{"name":"wp","href":"https:\/\/api.w.org\/{rel}","templated":true}]}}