{"id":1106,"date":"2025-01-07T08:55:53","date_gmt":"2025-01-07T08:55:53","guid":{"rendered":"https:\/\/www.happysunday.eu\/?post_type=product&#038;p=1106"},"modified":"2026-04-07T07:06:32","modified_gmt":"2026-04-07T07:06:32","slug":"anti-wrinkles-day-cream-corrective-200ml","status":"publish","type":"product","link":"https:\/\/www.happysunday.eu\/?product=anti-wrinkles-day-cream-corrective-200ml","title":{"rendered":"SEJAS KR\u0112MS PRET GRUMB\u0100M AR CILMES \u0160\u016aN\u0100M 200ML"},"content":{"rendered":"<p>VERDEOASI STAMIN C Anti-Wrinkles* Day Cream Corrective 200ml<\/p>\n<p>Dienas kr\u0113ms ar SPF aizsardz\u012bbu ar augu cilmes \u0161\u016bn\u0101m.\u00a0Cilmes \u0161\u016bnu ekstrakts un antioksidanti pal\u0113lina to \u0161\u016bnu noveco\u0161anos, kas ir atbild\u012bgas par \u0101das atjauno\u0161anos. Efekt\u012bvi c\u012bn\u0101s pret br\u012bvajiem radik\u0101\u013ciem, kas pa\u0101trina \u0101das noveco\u0161an\u0101s procesu. Produktam piem\u012bt pretnoveco\u0161an\u0101s un \u0101das atjauno\u0161an\u0101s iedarb\u012bba. Stimul\u0113 fibroblastu funkcijas, t\u0101dej\u0101di nostiprinot \u0101das strukt\u016bru.<\/p>\n<p>Augstas efektivit\u0101tes formula, kas \u012bpa\u0161i izstr\u0101d\u0101ta, lai nov\u0113rstu un izlabotu jebk\u0101das \u0101das st\u0101vokli. Tas atbr\u012bvo \u0101du no stresa un noguruma paz\u012bm\u0113m, sniedzot t\u012bru labsaj\u016btu. Tas atst\u0101j \u0101du \u0101rk\u0101rt\u012bgi relaks\u0113tu, spilgtu, boratu un izgaismotu. Intens\u012bvi aktiviz\u0113 \u0101da\u015b jaun\u012bbas procesui.\u00a0Grumbas tiek izl\u012bdz\u012bn\u0101tas, un \u0101da k\u013c\u016bst tvirta, maiga un pul\u0113ta. Piem\u0113rots visiem \u0101das tipiem, pat \u013coti sausai, trauslai un nobriedu\u0161ai \u0101dai.<\/p>\n<p>Lieto\u0161ana: uzkl\u0101jiet vienu vai vair\u0101kas reizes uz perfekti att\u012br\u012btas sejas un kakla un dekolte.<\/p>\n<p>AUGU CILMES \u0160\u016aNAS: ieg\u016btas no reta \u0160veices \u0101bola, t\u0101s stimul\u0113 \u0101das cilmes \u0161\u016bnu receptorus, lai atjaunotu norm\u0101lus \u0101das procesus, izvairoties no priek\u0161laic\u012bgas \u0101das noveco\u0161an\u0101s, ko izraisa to pal\u0113nin\u0101jums. Rezult\u0101ts ir redzama pretgrumbu un atjaunojo\u0161a iedarb\u012bba.<br \/>\nE VITAM\u012aNA ACETATS: viela, ko raksturo sp\u0113c\u012bga antioksidanta aktivit\u0101te, kas neitraliz\u0113 br\u012bvos radik\u0101\u013cus un aizsarg\u0101 \u0101du no oksidat\u012bv\u0101 stresa, kas ir viens no galvenajiem \u0101das noveco\u0161anas izrais\u012bt\u0101jiem.<br \/>\nMACADAMIA BIO OIL: ecocert sertific\u0113ta biolo\u0123isk\u0101 e\u013c\u013ca, kas ieg\u016bta no makad\u0101mijas auga riekstiem. To raksturo lieliska \u0101das afinit\u0101te, un tai ir elastic\u0113jo\u0161a un antioksidanta iedarb\u012bba, kas ir noder\u012bga sausas \u0101das aizsardz\u012bbai.<\/p>\n<p>* Pier\u0101d\u012bta pretgrumbu darb\u012bba.<\/p>\n<p>Dermatolo\u0123iski p\u0101rbaud\u012bts.<\/p>\n","protected":false},"excerpt":{"rendered":"<p>VERDEOASI STAMIN C Anti-Wrinkles* Day Cream Corrective 200ml Dienas kr\u0113ms ar SPF aizsardz\u012bbu ar augu cilmes \u0161\u016bn\u0101m.\u00a0Cilmes \u0161\u016bnu ekstrakts un antioksidanti pal\u0113lina to \u0161\u016bnu noveco\u0161anos, kas ir atbild\u012bgas par \u0101das atjauno\u0161anos. Efekt\u012bvi c\u012bn\u0101s pret br\u012bvajiem radik\u0101\u013ciem, kas pa\u0101trina \u0101das noveco\u0161an\u0101s procesu. Produktam piem\u012bt pretnoveco\u0161an\u0101s un \u0101das atjauno\u0161an\u0101s iedarb\u012bba. Stimul\u0113 fibroblastu funkcijas, t\u0101dej\u0101di nostiprinot \u0101das strukt\u016bru. Augstas efektivit\u0101tes formula, kas \u012bpa\u0161i izstr\u0101d\u0101ta, lai nov\u0113rstu un izlabotu jebk\u0101das \u0101das st\u0101vokli. Tas atbr\u012bvo \u0101du no stresa un noguruma paz\u012bm\u0113m, sniedzot t\u012bru labsaj\u016btu. Tas atst\u0101j \u0101du \u0101rk\u0101rt\u012bgi relaks\u0113tu, spilgtu, boratu un izgaismotu. Intens\u012bvi aktiviz\u0113&hellip;<\/p>\n","protected":false},"featured_media":1104,"template":"","meta":[],"product_brand":[],"product_cat":[63],"product_tag":[],"class_list":{"0":"post-1106","1":"product","2":"type-product","3":"status-publish","4":"has-post-thumbnail","6":"product_cat-kosmetologija","8":"first","9":"instock","10":"shipping-taxable","11":"purchasable","12":"product-type-simple"},"_links":{"self":[{"href":"https:\/\/www.happysunday.eu\/index.php?rest_route=\/wp\/v2\/product\/1106","targetHints":{"allow":["GET"]}}],"collection":[{"href":"https:\/\/www.happysunday.eu\/index.php?rest_route=\/wp\/v2\/product"}],"about":[{"href":"https:\/\/www.happysunday.eu\/index.php?rest_route=\/wp\/v2\/types\/product"}],"wp:featuredmedia":[{"embeddable":true,"href":"https:\/\/www.happysunday.eu\/index.php?rest_route=\/wp\/v2\/media\/1104"}],"wp:attachment":[{"href":"https:\/\/www.happysunday.eu\/index.php?rest_route=%2Fwp%2Fv2%2Fmedia&parent=1106"}],"wp:term":[{"taxonomy":"product_brand","embeddable":true,"href":"https:\/\/www.happysunday.eu\/index.php?rest_route=%2Fwp%2Fv2%2Fproduct_brand&post=1106"},{"taxonomy":"product_cat","embeddable":true,"href":"https:\/\/www.happysunday.eu\/index.php?rest_route=%2Fwp%2Fv2%2Fproduct_cat&post=1106"},{"taxonomy":"product_tag","embeddable":true,"href":"https:\/\/www.happysunday.eu\/index.php?rest_route=%2Fwp%2Fv2%2Fproduct_tag&post=1106"}],"curies":[{"name":"wp","href":"https:\/\/api.w.org\/{rel}","templated":true}]}}