{"id":1151,"date":"2021-03-10T22:10:37","date_gmt":"2021-03-10T22:10:37","guid":{"rendered":"https:\/\/www.happysunday.eu\/?post_type=product&#038;p=1151"},"modified":"2026-04-07T06:56:54","modified_gmt":"2026-04-07T06:56:54","slug":"dr-kraut-moisturizing-cleansing-gel-500ml","status":"publish","type":"product","link":"https:\/\/www.happysunday.eu\/?product=dr-kraut-moisturizing-cleansing-gel-500ml","title":{"rendered":"SEJAS ATT\u012aRO\u0160S GELS AR J\u016aRAS KOLAG\u0112NU 500ml"},"content":{"rendered":"<div id=\"product-title\">\n<p>Dr. Kraut Moisturizing Cleansing Gel 500ml<\/p>\n<p>Svaigs un maigs gels, kas atbr\u012bvo \u0101du no net\u012brumiem, atst\u0101jot maigu ro\u017eu arom\u0101tu. Bag\u0101tin\u0101ts ar j\u016bras kolag\u0113nu, tas nodro\u0161ina mitrin\u0101\u0161anu, elast\u012bbu un svaigumu.<br \/>\n96,19% dab\u012bgs.<\/p>\n<p>Mitrino\u0161s t\u012br\u012b\u0161anas g\u0113ls paredz\u0113ts visu \u0101das tipu ikdienas t\u012br\u012b\u0161anai. Maigi no\u0146em kosm\u0113tikas atlikumus un net\u012brumus, nodro\u0161inot perfekti t\u012bru un smar\u017e\u012bgu \u0101du. T\u0101s smalk\u0101 formula, kas bag\u0101tin\u0101ta ar j\u016bras kolag\u0113nu, padara \u0101du maigu, mitrin\u0101tu un gatavu turpm\u0101k\u0101m proced\u016br\u0101m.<\/p>\n<p>Lieto\u0161ana: Izmantojiet Moisturizing Cleansing Gel k\u0101 savu skaistumkop\u0161anas rut\u012bnas pirmo soli vai p\u0113c dekorat\u012bv\u0101s kosm\u0113tikas no\u0146em\u0161anas ar \u012bpa\u0161u kosm\u0113tikas no\u0146em\u0161anas l\u012bdzekli.<br \/>\nSamitriniet sejas \u0101du un uzkl\u0101jiet l\u012bdzekli uz \u0101das virsmas.<br \/>\nViegli iemas\u0113jiet ar ap\u013cveida kust\u012bb\u0101m un r\u016bp\u012bgi noskalojiet ar siltu \u016bdeni.<\/p>\n<p>J\u016aRAS KOLAG\u0112NS: pateicoties iev\u0113rojamajai afinit\u0101tei ar cilv\u0113ka kolag\u0113na strukt\u016bru, j\u016bras kolag\u0113ns saist\u0101s ar \u0101das kerat\u012bna sl\u0101\u0146iem, saglab\u0101jot \u016bdens molekulas un pie\u0161\u0137irot \u0101das virsmai glud\u0101ku un glud\u0101ku.<br \/>\nPIENSK\u0100BE: alfahidroksisk\u0101bi izmanto k\u0101 dabisku pask\u0101bino\u0161u l\u012bdzekli, nov\u0113r\u0161 bakt\u0113riju att\u012bst\u012bbu uz \u0101das virsmas un regul\u0113 \u0101das hidrolip\u012bdu l\u012bdzsvaru. T\u0101s darb\u012bba \u013cauj pan\u0101kt \u0101das pH l\u012bdz optim\u0101laj\u0101m v\u0113rt\u012bb\u0101m, kas \u013cauj tai veikt dabisko aizsargfunkciju.<br \/>\nAUGU GLICER\u012aNS: ieg\u016bts no augu e\u013c\u013c\u0101m un taukiem, piem\u012bt m\u012bkstino\u0161as \u012bpa\u0161\u012bbas.<\/p>\n<p>Profesion\u0101l\u0101 kosm\u0113tika kosmetolo\u0123iskaj\u0101m proced\u016br\u0101m.<\/p>\n<\/div>\n","protected":false},"excerpt":{"rendered":"<p>Dr. Kraut Moisturizing Cleansing Gel 500ml Svaigs un maigs gels, kas atbr\u012bvo \u0101du no net\u012brumiem, atst\u0101jot maigu ro\u017eu arom\u0101tu. Bag\u0101tin\u0101ts ar j\u016bras kolag\u0113nu, tas nodro\u0161ina mitrin\u0101\u0161anu, elast\u012bbu un svaigumu. 96,19% dab\u012bgs. Mitrino\u0161s t\u012br\u012b\u0161anas g\u0113ls paredz\u0113ts visu \u0101das tipu ikdienas t\u012br\u012b\u0161anai. Maigi no\u0146em kosm\u0113tikas atlikumus un net\u012brumus, nodro\u0161inot perfekti t\u012bru un smar\u017e\u012bgu \u0101du. T\u0101s smalk\u0101 formula, kas bag\u0101tin\u0101ta ar j\u016bras kolag\u0113nu, padara \u0101du maigu, mitrin\u0101tu un gatavu turpm\u0101k\u0101m proced\u016br\u0101m. Lieto\u0161ana: Izmantojiet Moisturizing Cleansing Gel k\u0101 savu skaistumkop\u0161anas rut\u012bnas pirmo soli vai p\u0113c dekorat\u012bv\u0101s kosm\u0113tikas no\u0146em\u0161anas ar \u012bpa\u0161u kosm\u0113tikas no\u0146em\u0161anas l\u012bdzekli. Samitriniet&hellip;<\/p>\n","protected":false},"featured_media":736,"template":"","meta":[],"product_brand":[],"product_cat":[63],"product_tag":[],"class_list":{"0":"post-1151","1":"product","2":"type-product","3":"status-publish","4":"has-post-thumbnail","6":"product_cat-kosmetologija","8":"first","9":"instock","10":"shipping-taxable","11":"purchasable","12":"product-type-simple"},"_links":{"self":[{"href":"https:\/\/www.happysunday.eu\/index.php?rest_route=\/wp\/v2\/product\/1151","targetHints":{"allow":["GET"]}}],"collection":[{"href":"https:\/\/www.happysunday.eu\/index.php?rest_route=\/wp\/v2\/product"}],"about":[{"href":"https:\/\/www.happysunday.eu\/index.php?rest_route=\/wp\/v2\/types\/product"}],"wp:featuredmedia":[{"embeddable":true,"href":"https:\/\/www.happysunday.eu\/index.php?rest_route=\/wp\/v2\/media\/736"}],"wp:attachment":[{"href":"https:\/\/www.happysunday.eu\/index.php?rest_route=%2Fwp%2Fv2%2Fmedia&parent=1151"}],"wp:term":[{"taxonomy":"product_brand","embeddable":true,"href":"https:\/\/www.happysunday.eu\/index.php?rest_route=%2Fwp%2Fv2%2Fproduct_brand&post=1151"},{"taxonomy":"product_cat","embeddable":true,"href":"https:\/\/www.happysunday.eu\/index.php?rest_route=%2Fwp%2Fv2%2Fproduct_cat&post=1151"},{"taxonomy":"product_tag","embeddable":true,"href":"https:\/\/www.happysunday.eu\/index.php?rest_route=%2Fwp%2Fv2%2Fproduct_tag&post=1151"}],"curies":[{"name":"wp","href":"https:\/\/api.w.org\/{rel}","templated":true}]}}