{"id":1157,"date":"2021-03-10T22:38:23","date_gmt":"2021-03-10T22:38:23","guid":{"rendered":"https:\/\/www.happysunday.eu\/?post_type=product&#038;p=1157"},"modified":"2026-04-07T06:56:53","modified_gmt":"2026-04-07T06:56:53","slug":"verdeoasi-hydrating-serum-anti-fatigue-30ml","status":"publish","type":"product","link":"https:\/\/www.happysunday.eu\/?product=verdeoasi-hydrating-serum-anti-fatigue-30ml","title":{"rendered":"MITRINO\u0160S SEJAS SERUMS V\u012aRIE\u0160IEM 30ml"},"content":{"rendered":"<div id=\"product-title\">\n<p>VERDEOASI Hydrating Serum Anti-Fatigue 30ml<\/p>\n<p>Serums ar pl\u016bsto\u0161u un vieglu tekst\u016bru, kas izveidots ar funkcion\u0101l\u0101m sast\u0101vda\u013c\u0101m ar mitrino\u0161u un elast\u012bgu darb\u012bbu. Lieliski nomierina un m\u012bkstina \u0101du no raupjuma, kairin\u0101juma un aps\u0101rtuma, ko izraisa sk\u016b\u0161an\u0101s. P\u0113c uzkl\u0101\u0161anas \u0101da uzreiz izskat\u0101s svaig\u0101ka un katru dienu pal\u012bdz saglab\u0101t t\u0101s dabisko l\u012bdzsvaru.<\/p>\n<p>Mitrino\u0161s serums ir paredz\u0113ts gan jaunu, gan vec\u0101ka gadag\u0101juma v\u012brie\u0161u kop\u0161anai.<\/p>\n<p>Lieto\u0161ana: no r\u012bta un nakt\u012b uzkl\u0101jiet uz piln\u012bgi att\u012br\u012btas sejas un kakla, atsevi\u0161\u0137i vai pirms parast\u0101 kr\u0113ma.<\/p>\n<p>HIALURONSK\u0100BES AKT\u012aVAIS PREKURSORS: molekula, kas iedarbojas hialuronsk\u0101bes sint\u0113zes procesos, palielinot sara\u017eoto daudzumu. Tas nov\u0113r\u0161 \u0101das sausumu, pie\u0161\u0137irot \u0101dai gludumu un tvirtumu.<br \/>\nJ\u016aRAS KOLAG\u0112NS: dabiska j\u016bras izcelsmes sast\u0101vda\u013ca, kurai ir iev\u0113rojama afinit\u0101te ar cilv\u0113ka kolag\u0113na strukt\u016bru, pateicoties t\u0101s t\u012br\u012bbai. Tas pie\u0161\u0137ir \u0101dai glud\u0101ku un kupl\u0101ku izskatu.<br \/>\nMIKROELEMENTI: nepiecie\u0161ami biolo\u0123iskiem \u0161\u016bnu procesiem, sast\u0101v no cinka, vara, magnija un mang\u0101na. Tiem ir noz\u012bm\u012bga loma norm\u0101l\u0101 \u0101das atjauno\u0161an\u0101, un tie ir b\u016btiski, lai uztur\u0113tu ilgsto\u0161u mitrin\u0101\u0161anu.<\/p>\n<p>Dermatolo\u0123iski p\u0101rbaud\u012bts.<\/p>\n<p>Profesion\u0101l\u0101 kosm\u0113tika kosmetolo\u0123iskaj\u0101m proced\u016br\u0101m.<\/p>\n<\/div>\n","protected":false},"excerpt":{"rendered":"<p>VERDEOASI Hydrating Serum Anti-Fatigue 30ml Serums ar pl\u016bsto\u0161u un vieglu tekst\u016bru, kas izveidots ar funkcion\u0101l\u0101m sast\u0101vda\u013c\u0101m ar mitrino\u0161u un elast\u012bgu darb\u012bbu. Lieliski nomierina un m\u012bkstina \u0101du no raupjuma, kairin\u0101juma un aps\u0101rtuma, ko izraisa sk\u016b\u0161an\u0101s. P\u0113c uzkl\u0101\u0161anas \u0101da uzreiz izskat\u0101s svaig\u0101ka un katru dienu pal\u012bdz saglab\u0101t t\u0101s dabisko l\u012bdzsvaru. Mitrino\u0161s serums ir paredz\u0113ts gan jaunu, gan vec\u0101ka gadag\u0101juma v\u012brie\u0161u kop\u0161anai. Lieto\u0161ana: no r\u012bta un nakt\u012b uzkl\u0101jiet uz piln\u012bgi att\u012br\u012btas sejas un kakla, atsevi\u0161\u0137i vai pirms parast\u0101 kr\u0113ma. HIALURONSK\u0100BES AKT\u012aVAIS PREKURSORS: molekula, kas iedarbojas hialuronsk\u0101bes sint\u0113zes procesos, palielinot sara\u017eoto daudzumu. Tas nov\u0113r\u0161&hellip;<\/p>\n","protected":false},"featured_media":1159,"template":"","meta":[],"product_brand":[],"product_cat":[63],"product_tag":[],"class_list":{"0":"post-1157","1":"product","2":"type-product","3":"status-publish","4":"has-post-thumbnail","6":"product_cat-kosmetologija","8":"first","9":"instock","10":"shipping-taxable","11":"purchasable","12":"product-type-simple"},"_links":{"self":[{"href":"https:\/\/www.happysunday.eu\/index.php?rest_route=\/wp\/v2\/product\/1157","targetHints":{"allow":["GET"]}}],"collection":[{"href":"https:\/\/www.happysunday.eu\/index.php?rest_route=\/wp\/v2\/product"}],"about":[{"href":"https:\/\/www.happysunday.eu\/index.php?rest_route=\/wp\/v2\/types\/product"}],"wp:featuredmedia":[{"embeddable":true,"href":"https:\/\/www.happysunday.eu\/index.php?rest_route=\/wp\/v2\/media\/1159"}],"wp:attachment":[{"href":"https:\/\/www.happysunday.eu\/index.php?rest_route=%2Fwp%2Fv2%2Fmedia&parent=1157"}],"wp:term":[{"taxonomy":"product_brand","embeddable":true,"href":"https:\/\/www.happysunday.eu\/index.php?rest_route=%2Fwp%2Fv2%2Fproduct_brand&post=1157"},{"taxonomy":"product_cat","embeddable":true,"href":"https:\/\/www.happysunday.eu\/index.php?rest_route=%2Fwp%2Fv2%2Fproduct_cat&post=1157"},{"taxonomy":"product_tag","embeddable":true,"href":"https:\/\/www.happysunday.eu\/index.php?rest_route=%2Fwp%2Fv2%2Fproduct_tag&post=1157"}],"curies":[{"name":"wp","href":"https:\/\/api.w.org\/{rel}","templated":true}]}}