{"id":1202,"date":"2021-03-21T20:06:06","date_gmt":"2021-03-21T20:06:06","guid":{"rendered":"https:\/\/www.happysunday.eu\/?post_type=product&#038;p=1202"},"modified":"2026-04-08T16:31:10","modified_gmt":"2026-04-08T16:31:10","slug":"rigena-lifting-reconstructing-nourishing-conditioner-1000ml","status":"publish","type":"product","link":"https:\/\/www.happysunday.eu\/?product=rigena-lifting-reconstructing-nourishing-conditioner-1000ml","title":{"rendered":"RIGENA LIFTING MATU KONDICIONIERIS AR HIALURONSK\u0100BI- 1000ml"},"content":{"rendered":"<p>Rigena Lifting ir atjaunojo\u0161a proced\u016bra matiem, kas paredz\u0113ta, lai dzi\u013ci atjaunotu \u0137\u012bmisk\u0101s vai meh\u0101nisk\u0101s agresijas boj\u0101to matu \u0161\u0137iedru. Rigena liftings nostiprina matus un padara tos iztur\u012bg\u0101kus, viegl\u0101k \u0137emm\u0113jamus un m\u012bkstus, z\u012bdainus uz tausti.<\/p>\n<p>Barojo\u0161s kondicionieris matu rekonstrukcijai.<br \/>\nKondicionieris pret matu l\u016b\u0161anas efektu nov\u0101jin\u0101tiem, boj\u0101tiem vai \u0137imiski apstr\u0101d\u0101tiem matiem. Atdz\u012bvina matus, atst\u0101jot tos m\u012bkstus, un salabo matu galus. Uzlabo \u0137emm\u0113\u0161anu, mati paliek iztur\u012bg\u0101ki.<br \/>\nLieto\u0161ana: ide\u0101li piem\u0113rots ikdienas lieto\u0161anai. P\u0113c \u0161amp\u016bna vienm\u0113r\u012bgi uzkl\u0101jiet vis\u0101 matu garum\u0101 un matu galos. Atst\u0101jiet uz da\u017e\u0101m min\u016bt\u0113m, p\u0113c tam r\u016bp\u012bgi noskalojiet.<\/p>\n<p>Hialuronsk\u0101bes komplekss tr\u012bsdimensiju t\u012bkla izveido\u0161anai\u00a0matu iek\u0161pus\u0113, lai uzlabotu to iztur\u012bbu un elast\u012bbu, s\u012bdumu un apjomu.<br \/>\n\u2022 Hialuronsk\u0101bes molekulas ar augstu molekulmasu veido pl\u0113vi uz matiem, samazinot porain\u012bbu un neitraliz\u0113jot \u016bdens zudumu matu iek\u0161pus\u0113.<br \/>\n\u2022 Vid\u0113ja svara molekulas iek\u013c\u016bst matos, nov\u0113r\u0161ot boj\u0101jumus un nodro\u0161inot lielisku mitrin\u0101\u0161anu.<br \/>\n\u2022 \u012apa\u0161i maza svara hialuronsk\u0101bes molekulas\u00a0\u0101tri iek\u013c\u016bst dzi\u013c\u0101kajos sl\u0101\u0146os, mitrinot un p\u0101rstruktur\u0113jot matus no iek\u0161puses.<br \/>\n\u2022 Ka\u0161mira ekstrakts, kas pie\u0161\u0137ir maigumu un sp\u012bdumu matiem.\u00a0Galvenok\u0101rt izgatavots no kerat\u012bna ar \u013coti lielu l\u012bdz\u012bbu ar matu \u0161\u0137iedr\u0101m, tas salabo saisti starp aminosk\u0101bju strukt\u016br\u0101m, kas dod<br \/>\nmatu iztur\u012bbu. Tas veic atdz\u012bvino\u0161u darb\u012bbu, padarot matus\u00a0strukt\u016bru stipru un iztur\u012bg\u0101ku pret l\u016bzumiem, pat \u0137\u012bmisko un meh\u0101nisko iedar\u012bbas d\u0113\u013c.<\/p>\n","protected":false},"excerpt":{"rendered":"<p>Rigena Lifting ir atjaunojo\u0161a proced\u016bra matiem, kas paredz\u0113ta, lai dzi\u013ci atjaunotu \u0137\u012bmisk\u0101s vai meh\u0101nisk\u0101s agresijas boj\u0101to matu \u0161\u0137iedru. Rigena liftings nostiprina matus un padara tos iztur\u012bg\u0101kus, viegl\u0101k \u0137emm\u0113jamus un m\u012bkstus, z\u012bdainus uz tausti. Barojo\u0161s kondicionieris matu rekonstrukcijai. Kondicionieris pret matu l\u016b\u0161anas efektu nov\u0101jin\u0101tiem, boj\u0101tiem vai \u0137imiski apstr\u0101d\u0101tiem matiem. Atdz\u012bvina matus, atst\u0101jot tos m\u012bkstus, un salabo matu galus. Uzlabo \u0137emm\u0113\u0161anu, mati paliek iztur\u012bg\u0101ki. Lieto\u0161ana: ide\u0101li piem\u0113rots ikdienas lieto\u0161anai. P\u0113c \u0161amp\u016bna vienm\u0113r\u012bgi uzkl\u0101jiet vis\u0101 matu garum\u0101 un matu galos. Atst\u0101jiet uz da\u017e\u0101m min\u016bt\u0113m, p\u0113c tam r\u016bp\u012bgi noskalojiet. Hialuronsk\u0101bes komplekss tr\u012bsdimensiju t\u012bkla izveido\u0161anai\u00a0matu&hellip;<\/p>\n","protected":false},"featured_media":1203,"template":"","meta":[],"product_brand":[],"product_cat":[69],"product_tag":[],"class_list":{"0":"post-1202","1":"product","2":"type-product","3":"status-publish","4":"has-post-thumbnail","6":"product_cat-matu-kopsana-2","8":"first","9":"instock","10":"shipping-taxable","11":"purchasable","12":"product-type-simple"},"_links":{"self":[{"href":"https:\/\/www.happysunday.eu\/index.php?rest_route=\/wp\/v2\/product\/1202","targetHints":{"allow":["GET"]}}],"collection":[{"href":"https:\/\/www.happysunday.eu\/index.php?rest_route=\/wp\/v2\/product"}],"about":[{"href":"https:\/\/www.happysunday.eu\/index.php?rest_route=\/wp\/v2\/types\/product"}],"wp:featuredmedia":[{"embeddable":true,"href":"https:\/\/www.happysunday.eu\/index.php?rest_route=\/wp\/v2\/media\/1203"}],"wp:attachment":[{"href":"https:\/\/www.happysunday.eu\/index.php?rest_route=%2Fwp%2Fv2%2Fmedia&parent=1202"}],"wp:term":[{"taxonomy":"product_brand","embeddable":true,"href":"https:\/\/www.happysunday.eu\/index.php?rest_route=%2Fwp%2Fv2%2Fproduct_brand&post=1202"},{"taxonomy":"product_cat","embeddable":true,"href":"https:\/\/www.happysunday.eu\/index.php?rest_route=%2Fwp%2Fv2%2Fproduct_cat&post=1202"},{"taxonomy":"product_tag","embeddable":true,"href":"https:\/\/www.happysunday.eu\/index.php?rest_route=%2Fwp%2Fv2%2Fproduct_tag&post=1202"}],"curies":[{"name":"wp","href":"https:\/\/api.w.org\/{rel}","templated":true}]}}