{"id":1204,"date":"2021-03-21T20:14:21","date_gmt":"2021-03-21T20:14:21","guid":{"rendered":"https:\/\/www.happysunday.eu\/?post_type=product&#038;p=1204"},"modified":"2026-04-08T16:31:11","modified_gmt":"2026-04-08T16:31:11","slug":"rigena-lifting-reconstructing-intensive-mask-200ml","status":"publish","type":"product","link":"https:\/\/www.happysunday.eu\/?product=rigena-lifting-reconstructing-intensive-mask-200ml","title":{"rendered":"RIGENA LIFTING MATU MASKA AR HIALURONSK\u0100BI &#8211; 200ml"},"content":{"rendered":"<p>Rigena Lifting ir atjaunojo\u0161a proced\u016bra matiem, kas paredz\u0113ta, lai dzi\u013ci atjaunotu \u0137\u012bmisk\u0101s vai meh\u0101nisk\u0101s agresijas boj\u0101to matu \u0161\u0137iedru. Rigena liftings nostiprina matus un padara tos iztur\u012bg\u0101kus, viegl\u0101k \u0137emm\u0113jamus un m\u012bkstus, z\u012bdainus uz tausti.<\/p>\n<p>Intens\u012bv\u0101 maska matu rekonstrukcijai. Barojo\u0161a un intens\u012bvi atjaunojo\u0161a maska.<br \/>\n\u0160\u012b maska \u200b\u200batjauno matu \u0161\u0137iedras no iek\u0161puses, pal\u012bdzot atjaunot iztur\u012bbu un elast\u012bbu. Mati ir baroti un atdz\u012bvin\u0101ti.<br \/>\nLieto\u0161ana: uzkl\u0101t 1-2 reizes ned\u0113\u013c\u0101. Mas\u0113jiet visu matu garum\u0101 un galos.<br \/>\nAtst\u0101jiet uz 5 min\u016bt\u0113m un r\u016bp\u012bgi izskalojiet.<\/p>\n<p>Hialuronsk\u0101bes komplekss tr\u012bsdimensiju t\u012bkla izveido\u0161anai\u00a0matu iek\u0161pus\u0113, lai uzlabotu to iztur\u012bbu un elast\u012bbu, s\u012bdumu un apjomu.<br \/>\n\u2022 Hialuronsk\u0101bes molekulas ar augstu molekulmasu veido pl\u0113vi uz matiem, samazinot porain\u012bbu un neitraliz\u0113jot \u016bdens zudumu matu iek\u0161pus\u0113.<br \/>\n\u2022 Vid\u0113ja svara molekulas iek\u013c\u016bst matos, nov\u0113r\u0161ot boj\u0101jumus un nodro\u0161inot lielisku mitrin\u0101\u0161anu.<br \/>\n\u2022 \u012apa\u0161i maza svara hialuronsk\u0101bes molekulas\u00a0\u0101tri iek\u013c\u016bst dzi\u013c\u0101kajos sl\u0101\u0146os, mitrinot un p\u0101rstruktur\u0113jot matus no iek\u0161puses.<br \/>\n\u2022 Ka\u0161mira ekstrakts, kas pie\u0161\u0137ir maigumu un sp\u012bdumu matiem.\u00a0Galvenok\u0101rt izgatavots no kerat\u012bna ar \u013coti lielu l\u012bdz\u012bbu ar matu \u0161\u0137iedr\u0101m, tas salabo saisti starp aminosk\u0101bju strukt\u016br\u0101m, kas dod<br \/>\nmatu iztur\u012bbu. Tas veic atdz\u012bvino\u0161u darb\u012bbu, padarot matus\u00a0strukt\u016bru stipru un iztur\u012bg\u0101ku pret l\u016bzumiem, pat \u0137\u012bmisko un meh\u0101nisko iedar\u012bbas d\u0113\u013c.<\/p>\n","protected":false},"excerpt":{"rendered":"<p>Rigena Lifting ir atjaunojo\u0161a proced\u016bra matiem, kas paredz\u0113ta, lai dzi\u013ci atjaunotu \u0137\u012bmisk\u0101s vai meh\u0101nisk\u0101s agresijas boj\u0101to matu \u0161\u0137iedru. Rigena liftings nostiprina matus un padara tos iztur\u012bg\u0101kus, viegl\u0101k \u0137emm\u0113jamus un m\u012bkstus, z\u012bdainus uz tausti. Intens\u012bv\u0101 maska matu rekonstrukcijai. Barojo\u0161a un intens\u012bvi atjaunojo\u0161a maska. \u0160\u012b maska \u200b\u200batjauno matu \u0161\u0137iedras no iek\u0161puses, pal\u012bdzot atjaunot iztur\u012bbu un elast\u012bbu. Mati ir baroti un atdz\u012bvin\u0101ti. Lieto\u0161ana: uzkl\u0101t 1-2 reizes ned\u0113\u013c\u0101. Mas\u0113jiet visu matu garum\u0101 un galos. Atst\u0101jiet uz 5 min\u016bt\u0113m un r\u016bp\u012bgi izskalojiet. Hialuronsk\u0101bes komplekss tr\u012bsdimensiju t\u012bkla izveido\u0161anai\u00a0matu iek\u0161pus\u0113, lai uzlabotu to iztur\u012bbu un elast\u012bbu, s\u012bdumu&hellip;<\/p>\n","protected":false},"featured_media":1205,"template":"","meta":[],"product_brand":[],"product_cat":[69],"product_tag":[],"class_list":{"0":"post-1204","1":"product","2":"type-product","3":"status-publish","4":"has-post-thumbnail","6":"product_cat-matu-kopsana-2","8":"first","9":"instock","10":"shipping-taxable","11":"purchasable","12":"product-type-simple"},"_links":{"self":[{"href":"https:\/\/www.happysunday.eu\/index.php?rest_route=\/wp\/v2\/product\/1204","targetHints":{"allow":["GET"]}}],"collection":[{"href":"https:\/\/www.happysunday.eu\/index.php?rest_route=\/wp\/v2\/product"}],"about":[{"href":"https:\/\/www.happysunday.eu\/index.php?rest_route=\/wp\/v2\/types\/product"}],"wp:featuredmedia":[{"embeddable":true,"href":"https:\/\/www.happysunday.eu\/index.php?rest_route=\/wp\/v2\/media\/1205"}],"wp:attachment":[{"href":"https:\/\/www.happysunday.eu\/index.php?rest_route=%2Fwp%2Fv2%2Fmedia&parent=1204"}],"wp:term":[{"taxonomy":"product_brand","embeddable":true,"href":"https:\/\/www.happysunday.eu\/index.php?rest_route=%2Fwp%2Fv2%2Fproduct_brand&post=1204"},{"taxonomy":"product_cat","embeddable":true,"href":"https:\/\/www.happysunday.eu\/index.php?rest_route=%2Fwp%2Fv2%2Fproduct_cat&post=1204"},{"taxonomy":"product_tag","embeddable":true,"href":"https:\/\/www.happysunday.eu\/index.php?rest_route=%2Fwp%2Fv2%2Fproduct_tag&post=1204"}],"curies":[{"name":"wp","href":"https:\/\/api.w.org\/{rel}","templated":true}]}}