{"id":1273,"date":"2021-03-23T15:32:02","date_gmt":"2021-03-23T15:32:02","guid":{"rendered":"https:\/\/www.happysunday.eu\/?post_type=product&#038;p=1273"},"modified":"2026-04-07T06:57:22","modified_gmt":"2026-04-07T06:57:22","slug":"after-keratin-botox-conditioner-500ml","status":"publish","type":"product","link":"https:\/\/www.happysunday.eu\/?product=after-keratin-botox-conditioner-500ml","title":{"rendered":"MATU KONDICIONIERIS P\u0112C BOTOX UN KERAT\u012aNA PROCED\u016aRAS 500ml"},"content":{"rendered":"<p>Profesion\u0101ls matu balzams bez SLS ar kolag\u0113nu un kerat\u012bnu. Ide\u0101la matiem p\u0113c botoksa proced\u016bra, kas ar\u012b saglab\u0101 matus gludus un taisnus daudz ilg\u0101k p\u0113c kerat\u012bna taisno\u0161an\u0101s proced\u016bras.<\/p>\n<p>Ide\u0101li piem\u0113rots visiem matu tipiem.<\/p>\n<p>Padoms: Izmantojiet \u0161amp\u016bnu kop\u0101 ar balzamu dzi\u013cai mitrin\u0101\u0161anai un ilgsto\u0161iem arom\u0101tiskiem matiem!<\/p>\n","protected":false},"excerpt":{"rendered":"<p>Profesion\u0101ls matu balzams bez SLS ar kolag\u0113nu un kerat\u012bnu. Ide\u0101la matiem p\u0113c botoksa proced\u016bra, kas ar\u012b saglab\u0101 matus gludus un taisnus daudz ilg\u0101k p\u0113c kerat\u012bna taisno\u0161an\u0101s proced\u016bras. Ide\u0101li piem\u0113rots visiem matu tipiem. Padoms: Izmantojiet \u0161amp\u016bnu kop\u0101 ar balzamu dzi\u013cai mitrin\u0101\u0161anai un ilgsto\u0161iem arom\u0101tiskiem matiem!<\/p>\n","protected":false},"featured_media":1274,"template":"","meta":[],"product_brand":[],"product_cat":[33,69,58],"product_tag":[],"class_list":{"0":"post-1273","1":"product","2":"type-product","3":"status-publish","4":"has-post-thumbnail","6":"product_cat-uncategorized","7":"product_cat-matu-kopsana-2","8":"product_cat-super-sale","10":"first","11":"instock","12":"shipping-taxable","13":"purchasable","14":"product-type-simple"},"_links":{"self":[{"href":"https:\/\/www.happysunday.eu\/index.php?rest_route=\/wp\/v2\/product\/1273","targetHints":{"allow":["GET"]}}],"collection":[{"href":"https:\/\/www.happysunday.eu\/index.php?rest_route=\/wp\/v2\/product"}],"about":[{"href":"https:\/\/www.happysunday.eu\/index.php?rest_route=\/wp\/v2\/types\/product"}],"wp:featuredmedia":[{"embeddable":true,"href":"https:\/\/www.happysunday.eu\/index.php?rest_route=\/wp\/v2\/media\/1274"}],"wp:attachment":[{"href":"https:\/\/www.happysunday.eu\/index.php?rest_route=%2Fwp%2Fv2%2Fmedia&parent=1273"}],"wp:term":[{"taxonomy":"product_brand","embeddable":true,"href":"https:\/\/www.happysunday.eu\/index.php?rest_route=%2Fwp%2Fv2%2Fproduct_brand&post=1273"},{"taxonomy":"product_cat","embeddable":true,"href":"https:\/\/www.happysunday.eu\/index.php?rest_route=%2Fwp%2Fv2%2Fproduct_cat&post=1273"},{"taxonomy":"product_tag","embeddable":true,"href":"https:\/\/www.happysunday.eu\/index.php?rest_route=%2Fwp%2Fv2%2Fproduct_tag&post=1273"}],"curies":[{"name":"wp","href":"https:\/\/api.w.org\/{rel}","templated":true}]}}