{"id":1395,"date":"2021-04-04T14:00:38","date_gmt":"2021-04-04T14:00:38","guid":{"rendered":"https:\/\/www.happysunday.eu\/?post_type=product&#038;p=1395"},"modified":"2026-04-07T06:57:21","modified_gmt":"2026-04-07T06:57:21","slug":"dott-solari-rigena-lifting-r-power-laminating-treatment-500ml","status":"publish","type":"product","link":"https:\/\/www.happysunday.eu\/?product=dott-solari-rigena-lifting-r-power-laminating-treatment-500ml","title":{"rendered":"RIGENA LIFTING MATU INTENS\u012aV\u0100 TERAPIJA AR HIALURONSK\u0100BI 500ml"},"content":{"rendered":"<p>Rigena Lifting ir atjaunojo\u0161a proced\u016bra matiem, kas paredz\u0113ta, lai dzi\u013ci atjaunotu \u0137\u012bmisk\u0101s vai meh\u0101nisk\u0101s agresijas boj\u0101to matu \u0161\u0137iedru. Rigena liftings nostiprina matus un padara tos iztur\u012bg\u0101kus, viegl\u0101k \u0137emm\u0113jamus un m\u012bkstus, z\u012bdainus uz tausti.<\/p>\n<p>Sl\u0101\u0146veida matu rekonstrukcija R-ROWER ir glikola, \u0101rstniecisko l\u012bdzek\u013cu un koncentr\u0113tas hialuronsk\u0101bes kombin\u0101cija. Emulsija, saskaroties ar mitriem matiem, tiek aktiviz\u0113ta, rekonstru\u0113 \u0161\u0137iedras un izl\u012bdzina matu virsmu. Piem\u0113rots \u0137\u012bmisk\u0101s un \u0101r\u0113j\u0101s ietekmes boj\u0101tiem matiem. Mati k\u013c\u016bst bl\u012bvi, sp\u012bd\u012bgi, m\u012bksti un mitrin\u0101ti un ko\u0161i.<\/p>\n<p>Lieto\u0161ana: izmazg\u0101jiet matus ar \u0161amp\u016bnu, nosusiniet ar dvieli. Izmantojot dozatora uzgali, vienm\u0113r\u012bgi sadaliet R-POWER l\u012bdzekli matu galos un garum\u0101, pa \u0161\u0137ipsnai, no 20 l\u012bdz 40 ml atkar\u012bb\u0101 no matu garuma. Lai atvieglotu iek\u013c\u016b\u0161anu matu strukt\u016br\u0101, emul\u0123\u0113jiet bez notur\u0113\u0161anas laika, noskalojiet ar \u016bdeni, nosusiniet ar dvieli un p\u0101rejiet pie n\u0101kam\u0101s proced\u016bras darb\u012bbas. Tikai profesion\u0101lai lieto\u0161anai.<\/p>\n<p>Rezult\u0101t\u0101 ir spilgtums un maigums, un mati izskat\u012bsies piepild\u012bti un atjaunoti. Mati izskat\u012bsies veseli, pak\u013c\u0101v\u012bgi \u0137emmei, m\u012bksti un viegli. Rigena lifting R-power lamin\u0113to apstr\u0101di var izmantot p\u0113c mazg\u0101\u0161anas ar \u0161amp\u016bnu pirms ieveido\u0161anas, lai \u0101tri veiktu ve\u013cas mazg\u0101\u0161anu, vai ar\u012b to var integr\u0113t profesion\u0101l\u0101s Rigena liftinga proced\u016br\u0101s.<\/p>\n<p>Hialuronsk\u0101bes komplekss tr\u012bsdimensiju t\u012bkla izveido\u0161anai\u00a0matu iek\u0161pus\u0113, lai uzlabotu to iztur\u012bbu un elast\u012bbu, s\u012bdumu un apjomu.<br \/>\n\u2022 Hialuronsk\u0101bes molekulas ar augstu molekulmasu veido pl\u0113vi uz matiem, samazinot porain\u012bbu un neitraliz\u0113jot \u016bdens zudumu matu iek\u0161pus\u0113.<br \/>\n\u2022 Vid\u0113ja svara molekulas iek\u013c\u016bst matos, nov\u0113r\u0161ot boj\u0101jumus un nodro\u0161inot lielisku mitrin\u0101\u0161anu.<br \/>\n\u2022 \u012apa\u0161i maza svara hialuronsk\u0101bes molekulas\u00a0\u0101tri iek\u013c\u016bst dzi\u013c\u0101kajos sl\u0101\u0146os, mitrinot un p\u0101rstruktur\u0113jot matus no iek\u0161puses.<br \/>\n\u2022 Ka\u0161mira ekstrakts, kas pie\u0161\u0137ir maigumu un sp\u012bdumu matiem.\u00a0Galvenok\u0101rt izgatavots no kerat\u012bna ar \u013coti lielu l\u012bdz\u012bbu ar matu \u0161\u0137iedr\u0101m, tas salabo saisti starp aminosk\u0101bju strukt\u016br\u0101m, kas dod<br \/>\nmatu iztur\u012bbu. Tas veic atdz\u012bvino\u0161u darb\u012bbu, padarot matus\u00a0strukt\u016bru stipru un iztur\u012bg\u0101ku pret l\u016bzumiem, pat \u0137\u012bmisko un meh\u0101nisko iedar\u012bbas d\u0113\u013c.<\/p>\n","protected":false},"excerpt":{"rendered":"<p>Rigena Lifting ir atjaunojo\u0161a proced\u016bra matiem, kas paredz\u0113ta, lai dzi\u013ci atjaunotu \u0137\u012bmisk\u0101s vai meh\u0101nisk\u0101s agresijas boj\u0101to matu \u0161\u0137iedru. Rigena liftings nostiprina matus un padara tos iztur\u012bg\u0101kus, viegl\u0101k \u0137emm\u0113jamus un m\u012bkstus, z\u012bdainus uz tausti. Sl\u0101\u0146veida matu rekonstrukcija R-ROWER ir glikola, \u0101rstniecisko l\u012bdzek\u013cu un koncentr\u0113tas hialuronsk\u0101bes kombin\u0101cija. Emulsija, saskaroties ar mitriem matiem, tiek aktiviz\u0113ta, rekonstru\u0113 \u0161\u0137iedras un izl\u012bdzina matu virsmu. Piem\u0113rots \u0137\u012bmisk\u0101s un \u0101r\u0113j\u0101s ietekmes boj\u0101tiem matiem. Mati k\u013c\u016bst bl\u012bvi, sp\u012bd\u012bgi, m\u012bksti un mitrin\u0101ti un ko\u0161i. Lieto\u0161ana: izmazg\u0101jiet matus ar \u0161amp\u016bnu, nosusiniet ar dvieli. Izmantojot dozatora uzgali, vienm\u0113r\u012bgi sadaliet R-POWER l\u012bdzekli matu&hellip;<\/p>\n","protected":false},"featured_media":1396,"template":"","meta":[],"product_brand":[],"product_cat":[33,69],"product_tag":[],"class_list":{"0":"post-1395","1":"product","2":"type-product","3":"status-publish","4":"has-post-thumbnail","6":"product_cat-uncategorized","7":"product_cat-matu-kopsana-2","9":"first","10":"instock","11":"shipping-taxable","12":"purchasable","13":"product-type-simple"},"_links":{"self":[{"href":"https:\/\/www.happysunday.eu\/index.php?rest_route=\/wp\/v2\/product\/1395","targetHints":{"allow":["GET"]}}],"collection":[{"href":"https:\/\/www.happysunday.eu\/index.php?rest_route=\/wp\/v2\/product"}],"about":[{"href":"https:\/\/www.happysunday.eu\/index.php?rest_route=\/wp\/v2\/types\/product"}],"wp:featuredmedia":[{"embeddable":true,"href":"https:\/\/www.happysunday.eu\/index.php?rest_route=\/wp\/v2\/media\/1396"}],"wp:attachment":[{"href":"https:\/\/www.happysunday.eu\/index.php?rest_route=%2Fwp%2Fv2%2Fmedia&parent=1395"}],"wp:term":[{"taxonomy":"product_brand","embeddable":true,"href":"https:\/\/www.happysunday.eu\/index.php?rest_route=%2Fwp%2Fv2%2Fproduct_brand&post=1395"},{"taxonomy":"product_cat","embeddable":true,"href":"https:\/\/www.happysunday.eu\/index.php?rest_route=%2Fwp%2Fv2%2Fproduct_cat&post=1395"},{"taxonomy":"product_tag","embeddable":true,"href":"https:\/\/www.happysunday.eu\/index.php?rest_route=%2Fwp%2Fv2%2Fproduct_tag&post=1395"}],"curies":[{"name":"wp","href":"https:\/\/api.w.org\/{rel}","templated":true}]}}