{"id":1433,"date":"2021-04-15T20:24:41","date_gmt":"2021-04-15T20:24:41","guid":{"rendered":"https:\/\/www.happysunday.eu\/?post_type=product&#038;p=1433"},"modified":"2026-04-07T06:57:21","modified_gmt":"2026-04-07T06:57:21","slug":"silver-komplekts","status":"publish","type":"product","link":"https:\/\/www.happysunday.eu\/?product=silver-komplekts","title":{"rendered":"SILVER \u0160AMP\u016aNS + MASKA KOMPLEKTS"},"content":{"rendered":"<p>\u0160amp\u016bns 1000ml + Maksa 1000ml<\/p>\n<p>\u0160amp\u016bns un Maska profesion\u0101lai lieto\u0161anai, kas no\u0146em nev\u0113lamo dzelteno matu toni, kas radies matu balin\u0101\u0161anas, \u0161\u0137ipsnu balin\u0101\u0161anas vai saules kait\u012bg\u0101s ietekmes rezult\u0101t\u0101.<\/p>\n<p>Formula bez parab\u0113niem un silikona.<\/p>\n<p>Ide\u0101li piem\u0113rots balin\u0101tiem blondiem matiem.<\/p>\n<p>Padoms: Izmantojiet \u0161amp\u016bnu ar masku dzi\u013cai mitrin\u0101\u0161anai un ilgsto\u0161iem arom\u0101tiskiem matiem!<\/p>\n","protected":false},"excerpt":{"rendered":"<p>\u0160amp\u016bns 1000ml + Maksa 1000ml \u0160amp\u016bns un Maska profesion\u0101lai lieto\u0161anai, kas no\u0146em nev\u0113lamo dzelteno matu toni, kas radies matu balin\u0101\u0161anas, \u0161\u0137ipsnu balin\u0101\u0161anas vai saules kait\u012bg\u0101s ietekmes rezult\u0101t\u0101. Formula bez parab\u0113niem un silikona. Ide\u0101li piem\u0113rots balin\u0101tiem blondiem matiem. Padoms: Izmantojiet \u0161amp\u016bnu ar masku dzi\u013cai mitrin\u0101\u0161anai un ilgsto\u0161iem arom\u0101tiskiem matiem!<\/p>\n","protected":false},"featured_media":2838,"template":"","meta":[],"product_brand":[],"product_cat":[69],"product_tag":[],"class_list":{"0":"post-1433","1":"product","2":"type-product","3":"status-publish","4":"has-post-thumbnail","6":"product_cat-matu-kopsana-2","8":"first","9":"instock","10":"shipping-taxable","11":"purchasable","12":"product-type-simple"},"_links":{"self":[{"href":"https:\/\/www.happysunday.eu\/index.php?rest_route=\/wp\/v2\/product\/1433","targetHints":{"allow":["GET"]}}],"collection":[{"href":"https:\/\/www.happysunday.eu\/index.php?rest_route=\/wp\/v2\/product"}],"about":[{"href":"https:\/\/www.happysunday.eu\/index.php?rest_route=\/wp\/v2\/types\/product"}],"wp:featuredmedia":[{"embeddable":true,"href":"https:\/\/www.happysunday.eu\/index.php?rest_route=\/wp\/v2\/media\/2838"}],"wp:attachment":[{"href":"https:\/\/www.happysunday.eu\/index.php?rest_route=%2Fwp%2Fv2%2Fmedia&parent=1433"}],"wp:term":[{"taxonomy":"product_brand","embeddable":true,"href":"https:\/\/www.happysunday.eu\/index.php?rest_route=%2Fwp%2Fv2%2Fproduct_brand&post=1433"},{"taxonomy":"product_cat","embeddable":true,"href":"https:\/\/www.happysunday.eu\/index.php?rest_route=%2Fwp%2Fv2%2Fproduct_cat&post=1433"},{"taxonomy":"product_tag","embeddable":true,"href":"https:\/\/www.happysunday.eu\/index.php?rest_route=%2Fwp%2Fv2%2Fproduct_tag&post=1433"}],"curies":[{"name":"wp","href":"https:\/\/api.w.org\/{rel}","templated":true}]}}