{"id":1609,"date":"2021-06-13T16:39:23","date_gmt":"2021-06-13T16:39:23","guid":{"rendered":"https:\/\/www.happysunday.eu\/?post_type=product&#038;p=1609"},"modified":"2026-04-07T06:57:20","modified_gmt":"2026-04-07T06:57:20","slug":"phitocomplex-komplekts-pret-matu-izskrisanu","status":"publish","type":"product","link":"https:\/\/www.happysunday.eu\/?product=phitocomplex-komplekts-pret-matu-izskrisanu","title":{"rendered":"Phitocomplex \u0101rstnieciskais komplekts pret matu izskri\u0161anu"},"content":{"rendered":"<p>Matu kop\u0161anas l\u012bdzeklis veicina jaunu matu aug\u0161anu, stiprina tos un vienlaikus regul\u0113 eso\u0161o matu izkri\u0161anu. Lai j\u016bs atkal iepriecina skaisti un biezi mati!<\/p>\n<p>Komplektu veido \u0101rstnieciskais \u0161amp\u016bns un \u0101rstiecisk\u0101s ampulas (ar mentolu) pret matu izkri\u0161anai. Augu izcelsmes produkti. \u00a0Kompleks\u0101 \u0161amp\u016bns 250ml + 12gb \u0101rstniecisk\u0101s ampulas.<br \/>\nNoder\u012bgs komplekts, kas nov\u0113r\u0161 matu izkri\u0161anu un c\u012bn\u0101s pret to.<\/p>\n<p>\u2666 Komplektu veido \u0161amp\u016bns un \u0101rstiecisk\u0101s ampulas (ar mentolu).<\/p>\n<p>\u2666 Ietver augu sast\u0101vda\u013cu Redensyl, kurai piem\u012bt izcilas \u012bpa\u0161\u012bbas pret matu izkri\u0161anu un kas stimul\u0113 matu aug\u0161anu2x \u0101tr\u0101k.<\/p>\n<p>\u2666 Redensyl stimul\u0113 matu aug\u0161anu un iedarbojas tie\u0161i uz matu folikulu cilmes \u0161\u016bn\u0101m.<\/p>\n<p>\u2666 Taj\u0101 eso\u0161ie uzturvielu prote\u012bni pie\u0161\u0137ir matu apjomu.<\/p>\n<p>\u2714Produkti ir augu izcelsmes un nesatur parab\u0113nus.<\/p>\n","protected":false},"excerpt":{"rendered":"<p>Matu kop\u0161anas l\u012bdzeklis veicina jaunu matu aug\u0161anu, stiprina tos un vienlaikus regul\u0113 eso\u0161o matu izkri\u0161anu. Lai j\u016bs atkal iepriecina skaisti un biezi mati! Komplektu veido \u0101rstnieciskais \u0161amp\u016bns un \u0101rstiecisk\u0101s ampulas (ar mentolu) pret matu izkri\u0161anai. Augu izcelsmes produkti. \u00a0Kompleks\u0101 \u0161amp\u016bns 250ml + 12gb \u0101rstniecisk\u0101s ampulas. Noder\u012bgs komplekts, kas nov\u0113r\u0161 matu izkri\u0161anu un c\u012bn\u0101s pret to. \u2666 Komplektu veido \u0161amp\u016bns un \u0101rstiecisk\u0101s ampulas (ar mentolu). \u2666 Ietver augu sast\u0101vda\u013cu Redensyl, kurai piem\u012bt izcilas \u012bpa\u0161\u012bbas pret matu izkri\u0161anu un kas stimul\u0113 matu aug\u0161anu2x \u0101tr\u0101k. \u2666 Redensyl stimul\u0113 matu aug\u0161anu un iedarbojas tie\u0161i&hellip;<\/p>\n","protected":false},"featured_media":1602,"template":"","meta":[],"product_brand":[],"product_cat":[71,33,69],"product_tag":[],"class_list":{"0":"post-1609","1":"product","2":"type-product","3":"status-publish","4":"has-post-thumbnail","6":"product_cat-davanas","7":"product_cat-uncategorized","8":"product_cat-matu-kopsana-2","10":"first","11":"instock","12":"shipping-taxable","13":"purchasable","14":"product-type-simple"},"_links":{"self":[{"href":"https:\/\/www.happysunday.eu\/index.php?rest_route=\/wp\/v2\/product\/1609","targetHints":{"allow":["GET"]}}],"collection":[{"href":"https:\/\/www.happysunday.eu\/index.php?rest_route=\/wp\/v2\/product"}],"about":[{"href":"https:\/\/www.happysunday.eu\/index.php?rest_route=\/wp\/v2\/types\/product"}],"wp:featuredmedia":[{"embeddable":true,"href":"https:\/\/www.happysunday.eu\/index.php?rest_route=\/wp\/v2\/media\/1602"}],"wp:attachment":[{"href":"https:\/\/www.happysunday.eu\/index.php?rest_route=%2Fwp%2Fv2%2Fmedia&parent=1609"}],"wp:term":[{"taxonomy":"product_brand","embeddable":true,"href":"https:\/\/www.happysunday.eu\/index.php?rest_route=%2Fwp%2Fv2%2Fproduct_brand&post=1609"},{"taxonomy":"product_cat","embeddable":true,"href":"https:\/\/www.happysunday.eu\/index.php?rest_route=%2Fwp%2Fv2%2Fproduct_cat&post=1609"},{"taxonomy":"product_tag","embeddable":true,"href":"https:\/\/www.happysunday.eu\/index.php?rest_route=%2Fwp%2Fv2%2Fproduct_tag&post=1609"}],"curies":[{"name":"wp","href":"https:\/\/api.w.org\/{rel}","templated":true}]}}