{"id":1611,"date":"2021-06-13T16:54:47","date_gmt":"2021-06-13T16:54:47","guid":{"rendered":"https:\/\/www.happysunday.eu\/?post_type=product&#038;p=1611"},"modified":"2026-04-07T06:57:20","modified_gmt":"2026-04-07T06:57:20","slug":"glam-discipline-maska-cirtainiem-matiem-175ml","status":"publish","type":"product","link":"https:\/\/www.happysunday.eu\/?product=glam-discipline-maska-cirtainiem-matiem-175ml","title":{"rendered":"Glam Discipline maska cirtainiem matiem &#8211; 175ml"},"content":{"rendered":"<p>Maska cirtainiem matiem.<br \/>\nFormula, kas bag\u0101tin\u0101ta ar Moringa e\u013c\u013cu un ingveru, pie\u0161\u0137ir matiem maigumu un bar\u012bbu, nenosverot tos. Tas kontrol\u0113 frizzy efektu un pal\u012bdz nov\u0113rst sadal\u012btos galus. Maska mitrina un atjauno cirtaino matu strukt\u016bru, pie\u0161\u0137irot vitalit\u0101ti.<br \/>\n\u2666 Bag\u0101tin\u0101ta formula ar Moringa e\u013c\u013cu un ingveru, kas pie\u0161\u0137ir matiem maigumu un bar\u012bbu, neatst\u0101jot tos smagus.<\/p>\n<p>\u2666 Nov\u0113r\u0161 frizinga efektu un sadal\u012btos galus.<\/p>\n<p>\u2666 Mitrina un atjauno matu strukt\u016bru, padarot tos spilgtus.<\/p>\n<p>\u2666 Ide\u0101li, lai papla\u0161in\u0101tu stilu p\u0113c ilgvi\u013c\u0146iem.<\/p>\n<p>\u2666 Parab\u0113nu nesaturo\u0161a formula.<\/p>\n<p>Izmantojiet:<\/p>\n<p>Boj\u0101tiem matiem: atst\u0101jiet uz mitriem matiem 10 min\u016btes, p\u0113c tam noskalojiet.<br \/>\nIkdienas lieto\u0161anai: uzkl\u0101jiet uz mitriem matiem un p\u0113c da\u017e\u0101m min\u016bt\u0113m noskalojiet.<\/p>\n<p>Padoms: Izmantojiet Glam Discipline Mask cirtainos matus kop\u0101 ar Glam Discipline \u0161amp\u016bnu un kr\u0113m=spreju, lai sasniegtu perfekti disciplin\u0113tas cirtas, likvid\u0113tu friz\u016bru efektu vai p\u0101rveidotu savus matus par cirtainiem!<\/p>\n","protected":false},"excerpt":{"rendered":"<p>Maska cirtainiem matiem. Formula, kas bag\u0101tin\u0101ta ar Moringa e\u013c\u013cu un ingveru, pie\u0161\u0137ir matiem maigumu un bar\u012bbu, nenosverot tos. Tas kontrol\u0113 frizzy efektu un pal\u012bdz nov\u0113rst sadal\u012btos galus. Maska mitrina un atjauno cirtaino matu strukt\u016bru, pie\u0161\u0137irot vitalit\u0101ti. \u2666 Bag\u0101tin\u0101ta formula ar Moringa e\u013c\u013cu un ingveru, kas pie\u0161\u0137ir matiem maigumu un bar\u012bbu, neatst\u0101jot tos smagus. \u2666 Nov\u0113r\u0161 frizinga efektu un sadal\u012btos galus. \u2666 Mitrina un atjauno matu strukt\u016bru, padarot tos spilgtus. \u2666 Ide\u0101li, lai papla\u0161in\u0101tu stilu p\u0113c ilgvi\u013c\u0146iem. \u2666 Parab\u0113nu nesaturo\u0161a formula. Izmantojiet: Boj\u0101tiem matiem: atst\u0101jiet uz mitriem matiem 10 min\u016btes, p\u0113c&hellip;<\/p>\n","protected":false},"featured_media":1599,"template":"","meta":[],"product_brand":[],"product_cat":[69],"product_tag":[],"class_list":{"0":"post-1611","1":"product","2":"type-product","3":"status-publish","4":"has-post-thumbnail","6":"product_cat-matu-kopsana-2","8":"first","9":"instock","10":"shipping-taxable","11":"purchasable","12":"product-type-simple"},"_links":{"self":[{"href":"https:\/\/www.happysunday.eu\/index.php?rest_route=\/wp\/v2\/product\/1611","targetHints":{"allow":["GET"]}}],"collection":[{"href":"https:\/\/www.happysunday.eu\/index.php?rest_route=\/wp\/v2\/product"}],"about":[{"href":"https:\/\/www.happysunday.eu\/index.php?rest_route=\/wp\/v2\/types\/product"}],"wp:featuredmedia":[{"embeddable":true,"href":"https:\/\/www.happysunday.eu\/index.php?rest_route=\/wp\/v2\/media\/1599"}],"wp:attachment":[{"href":"https:\/\/www.happysunday.eu\/index.php?rest_route=%2Fwp%2Fv2%2Fmedia&parent=1611"}],"wp:term":[{"taxonomy":"product_brand","embeddable":true,"href":"https:\/\/www.happysunday.eu\/index.php?rest_route=%2Fwp%2Fv2%2Fproduct_brand&post=1611"},{"taxonomy":"product_cat","embeddable":true,"href":"https:\/\/www.happysunday.eu\/index.php?rest_route=%2Fwp%2Fv2%2Fproduct_cat&post=1611"},{"taxonomy":"product_tag","embeddable":true,"href":"https:\/\/www.happysunday.eu\/index.php?rest_route=%2Fwp%2Fv2%2Fproduct_tag&post=1611"}],"curies":[{"name":"wp","href":"https:\/\/api.w.org\/{rel}","templated":true}]}}