{"id":1718,"date":"2024-07-01T06:44:36","date_gmt":"2024-07-01T06:44:36","guid":{"rendered":"https:\/\/www.happysunday.eu\/?post_type=product&#038;p=1718"},"modified":"2026-04-07T07:03:09","modified_gmt":"2026-04-07T07:03:09","slug":"double-dark-chocolate-covered-strawberries-400x-210ml","status":"publish","type":"product","link":"https:\/\/www.happysunday.eu\/?product=double-dark-chocolate-covered-strawberries-400x-210ml","title":{"rendered":"DOUBLE DARK CHOCOLATE COVERED STRAWBERRIES 400x 221ml"},"content":{"rendered":"<div id=\"product-title\">\n<p class=\"p1\"><strong><span class=\"s1\">DOUBLE DARK CHOCOLATE COVERED STRAWBERRIES 400X<\/span><\/strong><\/p>\n<p><span class=\"s2\">SOL\u0100RIJA KR\u0112MS!<\/span><\/p>\n<p class=\"p1\"><span class=\"s1\">Pirms-sau\u013co\u0161an\u0101s kr\u0113ms sol\u0101rijam ar 400X Black Chocolate bronzeri, 400 ml<\/span><\/p>\n<p class=\"p1\"><span class=\"s2\">Izbaudi greznu iedegumu ar <\/span><span class=\"s1\">Double Dark Chocolate Covered Strawberries 400X<\/span><span class=\"s2\"> \u2013 augst\u0101k\u0101s kvalit\u0101tes sau\u013co\u0161an\u0101s kr\u0113mu, kas apvieno intens\u012bvu bronz\u0113jo\u0161u efektu ar bag\u0101t\u012bgu \u0101das kop\u0161anu.<\/span><\/p>\n<p class=\"p1\"><strong><span class=\"s1\">Galven\u0101s \u012bpa\u0161\u012bbas:<\/span><\/strong><\/p>\n<p class=\"p1\"><span class=\"s1\">400X Black Chocolate bronzeri<\/span><span class=\"s2\"> nodro\u0161ina dzi\u013cu, tum\u0161u iedegumu.<\/span><\/p>\n<ul>\n<li>\n<p class=\"p1\"><span class=\"s1\">Zeme\u0146u un kakao ekstrakti<\/span><span class=\"s2\"> pie\u0161\u0137ir \u0101dai vesel\u012bgu mirdzumu un nodro\u0161ina antioksidantu aizsardz\u012bbu.<\/span><\/p>\n<\/li>\n<li>\n<p class=\"p1\"><span class=\"s1\">Pept\u012bdu komplekss<\/span><span class=\"s2\">, bag\u0101t\u012bgi sviesti un kokosriekstu piens mitrina un m\u012bkstina \u0101du, padarot to z\u012bdaini gludu.<\/span><\/p>\n<\/li>\n<li>\n<p class=\"p1\"><span class=\"s1\">Arom\u0101ts<\/span><span class=\"s2\">: Me\u017ea zeme\u0146u kr\u0113ms.<\/span><\/p>\n<\/li>\n<li>\n<p class=\"p1\"><span class=\"s1\">Clean Beauty<\/span><span class=\"s2\">: Veg\u0101nisks, bez glut\u0113na, parab\u0113niem un sulf\u0101tiem; nav test\u0113ts uz dz\u012bvniekiem. <\/span><\/p>\n<\/li>\n<\/ul>\n<p>&nbsp;<\/p>\n<p class=\"p1\"><span class=\"s2\">\u0160is kr\u0113ms ir piem\u0113rots visiem \u0101das tipiem un ide\u0101li piem\u0113rots tiem, kas v\u0113las ieg\u016bt intens\u012bvu, vienm\u0113r\u012bgu iedegumu, vienlaikus r\u016bp\u0113joties par \u0101das vesel\u012bbu un izskatu.<\/span><\/p>\n<\/div>\n","protected":false},"excerpt":{"rendered":"<p>DOUBLE DARK CHOCOLATE COVERED STRAWBERRIES 400X SOL\u0100RIJA KR\u0112MS! Pirms-sau\u013co\u0161an\u0101s kr\u0113ms sol\u0101rijam ar 400X Black Chocolate bronzeri, 400 ml Izbaudi greznu iedegumu ar Double Dark Chocolate Covered Strawberries 400X \u2013 augst\u0101k\u0101s kvalit\u0101tes sau\u013co\u0161an\u0101s kr\u0113mu, kas apvieno intens\u012bvu bronz\u0113jo\u0161u efektu ar bag\u0101t\u012bgu \u0101das kop\u0161anu. Galven\u0101s \u012bpa\u0161\u012bbas: 400X Black Chocolate bronzeri nodro\u0161ina dzi\u013cu, tum\u0161u iedegumu. Zeme\u0146u un kakao ekstrakti pie\u0161\u0137ir \u0101dai vesel\u012bgu mirdzumu un nodro\u0161ina antioksidantu aizsardz\u012bbu. Pept\u012bdu komplekss, bag\u0101t\u012bgi sviesti un kokosriekstu piens mitrina un m\u012bkstina \u0101du, padarot to z\u012bdaini gludu. Arom\u0101ts: Me\u017ea zeme\u0146u kr\u0113ms. Clean Beauty: Veg\u0101nisks, bez glut\u0113na, parab\u0113niem un&hellip;<\/p>\n","protected":false},"featured_media":1719,"template":"","meta":[],"product_brand":[],"product_cat":[34,58],"product_tag":[],"class_list":{"0":"post-1718","1":"product","2":"type-product","3":"status-publish","4":"has-post-thumbnail","6":"product_cat-kosmetika","7":"product_cat-super-sale","9":"first","10":"outofstock","11":"shipping-taxable","12":"purchasable","13":"product-type-simple"},"_links":{"self":[{"href":"https:\/\/www.happysunday.eu\/index.php?rest_route=\/wp\/v2\/product\/1718","targetHints":{"allow":["GET"]}}],"collection":[{"href":"https:\/\/www.happysunday.eu\/index.php?rest_route=\/wp\/v2\/product"}],"about":[{"href":"https:\/\/www.happysunday.eu\/index.php?rest_route=\/wp\/v2\/types\/product"}],"wp:featuredmedia":[{"embeddable":true,"href":"https:\/\/www.happysunday.eu\/index.php?rest_route=\/wp\/v2\/media\/1719"}],"wp:attachment":[{"href":"https:\/\/www.happysunday.eu\/index.php?rest_route=%2Fwp%2Fv2%2Fmedia&parent=1718"}],"wp:term":[{"taxonomy":"product_brand","embeddable":true,"href":"https:\/\/www.happysunday.eu\/index.php?rest_route=%2Fwp%2Fv2%2Fproduct_brand&post=1718"},{"taxonomy":"product_cat","embeddable":true,"href":"https:\/\/www.happysunday.eu\/index.php?rest_route=%2Fwp%2Fv2%2Fproduct_cat&post=1718"},{"taxonomy":"product_tag","embeddable":true,"href":"https:\/\/www.happysunday.eu\/index.php?rest_route=%2Fwp%2Fv2%2Fproduct_tag&post=1718"}],"curies":[{"name":"wp","href":"https:\/\/api.w.org\/{rel}","templated":true}]}}