{"id":1882,"date":"2021-11-28T21:19:29","date_gmt":"2021-11-28T21:19:29","guid":{"rendered":"https:\/\/www.happysunday.eu\/?post_type=product&#038;p=1882"},"modified":"2026-04-07T06:58:18","modified_gmt":"2026-04-07T06:58:18","slug":"caramel-cream-soap-1l","status":"publish","type":"product","link":"https:\/\/www.happysunday.eu\/?product=caramel-cream-soap-1l","title":{"rendered":"KR\u0112MZIEPES CARAMEL 1L"},"content":{"rendered":"<p>Maigi att\u012bro\u0161as kr\u0113mveida ziepes roku mazg\u0101\u0161anai ar inovat\u012bvu sast\u0101vu, kas sniedz absol\u016btas t\u012br\u012bbas saj\u016btu. Ziepes ar sabalans\u0113tu pH l\u012bmeni piem\u0113rotas ikdienas lieto\u0161anai. Sast\u0101v\u0101 ar mitrino\u0161u kr\u0113mu. Bag\u0101tin\u0101ts ar pastiprin\u0101tu arom\u0101ta daudzumu, bag\u0101t\u012bgs putu sast\u0101vs, kas atmodina saj\u016btas un sniedz arom\u0101ta pilnus mirk\u013cus, labsaj\u016btu un eiforiju, kas paliek ilgsto\u0161i.<\/p>\n","protected":false},"excerpt":{"rendered":"<p>Maigi att\u012bro\u0161as kr\u0113mveida ziepes roku mazg\u0101\u0161anai ar inovat\u012bvu sast\u0101vu, kas sniedz absol\u016btas t\u012br\u012bbas saj\u016btu. Ziepes ar sabalans\u0113tu pH l\u012bmeni piem\u0113rotas ikdienas lieto\u0161anai. Sast\u0101v\u0101 ar mitrino\u0161u kr\u0113mu. Bag\u0101tin\u0101ts ar pastiprin\u0101tu arom\u0101ta daudzumu, bag\u0101t\u012bgs putu sast\u0101vs, kas atmodina saj\u016btas un sniedz arom\u0101ta pilnus mirk\u013cus, labsaj\u016btu un eiforiju, kas paliek ilgsto\u0161i.<\/p>\n","protected":false},"featured_media":1883,"template":"","meta":[],"product_brand":[],"product_cat":[33,64],"product_tag":[],"class_list":{"0":"post-1882","1":"product","2":"type-product","3":"status-publish","4":"has-post-thumbnail","6":"product_cat-uncategorized","7":"product_cat-kermenu-kopsana","9":"first","10":"instock","11":"shipping-taxable","12":"purchasable","13":"product-type-simple"},"_links":{"self":[{"href":"https:\/\/www.happysunday.eu\/index.php?rest_route=\/wp\/v2\/product\/1882","targetHints":{"allow":["GET"]}}],"collection":[{"href":"https:\/\/www.happysunday.eu\/index.php?rest_route=\/wp\/v2\/product"}],"about":[{"href":"https:\/\/www.happysunday.eu\/index.php?rest_route=\/wp\/v2\/types\/product"}],"wp:featuredmedia":[{"embeddable":true,"href":"https:\/\/www.happysunday.eu\/index.php?rest_route=\/wp\/v2\/media\/1883"}],"wp:attachment":[{"href":"https:\/\/www.happysunday.eu\/index.php?rest_route=%2Fwp%2Fv2%2Fmedia&parent=1882"}],"wp:term":[{"taxonomy":"product_brand","embeddable":true,"href":"https:\/\/www.happysunday.eu\/index.php?rest_route=%2Fwp%2Fv2%2Fproduct_brand&post=1882"},{"taxonomy":"product_cat","embeddable":true,"href":"https:\/\/www.happysunday.eu\/index.php?rest_route=%2Fwp%2Fv2%2Fproduct_cat&post=1882"},{"taxonomy":"product_tag","embeddable":true,"href":"https:\/\/www.happysunday.eu\/index.php?rest_route=%2Fwp%2Fv2%2Fproduct_tag&post=1882"}],"curies":[{"name":"wp","href":"https:\/\/api.w.org\/{rel}","templated":true}]}}