{"id":1941,"date":"2021-11-30T08:58:26","date_gmt":"2021-11-30T08:58:26","guid":{"rendered":"https:\/\/www.happysunday.eu\/?post_type=product&#038;p=1941"},"modified":"2026-04-07T06:58:18","modified_gmt":"2026-04-07T06:58:18","slug":"bernu-pretiekaisuma-krems-ar-arniku-50ml","status":"publish","type":"product","link":"https:\/\/www.happysunday.eu\/?product=bernu-pretiekaisuma-krems-ar-arniku-50ml","title":{"rendered":"SOS KR\u0112MS AR ARNIKU 50ml"},"content":{"rendered":"<p>B\u0113rnu pretiekaisuma kr\u0113ms, pret \u00a0paredz\u0113ts ar\u012b k\u0101 pal\u012bgviela neliel\u0101m loc\u012btavu un musku\u013cu s\u0101p\u0113m. Pal\u012bdz iz\u0101rst\u0113t sasitumus un hematomas. Sast\u0101v\u0101 eso\u0161\u0101s akt\u012bv\u0101s sast\u0101vda\u013cas pal\u012bdz mazin\u0101t piet\u016bkumu, s\u0101pes un diskomfortu. Kr\u0113ms satur Arnica montana, kas paz\u012bstama ar sav\u0101m pretreimatiskaj\u0101m un pretiekaisuma \u012bpa\u0161\u012bb\u0101m. Rozmar\u012bna \u0113terisk\u0101 e\u013c\u013ca maigi iedarbojas uz probl\u0113mzon\u0101m, atv\u0113sina, sniedz atvieglojumu un labsaj\u016btu. Mazu\u013cu kr\u0113ma viegl\u0101 tekst\u016bra garant\u0113 \u0101tru ies\u016bk\u0161anos un dzi\u013cu iedarb\u012bbu.<\/p>\n","protected":false},"excerpt":{"rendered":"<p>B\u0113rnu pretiekaisuma kr\u0113ms, pret \u00a0paredz\u0113ts ar\u012b k\u0101 pal\u012bgviela neliel\u0101m loc\u012btavu un musku\u013cu s\u0101p\u0113m. Pal\u012bdz iz\u0101rst\u0113t sasitumus un hematomas. Sast\u0101v\u0101 eso\u0161\u0101s akt\u012bv\u0101s sast\u0101vda\u013cas pal\u012bdz mazin\u0101t piet\u016bkumu, s\u0101pes un diskomfortu. Kr\u0113ms satur Arnica montana, kas paz\u012bstama ar sav\u0101m pretreimatiskaj\u0101m un pretiekaisuma \u012bpa\u0161\u012bb\u0101m. Rozmar\u012bna \u0113terisk\u0101 e\u013c\u013ca maigi iedarbojas uz probl\u0113mzon\u0101m, atv\u0113sina, sniedz atvieglojumu un labsaj\u016btu. Mazu\u013cu kr\u0113ma viegl\u0101 tekst\u016bra garant\u0113 \u0101tru ies\u016bk\u0161anos un dzi\u013cu iedarb\u012bbu.<\/p>\n","protected":false},"featured_media":1942,"template":"","meta":[],"product_brand":[],"product_cat":[70],"product_tag":[],"class_list":{"0":"post-1941","1":"product","2":"type-product","3":"status-publish","4":"has-post-thumbnail","6":"product_cat-berniem","8":"first","9":"instock","10":"shipping-taxable","11":"purchasable","12":"product-type-simple"},"_links":{"self":[{"href":"https:\/\/www.happysunday.eu\/index.php?rest_route=\/wp\/v2\/product\/1941","targetHints":{"allow":["GET"]}}],"collection":[{"href":"https:\/\/www.happysunday.eu\/index.php?rest_route=\/wp\/v2\/product"}],"about":[{"href":"https:\/\/www.happysunday.eu\/index.php?rest_route=\/wp\/v2\/types\/product"}],"wp:featuredmedia":[{"embeddable":true,"href":"https:\/\/www.happysunday.eu\/index.php?rest_route=\/wp\/v2\/media\/1942"}],"wp:attachment":[{"href":"https:\/\/www.happysunday.eu\/index.php?rest_route=%2Fwp%2Fv2%2Fmedia&parent=1941"}],"wp:term":[{"taxonomy":"product_brand","embeddable":true,"href":"https:\/\/www.happysunday.eu\/index.php?rest_route=%2Fwp%2Fv2%2Fproduct_brand&post=1941"},{"taxonomy":"product_cat","embeddable":true,"href":"https:\/\/www.happysunday.eu\/index.php?rest_route=%2Fwp%2Fv2%2Fproduct_cat&post=1941"},{"taxonomy":"product_tag","embeddable":true,"href":"https:\/\/www.happysunday.eu\/index.php?rest_route=%2Fwp%2Fv2%2Fproduct_tag&post=1941"}],"curies":[{"name":"wp","href":"https:\/\/api.w.org\/{rel}","templated":true}]}}