{"id":1955,"date":"2021-12-01T19:47:22","date_gmt":"2021-12-01T19:47:22","guid":{"rendered":"https:\/\/www.happysunday.eu\/?post_type=product&#038;p=1955"},"modified":"2026-04-07T06:58:18","modified_gmt":"2026-04-07T06:58:18","slug":"organisks-laika-apstaklu-aizsargajoss-krems-30ml","status":"publish","type":"product","link":"https:\/\/www.happysunday.eu\/?product=organisks-laika-apstaklu-aizsargajoss-krems-30ml","title":{"rendered":"KR\u0112MS PRET V\u0112JU UN AUKSTUMU 30ml"},"content":{"rendered":"<p class=\"article-lead\">Ziem\u0101 \u0101da tiek pak\u013cauta aukstumam, salam, mitrumam, ar\u012b apkures rad\u012btam sausumam, t\u0101p\u0113c par to \u012bpa\u0161i j\u0101r\u016bp\u0113jas. T\u0101p\u0113c j\u0101lieto aukstam laikam paredz\u0113tus kr\u0113mus, ta\u010du svar\u012bgi atcer\u0113ties, ka tie j\u0101uzkl\u0101j vismaz 15 min\u016btes pirms izie\u0161anas no m\u0101jas, bet p\u0113c tam j\u0101nomazg\u0101.<\/p>\n<p>Aukstum\u0101 asinsvadi sa\u0161aurin\u0101s un \u0101da sa\u0146em maz\u0101k sk\u0101bek\u013ca un bar\u012bbas vielu, kas ilgtermi\u0146\u0101 var b\u016bt b\u012bstami, \u0101da var pat iet boj\u0101.<\/p>\n<p>Par aukstuma kr\u0113miem vair\u0101k run\u0101, dom\u0101jot par b\u0113rniem, jo vi\u0146u \u0101da ir v\u0113l jut\u012bg\u0101ka, bet tos var lietot ar\u012b\u00a0pieaugu\u0161ie. Tie lieti noder, nodarbojoties ar zemledus mak\u0161\u0137er\u0113\u0161anu vai citiem ziemas sporta veidiem.<\/p>\n<p>P\u0113c atgrie\u0161anas m\u0101j\u0101s vai pirms gul\u0113tie\u0161anas aukstuma kr\u0113mus rekomend\u0113 nomazg\u0101t\u00a0ar speci\u0101liem l\u012bdzek\u013ciem vai \u016bdeni. P\u0113c sejas mazg\u0101\u0161anas j\u0101uzkl\u0101j iek\u0161telp\u0101m un ikdienai paredz\u0113ts\u00a0kr\u0113ms, kas nav tik taukains.<\/p>\n<p>Dzi\u013ci baro un mitrina \u0101du. Tas viegli uzs\u016bcas, pateicoties t\u0101s bag\u0101t\u012bgajai un barojo\u0161ajai tekst\u016brai. Pateicoties \u0161\u012b sviestam, tas rehidrat\u0113 aukstuma saspr\u0113g\u0101ju\u0161o \u0101du. Atjauno dabisko \u0101das barjeru.\u00a0Aizsarg\u0101 maigo \u0101du no sausuma v\u0113ja vai auksta, mitra laika.<br \/>\nNodro\u0161ina dabisku aizsargk\u0101rtu, neaizsprostojot \u0101du,\u00a0Ide\u0101li piem\u0113rots l\u016bpu aizsardz\u012bbai.\u00a0Ide\u0101li piem\u0113rots jut\u012bgai \u0101dai.<br \/>\nSatur dab\u012bgas \u0113terisk\u0101s e\u013c\u013cas.<\/p>\n<p>Atbilsr EKO un BIO pras\u012bb\u0101m. Piem\u0113rots ar\u012b z\u012bdai\u0146iem 0+<\/p>\n","protected":false},"excerpt":{"rendered":"<p>Ziem\u0101 \u0101da tiek pak\u013cauta aukstumam, salam, mitrumam, ar\u012b apkures rad\u012btam sausumam, t\u0101p\u0113c par to \u012bpa\u0161i j\u0101r\u016bp\u0113jas. T\u0101p\u0113c j\u0101lieto aukstam laikam paredz\u0113tus kr\u0113mus, ta\u010du svar\u012bgi atcer\u0113ties, ka tie j\u0101uzkl\u0101j vismaz 15 min\u016btes pirms izie\u0161anas no m\u0101jas, bet p\u0113c tam j\u0101nomazg\u0101. Aukstum\u0101 asinsvadi sa\u0161aurin\u0101s un \u0101da sa\u0146em maz\u0101k sk\u0101bek\u013ca un bar\u012bbas vielu, kas ilgtermi\u0146\u0101 var b\u016bt b\u012bstami, \u0101da var pat iet boj\u0101. Par aukstuma kr\u0113miem vair\u0101k run\u0101, dom\u0101jot par b\u0113rniem, jo vi\u0146u \u0101da ir v\u0113l jut\u012bg\u0101ka, bet tos var lietot ar\u012b\u00a0pieaugu\u0161ie. Tie lieti noder, nodarbojoties ar zemledus mak\u0161\u0137er\u0113\u0161anu vai citiem ziemas sporta&hellip;<\/p>\n","protected":false},"featured_media":1967,"template":"","meta":[],"product_brand":[],"product_cat":[70,58],"product_tag":[],"class_list":{"0":"post-1955","1":"product","2":"type-product","3":"status-publish","4":"has-post-thumbnail","6":"product_cat-berniem","7":"product_cat-super-sale","9":"first","10":"instock","11":"shipping-taxable","12":"purchasable","13":"product-type-simple"},"_links":{"self":[{"href":"https:\/\/www.happysunday.eu\/index.php?rest_route=\/wp\/v2\/product\/1955","targetHints":{"allow":["GET"]}}],"collection":[{"href":"https:\/\/www.happysunday.eu\/index.php?rest_route=\/wp\/v2\/product"}],"about":[{"href":"https:\/\/www.happysunday.eu\/index.php?rest_route=\/wp\/v2\/types\/product"}],"wp:featuredmedia":[{"embeddable":true,"href":"https:\/\/www.happysunday.eu\/index.php?rest_route=\/wp\/v2\/media\/1967"}],"wp:attachment":[{"href":"https:\/\/www.happysunday.eu\/index.php?rest_route=%2Fwp%2Fv2%2Fmedia&parent=1955"}],"wp:term":[{"taxonomy":"product_brand","embeddable":true,"href":"https:\/\/www.happysunday.eu\/index.php?rest_route=%2Fwp%2Fv2%2Fproduct_brand&post=1955"},{"taxonomy":"product_cat","embeddable":true,"href":"https:\/\/www.happysunday.eu\/index.php?rest_route=%2Fwp%2Fv2%2Fproduct_cat&post=1955"},{"taxonomy":"product_tag","embeddable":true,"href":"https:\/\/www.happysunday.eu\/index.php?rest_route=%2Fwp%2Fv2%2Fproduct_tag&post=1955"}],"curies":[{"name":"wp","href":"https:\/\/api.w.org\/{rel}","templated":true}]}}