{"id":1972,"date":"2021-12-05T14:28:24","date_gmt":"2021-12-05T14:28:24","guid":{"rendered":"https:\/\/www.happysunday.eu\/?post_type=product&#038;p=1972"},"modified":"2026-04-07T06:58:18","modified_gmt":"2026-04-07T06:58:18","slug":"organisks-bernu-saulosanas-losjons-spf-50-50-ml","status":"publish","type":"product","link":"https:\/\/www.happysunday.eu\/?product=organisks-bernu-saulosanas-losjons-spf-50-50-ml","title":{"rendered":"B\u0112RNU SAU\u013bO\u0160AN\u0100S KR\u0112MS 0+ SPF 50 50 ml"},"content":{"rendered":"<p>Satur tikai dab\u012bgos miner\u0101lfiltrus \u2013 cinka oks\u012bdu un tit\u0101na dioks\u012bdu. Tie kalpo k\u0101 efekt\u012bva barjera UVA un UVB starojumam.<br \/>\n\u0136\u012bmisko filtru neesam\u012bba padara produktu dro\u0161u un piem\u0113rotu maigai \u0101dai no dzim\u0161anas br\u012b\u017ea. Izv\u0113loties \u0161o kr\u0113mu, j\u016bs r\u016bp\u0113jaties ne tikai par sevi un savu b\u0113rnu, bet ar\u012b par apk\u0101rt\u0113jo pasauli, jo \u0137\u012bmiskie filtri ir toksiski \u016bdens organismiem \u2013 ziv\u012bm un v\u0113\u017eveid\u012bgajiem.<br \/>\nKr\u0113ms mitrina un aizsarg\u0101 \u0101du no saules apdegumiem. Nesatur kr\u0101svielas un parab\u0113nus. T\u0101 ir netaukaina emulsija, kas \u0101tri uzs\u016bcas. Piem\u0113rots pieaugu\u0161ajiem un b\u0113rniem no dzim\u0161anas.<br \/>\nAkt\u012bv\u0101s sast\u0101vda\u013cas:<br \/>\n\u00b7 Cinka oks\u012bds un tit\u0101na dioks\u012bds neuzs\u016bcas \u0101d\u0101, paliekot uz t\u0101s virsmas. Tie veido aizsargvairogu un darbojas k\u0101 spogulis. To kombin\u0101cija atspogu\u013co visa veida UV starojumu, nodro\u0161inot visaptvero\u0161u aizsardz\u012bbu. Taj\u0101 pa\u0161\u0101 laik\u0101 tie neizraisa aler\u0123iju, nekairina \u0101du un ir piem\u0113roti pat jut\u012bg\u0101kajai un reakt\u012bv\u0101kai \u0101dai.<br \/>\n\u00b7 Sojas e\u013c\u013cas glic\u012bns ir bag\u0101ts ar E vitam\u012bnu un lecit\u012bnu, baro \u0101du, padara to gludu un elast\u012bgu. Aizsarg\u0101 \u0161\u016bnu membr\u0101nas no br\u012bvo radik\u0101\u013cu kait\u012bg\u0101s ietekmes, pal\u0113nina priek\u0161laic\u012bgas \u0101das noveco\u0161an\u0101s procesus. Atjauno epidermas barjeru un \u0101das mitruma aiztur\u0113\u0161anas sp\u0113ju, ir izteikta re\u0123ener\u0113jo\u0161a iedarb\u012bba.<br \/>\n\u00b7 Ol\u012bve\u013c\u013ca ir bag\u0101t\u012bgs pies\u0101tin\u0101to tauksk\u0101bju avots, baro \u0101du un atst\u0101j uz t\u0101s aizsargpl\u0113vi, uzlabo \u0101das asinsriti, stiprina epidermas barjeru, atjauno un mitrina. E\u013c\u013cu ieteicams lietot vismaig\u0101k\u0101s \u0101das kop\u0161anai.<br \/>\n\u00b7 Inka In\u010di e\u013c\u013cai piem\u012bt antioksidanta \u012bpa\u0161\u012bbas, aizsarg\u0101 pret br\u012bvo radik\u0101\u013cu negat\u012bvo ietekmi. Tie ar\u012b atjauno \u0101das dabisk\u0101s barjeras funkcijas, mitrina un baro \u0101du.<br \/>\n\u00b7 Tokoferols \u2013 dabisks E vitam\u012bns, sp\u0113c\u012bgs antioksidants, kas nov\u0113r\u0161 br\u012bvo radik\u0101\u013cu veido\u0161anos. Tokoferols pal\u012bdz saglab\u0101t mitrumu \u0101d\u0101, padara to gludu, baro un toniz\u0113.<\/p>\n<p>K\u0101 lietot: mas\u0113t l\u012bdz piln\u012bgai uzs\u016bk\u0161anai.<\/p>\n","protected":false},"excerpt":{"rendered":"<p>Satur tikai dab\u012bgos miner\u0101lfiltrus \u2013 cinka oks\u012bdu un tit\u0101na dioks\u012bdu. Tie kalpo k\u0101 efekt\u012bva barjera UVA un UVB starojumam. \u0136\u012bmisko filtru neesam\u012bba padara produktu dro\u0161u un piem\u0113rotu maigai \u0101dai no dzim\u0161anas br\u012b\u017ea. Izv\u0113loties \u0161o kr\u0113mu, j\u016bs r\u016bp\u0113jaties ne tikai par sevi un savu b\u0113rnu, bet ar\u012b par apk\u0101rt\u0113jo pasauli, jo \u0137\u012bmiskie filtri ir toksiski \u016bdens organismiem \u2013 ziv\u012bm un v\u0113\u017eveid\u012bgajiem. Kr\u0113ms mitrina un aizsarg\u0101 \u0101du no saules apdegumiem. Nesatur kr\u0101svielas un parab\u0113nus. T\u0101 ir netaukaina emulsija, kas \u0101tri uzs\u016bcas. Piem\u0113rots pieaugu\u0161ajiem un b\u0113rniem no dzim\u0161anas. Akt\u012bv\u0101s sast\u0101vda\u013cas: \u00b7 Cinka oks\u012bds&hellip;<\/p>\n","protected":false},"featured_media":1973,"template":"","meta":[],"product_brand":[],"product_cat":[70,84,34,58],"product_tag":[],"class_list":{"0":"post-1972","1":"product","2":"type-product","3":"status-publish","4":"has-post-thumbnail","6":"product_cat-berniem","7":"product_cat-saules-kosmetika","8":"product_cat-kosmetika","9":"product_cat-super-sale","11":"first","12":"instock","13":"shipping-taxable","14":"purchasable","15":"product-type-simple"},"_links":{"self":[{"href":"https:\/\/www.happysunday.eu\/index.php?rest_route=\/wp\/v2\/product\/1972","targetHints":{"allow":["GET"]}}],"collection":[{"href":"https:\/\/www.happysunday.eu\/index.php?rest_route=\/wp\/v2\/product"}],"about":[{"href":"https:\/\/www.happysunday.eu\/index.php?rest_route=\/wp\/v2\/types\/product"}],"wp:featuredmedia":[{"embeddable":true,"href":"https:\/\/www.happysunday.eu\/index.php?rest_route=\/wp\/v2\/media\/1973"}],"wp:attachment":[{"href":"https:\/\/www.happysunday.eu\/index.php?rest_route=%2Fwp%2Fv2%2Fmedia&parent=1972"}],"wp:term":[{"taxonomy":"product_brand","embeddable":true,"href":"https:\/\/www.happysunday.eu\/index.php?rest_route=%2Fwp%2Fv2%2Fproduct_brand&post=1972"},{"taxonomy":"product_cat","embeddable":true,"href":"https:\/\/www.happysunday.eu\/index.php?rest_route=%2Fwp%2Fv2%2Fproduct_cat&post=1972"},{"taxonomy":"product_tag","embeddable":true,"href":"https:\/\/www.happysunday.eu\/index.php?rest_route=%2Fwp%2Fv2%2Fproduct_tag&post=1972"}],"curies":[{"name":"wp","href":"https:\/\/api.w.org\/{rel}","templated":true}]}}