{"id":2049,"date":"2022-01-12T16:02:39","date_gmt":"2022-01-12T16:02:39","guid":{"rendered":"https:\/\/www.happysunday.eu\/?post_type=product&#038;p=2049"},"modified":"2026-04-07T06:58:18","modified_gmt":"2026-04-07T06:58:18","slug":"verdeoasi-rose-cream-hydrating-50ml","status":"publish","type":"product","link":"https:\/\/www.happysunday.eu\/?product=verdeoasi-rose-cream-hydrating-50ml","title":{"rendered":"SEJAS KR\u0112MGELS NORM\u0100LAI UN SAUSAI \u0100DAI AR RO\u017dU \u016aDENI 50ML"},"content":{"rendered":"<div id=\"product-title\">\n<p>VERDEOASI Rose Cream Hydrating 50ml<\/p>\n<p>Tas sniedz intens\u012bvu svaiguma saj\u016btu un uzl\u0101d\u0113 \u0101du ar mitrin\u0101\u0161anu. Viegls, samtains un viegli ies\u016bcas, tas ieskauj \u0101du maig\u0101 ro\u017eu arom\u0101t\u0101. \u0100da ir mat\u0113ta, gai\u0161a un mitrin\u0101ta, gatava s\u0101kt dienu ar vitalit\u0101ti.<br \/>\nVEG\u0100NU FORMULA &#8211; 92,66% Dab\u012bgs<\/p>\n<p>G\u0113la kr\u0113ms ar vieglu un samtainu tekst\u016bru, kas sniedz \u0101dai neticama komforta un svaiguma saj\u016btu. Tas aptver \u0101du ar maigu ro\u017eu smar\u017eu, padarot to mitrin\u0101tu un spilgtu. Sast\u0101v\u0101 eso\u0161ajam miner\u0101lu p\u016bderim ir mat\u0113jo\u0161a un mirdzo\u0161a iedarb\u012bba, kas pal\u012bdz padar\u012bt \u0101du neticami mirdzo\u0161u. Tas ir ide\u0101li piem\u0113rots grima pamatnei.<\/p>\n<p>Rose Creamgel ir ide\u0101li piem\u0113rots jebkura vecuma norm\u0101lai un sausai \u0101dai, k\u0101 ar\u012b tiem, kam pat\u012bk vieglas un maigas tekst\u016bras. Svaigs un viegli ies\u016bcas, tas ir lieliski piem\u0113rots vasaras sezon\u0101, k\u0101 alternat\u012bva ziemas kr\u0113miem, kuriem parasti rakstur\u012bga bag\u0101t\u012bg\u0101ka tekst\u016bra. Tas ir ide\u0101li piem\u0113rots tiem, kas dz\u012bvo karst\u0101s un mitr\u0101s valst\u012bs, piem\u0113ram, Malaizij\u0101, Taiv\u0101n\u0101 un Indij\u0101.<\/p>\n<p>Lieto\u0161ana: Uzkl\u0101jiet Rose Creamgel mitrino\u0161u mirdzumu uz lieliski att\u012br\u012btas sejas un kakla.<br \/>\nKr\u0113ma veiktsp\u0113ja ir diezgan augsta: pietiek ar \u013coti mazu daudzumu, lai nokl\u0101tu visu seju un kaklu.<\/p>\n<p>Funkcion\u0101l\u0101s sast\u0101vda\u013cas:<\/p>\n<p>HIALURONSK\u0100BE: ar augstu molekulmasu, kas \u013cauj izveidot vienm\u0113r\u012bgu un elast\u012bgu pl\u0113vi uz \u0101das virsmas. Tas nov\u0113r\u0161 \u0101das sausumu, pie\u0161\u0137irot \u0101dai gludumu un kompaktumu.<br \/>\nRO\u017dU \u016aDENS: v\u0113rt\u012bgs \u016bdens, kas ieg\u016bts no vienas no d\u0101rg\u0101kaj\u0101m roz\u0113m pasaul\u0113, Damaskas rozes. Tam ir nomierino\u0161a un savelko\u0161a iedarb\u012bba, vienlaikus padarot \u0101du elast\u012bgu un toniz\u0113tu uz ilgu laiku. T\u0101 rakstur\u012bg\u0101 smar\u017ea aptver un atsl\u0101bina pr\u0101tu, atst\u0101jot \u0101du pat\u012bkami arom\u0101tisku.<br \/>\nPIRM\u0112RU \u016aDENS: pie\u0161\u0137ir kr\u0113mam apburo\u0161u svaigu tekst\u016bru.<\/p>\n<p>Dermatolo\u0123iski p\u0101rbaud\u012bts.<\/p>\n<\/div>\n","protected":false},"excerpt":{"rendered":"<p>VERDEOASI Rose Cream Hydrating 50ml Tas sniedz intens\u012bvu svaiguma saj\u016btu un uzl\u0101d\u0113 \u0101du ar mitrin\u0101\u0161anu. Viegls, samtains un viegli ies\u016bcas, tas ieskauj \u0101du maig\u0101 ro\u017eu arom\u0101t\u0101. \u0100da ir mat\u0113ta, gai\u0161a un mitrin\u0101ta, gatava s\u0101kt dienu ar vitalit\u0101ti. VEG\u0100NU FORMULA &#8211; 92,66% Dab\u012bgs G\u0113la kr\u0113ms ar vieglu un samtainu tekst\u016bru, kas sniedz \u0101dai neticama komforta un svaiguma saj\u016btu. Tas aptver \u0101du ar maigu ro\u017eu smar\u017eu, padarot to mitrin\u0101tu un spilgtu. Sast\u0101v\u0101 eso\u0161ajam miner\u0101lu p\u016bderim ir mat\u0113jo\u0161a un mirdzo\u0161a iedarb\u012bba, kas pal\u012bdz padar\u012bt \u0101du neticami mirdzo\u0161u. Tas ir ide\u0101li piem\u0113rots grima pamatnei.&hellip;<\/p>\n","protected":false},"featured_media":2050,"template":"","meta":[],"product_brand":[],"product_cat":[63,58],"product_tag":[],"class_list":{"0":"post-2049","1":"product","2":"type-product","3":"status-publish","4":"has-post-thumbnail","6":"product_cat-kosmetologija","7":"product_cat-super-sale","9":"first","10":"instock","11":"shipping-taxable","12":"purchasable","13":"product-type-simple"},"_links":{"self":[{"href":"https:\/\/www.happysunday.eu\/index.php?rest_route=\/wp\/v2\/product\/2049","targetHints":{"allow":["GET"]}}],"collection":[{"href":"https:\/\/www.happysunday.eu\/index.php?rest_route=\/wp\/v2\/product"}],"about":[{"href":"https:\/\/www.happysunday.eu\/index.php?rest_route=\/wp\/v2\/types\/product"}],"wp:featuredmedia":[{"embeddable":true,"href":"https:\/\/www.happysunday.eu\/index.php?rest_route=\/wp\/v2\/media\/2050"}],"wp:attachment":[{"href":"https:\/\/www.happysunday.eu\/index.php?rest_route=%2Fwp%2Fv2%2Fmedia&parent=2049"}],"wp:term":[{"taxonomy":"product_brand","embeddable":true,"href":"https:\/\/www.happysunday.eu\/index.php?rest_route=%2Fwp%2Fv2%2Fproduct_brand&post=2049"},{"taxonomy":"product_cat","embeddable":true,"href":"https:\/\/www.happysunday.eu\/index.php?rest_route=%2Fwp%2Fv2%2Fproduct_cat&post=2049"},{"taxonomy":"product_tag","embeddable":true,"href":"https:\/\/www.happysunday.eu\/index.php?rest_route=%2Fwp%2Fv2%2Fproduct_tag&post=2049"}],"curies":[{"name":"wp","href":"https:\/\/api.w.org\/{rel}","templated":true}]}}