{"id":2542,"date":"2022-04-19T20:04:07","date_gmt":"2022-04-19T20:04:07","guid":{"rendered":"https:\/\/www.happysunday.eu\/?post_type=product&#038;p=2542"},"modified":"2026-04-07T06:58:17","modified_gmt":"2026-04-07T06:58:17","slug":"face-tan-collagen-bronzer-anti-ageing-15ml-copy","status":"publish","type":"product","link":"https:\/\/www.happysunday.eu\/?product=face-tan-collagen-bronzer-anti-ageing-15ml-copy","title":{"rendered":"Face Tan Collagen Bronzer Anti-Ageing 15ml"},"content":{"rendered":"<div id=\"product-title\">\n<p><strong>SOLEO Face Tan Anti-Ageing <\/strong>Kr\u0113ms pirms sau\u013co\u0161an\u0101s sol\u0101rij\u0101 ar kolag\u0113nu un bronzeriem.<\/p>\n<p>Speci\u0101lais iedeguma att\u012bst\u012bt\u0101js, dom\u0101ts jut\u012bgai un pras\u012bgai sejas, kakla un dekolt\u0113 \u0101dai. \u0160aj\u0101 \u0101rk\u0101rt\u012bg\u0101 kosmetisk\u0101 preparat\u0101 saturas komponenti, kas stimul\u0113 sau\u013co\u0161anas procesu, iedarbojas komponenti pret \u0101das noveco\u0161anas (CMG complex, alveja, pantamols un \u0160\u012b sviests). Samazin\u0101 grumbas veido\u0161anas riska iesp\u0113ju, aizsarga pret \u0101das noveso\u0161an\u0101s, m\u012bkstina un nomierina \u0101du. Vienlac\u012bgi nodro\u0161ina dab\u012bgu iedegumu un \u0101das azisardz\u012bbu.<\/p>\n<\/div>\n","protected":false},"excerpt":{"rendered":"<p>SOLEO Face Tan Anti-Ageing Kr\u0113ms pirms sau\u013co\u0161an\u0101s sol\u0101rij\u0101 ar kolag\u0113nu un bronzeriem. Speci\u0101lais iedeguma att\u012bst\u012bt\u0101js, dom\u0101ts jut\u012bgai un pras\u012bgai sejas, kakla un dekolt\u0113 \u0101dai. \u0160aj\u0101 \u0101rk\u0101rt\u012bg\u0101 kosmetisk\u0101 preparat\u0101 saturas komponenti, kas stimul\u0113 sau\u013co\u0161anas procesu, iedarbojas komponenti pret \u0101das noveco\u0161anas (CMG complex, alveja, pantamols un \u0160\u012b sviests). Samazin\u0101 grumbas veido\u0161anas riska iesp\u0113ju, aizsarga pret \u0101das noveso\u0161an\u0101s, m\u012bkstina un nomierina \u0101du. Vienlac\u012bgi nodro\u0161ina dab\u012bgu iedegumu un \u0101das azisardz\u012bbu.<\/p>\n","protected":false},"featured_media":2543,"template":"","meta":[],"product_brand":[],"product_cat":[34,58],"product_tag":[],"class_list":{"0":"post-2542","1":"product","2":"type-product","3":"status-publish","4":"has-post-thumbnail","6":"product_cat-kosmetika","7":"product_cat-super-sale","9":"first","10":"instock","11":"shipping-taxable","12":"purchasable","13":"product-type-simple"},"_links":{"self":[{"href":"https:\/\/www.happysunday.eu\/index.php?rest_route=\/wp\/v2\/product\/2542","targetHints":{"allow":["GET"]}}],"collection":[{"href":"https:\/\/www.happysunday.eu\/index.php?rest_route=\/wp\/v2\/product"}],"about":[{"href":"https:\/\/www.happysunday.eu\/index.php?rest_route=\/wp\/v2\/types\/product"}],"wp:featuredmedia":[{"embeddable":true,"href":"https:\/\/www.happysunday.eu\/index.php?rest_route=\/wp\/v2\/media\/2543"}],"wp:attachment":[{"href":"https:\/\/www.happysunday.eu\/index.php?rest_route=%2Fwp%2Fv2%2Fmedia&parent=2542"}],"wp:term":[{"taxonomy":"product_brand","embeddable":true,"href":"https:\/\/www.happysunday.eu\/index.php?rest_route=%2Fwp%2Fv2%2Fproduct_brand&post=2542"},{"taxonomy":"product_cat","embeddable":true,"href":"https:\/\/www.happysunday.eu\/index.php?rest_route=%2Fwp%2Fv2%2Fproduct_cat&post=2542"},{"taxonomy":"product_tag","embeddable":true,"href":"https:\/\/www.happysunday.eu\/index.php?rest_route=%2Fwp%2Fv2%2Fproduct_tag&post=2542"}],"curies":[{"name":"wp","href":"https:\/\/api.w.org\/{rel}","templated":true}]}}