{"id":2839,"date":"2022-05-18T13:47:13","date_gmt":"2022-05-18T13:47:13","guid":{"rendered":"https:\/\/www.happysunday.eu\/?post_type=product&#038;p=2839"},"modified":"2026-04-07T06:58:17","modified_gmt":"2026-04-07T06:58:17","slug":"dr-kraut-moisturizing-protective-spf-cream-500ml","status":"publish","type":"product","link":"https:\/\/www.happysunday.eu\/?product=dr-kraut-moisturizing-protective-spf-cream-500ml","title":{"rendered":"SEJAS KR\u0112MS MITRINO\u0160S NORM\u0100LAI UN SAUSAI \u0100DAI AR SPF 15 500ML"},"content":{"rendered":"<div id=\"product-title\">\n<p>SEJAS KR\u0112MS NORM\u0100LAI UN SAUSAI \u0100DAI 100ML<\/p>\n<p>Dr. Kraut MOISTURIZING PROTECTIVE SPF CREAM 500ML\u00a0norm\u0101las un sausas \u0101das \u012bpa\u0161niec\u0113m ar SPF aizsardz\u012bbu. Mitrino\u0161s aizsargkr\u0113ms mitrina un nodro\u0161ina visaptvero\u0161u sejas kop\u0161anu. Piem\u0113rots sausai epidermai. Pateicoties revolucion\u0101ri jaunai formulai, kur\u0101 ietilpst hialuronsk\u0101be, elast\u012bns un bi\u0161u vasks, ir iesp\u0113jams nov\u0113rst dermas dehidrat\u0101ciju, piepild\u012bt to ar tik nepiecie\u0161amo mitrumu.<\/p>\n<p>Hialuronsk\u0101bes molekulas notur ap sevi \u0161\u0137idrumu, kas pies\u0101tina audus, pal\u012bdz paildzin\u0101t jaun\u012bbu un aptur\u0113t dabisko izbal\u0113\u0161anu. Uzkl\u0101\u0161anas rezult\u0101t\u0101 samazin\u0101s m\u012bmisko grumbu un m\u012bmikas l\u012bniju izpausme.<\/p>\n<p>Palielina \u0101das elast\u012bbu un tvirtumu. Sabalans\u0113tais sast\u0101vs aktiviz\u0113 sava elast\u012bna un kolag\u0113na ra\u017eo\u0161anu. Kr\u0113mam piem\u012bt viegls balino\u0161s efekts, izl\u012bdzina toni, uzlabo mikroreljefu.<\/p>\n<p>Pielietojums:<br \/>\nNelielu daudzumu kr\u0113ma iemas\u0113jiet ar plaksto\u0161\u0101m kust\u012bb\u0101m, l\u012bdz tas piln\u012bb\u0101 uzs\u016bcas. Lietojiet katru dienu no r\u012bta 20 min\u016btes pirms do\u0161an\u0101s \u0101r\u0101.<\/p>\n<p>Akt\u012bv\u0101s sast\u0101vda\u013cas:<br \/>\ntit\u0101na dioks\u012bds, hialuronsk\u0101be, bi\u0161u vasks, lecit\u012bns, E vitam\u012bns<\/p>\n<\/div>\n","protected":false},"excerpt":{"rendered":"<p>SEJAS KR\u0112MS NORM\u0100LAI UN SAUSAI \u0100DAI 100ML Dr. Kraut MOISTURIZING PROTECTIVE SPF CREAM 500ML\u00a0norm\u0101las un sausas \u0101das \u012bpa\u0161niec\u0113m ar SPF aizsardz\u012bbu. Mitrino\u0161s aizsargkr\u0113ms mitrina un nodro\u0161ina visaptvero\u0161u sejas kop\u0161anu. Piem\u0113rots sausai epidermai. Pateicoties revolucion\u0101ri jaunai formulai, kur\u0101 ietilpst hialuronsk\u0101be, elast\u012bns un bi\u0161u vasks, ir iesp\u0113jams nov\u0113rst dermas dehidrat\u0101ciju, piepild\u012bt to ar tik nepiecie\u0161amo mitrumu. Hialuronsk\u0101bes molekulas notur ap sevi \u0161\u0137idrumu, kas pies\u0101tina audus, pal\u012bdz paildzin\u0101t jaun\u012bbu un aptur\u0113t dabisko izbal\u0113\u0161anu. Uzkl\u0101\u0161anas rezult\u0101t\u0101 samazin\u0101s m\u012bmisko grumbu un m\u012bmikas l\u012bniju izpausme. Palielina \u0101das elast\u012bbu un tvirtumu. Sabalans\u0113tais sast\u0101vs aktiviz\u0113 sava elast\u012bna un&hellip;<\/p>\n","protected":false},"featured_media":2841,"template":"","meta":[],"product_brand":[],"product_cat":[33,84,63,58],"product_tag":[],"class_list":{"0":"post-2839","1":"product","2":"type-product","3":"status-publish","4":"has-post-thumbnail","6":"product_cat-uncategorized","7":"product_cat-saules-kosmetika","8":"product_cat-kosmetologija","9":"product_cat-super-sale","11":"first","12":"instock","13":"shipping-taxable","14":"purchasable","15":"product-type-simple"},"_links":{"self":[{"href":"https:\/\/www.happysunday.eu\/index.php?rest_route=\/wp\/v2\/product\/2839","targetHints":{"allow":["GET"]}}],"collection":[{"href":"https:\/\/www.happysunday.eu\/index.php?rest_route=\/wp\/v2\/product"}],"about":[{"href":"https:\/\/www.happysunday.eu\/index.php?rest_route=\/wp\/v2\/types\/product"}],"wp:featuredmedia":[{"embeddable":true,"href":"https:\/\/www.happysunday.eu\/index.php?rest_route=\/wp\/v2\/media\/2841"}],"wp:attachment":[{"href":"https:\/\/www.happysunday.eu\/index.php?rest_route=%2Fwp%2Fv2%2Fmedia&parent=2839"}],"wp:term":[{"taxonomy":"product_brand","embeddable":true,"href":"https:\/\/www.happysunday.eu\/index.php?rest_route=%2Fwp%2Fv2%2Fproduct_brand&post=2839"},{"taxonomy":"product_cat","embeddable":true,"href":"https:\/\/www.happysunday.eu\/index.php?rest_route=%2Fwp%2Fv2%2Fproduct_cat&post=2839"},{"taxonomy":"product_tag","embeddable":true,"href":"https:\/\/www.happysunday.eu\/index.php?rest_route=%2Fwp%2Fv2%2Fproduct_tag&post=2839"}],"curies":[{"name":"wp","href":"https:\/\/api.w.org\/{rel}","templated":true}]}}