{"id":3185,"date":"2024-07-09T09:10:03","date_gmt":"2024-07-09T09:10:03","guid":{"rendered":"https:\/\/www.happysunday.eu\/?post_type=product&#038;p=3185"},"modified":"2026-04-01T09:24:30","modified_gmt":"2026-04-01T09:24:30","slug":"brazilian-keratin-treatment-formaldehyde-free-150ml","status":"publish","type":"product","link":"https:\/\/www.happysunday.eu\/?product=brazilian-keratin-treatment-formaldehyde-free-150ml","title":{"rendered":"KERAT\u012aNA TAINO\u0160AN\u0100S PROCED\u016aRAS SAS\u0100VS PROF  FORMALDEHYDE FREE &#8211; 150ml"},"content":{"rendered":"<p>Braz\u012blijas kerat\u012bna matu taisno\u0161ana ar \u0161\u012b sviestu un augu prote\u012bniem. BEZ FORMALDEH\u012aDA<br \/>\nKerat\u012bna matu iztaisno\u0161anas un izl\u012bdzin\u0101\u0161anas proced\u016bra, kas bag\u0101tin\u0101ta ar augu izcelsmes prote\u012bniem (kvie\u0161u, sojas, kukur\u016bzas prote\u012bniem), kerat\u012bnu, z\u012bda prote\u012bniem un bag\u0101t\u012bg\u0101m m\u012bkstino\u0161\u0101m sast\u0101vda\u013c\u0101m.<br \/>\nFormula iztaisno matus un iek\u013c\u016bst garoz\u0101, p\u0101rstruktur\u0113jot matus. Tas nov\u0113r\u0161 \u010dokuro\u0161anos, nodro\u0161ina elast\u012bbu, maigumu un sp\u012bdumu.<\/p>\n<p>Evialia Brazilian Keratin Hair Treatment lieto\u0161anas instrukcija.<br \/>\nPirms s\u0101kat lietot jaunu terapiju, nov\u0113rt\u0113jiet matu kvalit\u0101ti un st\u0101vokli no iepriek\u0161\u0113j\u0101m kerat\u012bna proced\u016br\u0101m, cit\u0101m matu proced\u016br\u0101m vai \u0137\u012bmiskiem procesiem. P\u0113c tam nov\u0113rt\u0113jiet matu tipu un v\u0113lamo rezult\u0101tu (piem\u0113ram, \u010dokuro\u0161an\u0101s samazin\u0101\u0161ana vai absol\u016bt\u0101 iztaisno\u0161ana). Iztaisno\u0161anas apstr\u0101dei:<br \/>\n1. solis. Izmazg\u0101jiet matus ar EVIALIA SMART PRE-TREATMENT CLARIFYING SHAMPOO, piln\u012bb\u0101 izskalojiet un atk\u0101rtojiet. Atst\u0101jiet to uz matiem 5-10 min\u016btes, p\u0113c tam noskalojiet un nosusiniet matus ar dvieli, atst\u0101jot tos nedaudz mitrin\u0101tus.<br \/>\n2. solis. P\u0101rejiet uz n\u0101kamo soli, izmantojot EVIALIA BRAZILIAN KERATIN HAIR TREATMENT:<br \/>\nUzkl\u0101jiet uz pl\u0101n\u0101m da\u013c\u0101m 0,5 cm att\u0101lum\u0101 no sakn\u0113m un vis\u0101 matu garum\u0101. P\u0101rliecinieties, ka uz matiem ir pietiekami daudz produkta, un aptiniet tos ar caursp\u012bd\u012bgu membr\u0101nu. Atst\u0101jiet produktu uz matiem 40-60 min\u016btes, atkar\u012bb\u0101 no matu kvalit\u0101tes, uzkl\u0101jot siltumu ar f\u0113nu vai cit\u0101di izmantojot klimazonu.<br \/>\n3. solis. Izskalojiet ar lielu daudzumu remdena \u016bdens un nosusiniet matus ar f\u0113nu. Izmantojiet profesion\u0101lu gludekli, kura temperat\u016bra sasniedz 200\u00b0C \u2013 230\u00b0C. Kr\u0101sotiem vai balin\u0101tiem matiem izmantojiet zem\u0101ku temperat\u016bru (180\u00b0C &#8211; 210\u00b0C). \u013baujiet matiem atdzist 10-15 min\u016btes atkar\u012bb\u0101 no matu kvalit\u0101tes.<br \/>\n4. solis. Nemazg\u0101jiet matus 2-3 dienas.<br \/>\n5. solis. P\u0113c 2-3 izmazg\u0101jiet matus ar EVIALIA SMART P\u0112CAPSTR\u0100DES SHAMPOO SLES FREE, maigi iemas\u0113jiet un p\u0113c tam izskalojiet ar lielu \u016bdens daudzumu.<br \/>\n6. solis. Nosl\u0113gum\u0101 uzkl\u0101jiet EVIALIA SMART BOTOX P\u0112CAPSTR\u0100DES KONDICION\u0112RU un atst\u0101jiet to matos 10-15 min\u016btes, lai nofiks\u0113tu terapiju. R\u016bp\u012bgi noskalojiet ar \u016bdeni. Nosusiniet matus ar f\u0113nu un izmantojiet profesion\u0101lu gludekli zem\u0101 temperat\u016br\u0101, lai ieg\u016btu gal\u012bgo apdari.<br \/>\nMatu sprogu mazin\u0101\u0161anas terapijai bez absol\u016btas iztaisno\u0161anas: 3. sol\u012b neizmantojiet gludekli.<\/p>\n","protected":false},"excerpt":{"rendered":"<p>Braz\u012blijas kerat\u012bna matu taisno\u0161ana ar \u0161\u012b sviestu un augu prote\u012bniem. BEZ FORMALDEH\u012aDA Kerat\u012bna matu iztaisno\u0161anas un izl\u012bdzin\u0101\u0161anas proced\u016bra, kas bag\u0101tin\u0101ta ar augu izcelsmes prote\u012bniem (kvie\u0161u, sojas, kukur\u016bzas prote\u012bniem), kerat\u012bnu, z\u012bda prote\u012bniem un bag\u0101t\u012bg\u0101m m\u012bkstino\u0161\u0101m sast\u0101vda\u013c\u0101m. Formula iztaisno matus un iek\u013c\u016bst garoz\u0101, p\u0101rstruktur\u0113jot matus. Tas nov\u0113r\u0161 \u010dokuro\u0161anos, nodro\u0161ina elast\u012bbu, maigumu un sp\u012bdumu. Evialia Brazilian Keratin Hair Treatment lieto\u0161anas instrukcija. Pirms s\u0101kat lietot jaunu terapiju, nov\u0113rt\u0113jiet matu kvalit\u0101ti un st\u0101vokli no iepriek\u0161\u0113j\u0101m kerat\u012bna proced\u016br\u0101m, cit\u0101m matu proced\u016br\u0101m vai \u0137\u012bmiskiem procesiem. P\u0113c tam nov\u0113rt\u0113jiet matu tipu un v\u0113lamo rezult\u0101tu (piem\u0113ram, \u010dokuro\u0161an\u0101s samazin\u0101\u0161ana vai&hellip;<\/p>\n","protected":false},"featured_media":3186,"template":"","meta":[],"product_brand":[],"product_cat":[33,69,58],"product_tag":[],"class_list":{"0":"post-3185","1":"product","2":"type-product","3":"status-publish","4":"has-post-thumbnail","6":"product_cat-uncategorized","7":"product_cat-matu-kopsana-2","8":"product_cat-super-sale","10":"first","11":"instock","12":"sale","13":"shipping-taxable","14":"purchasable","15":"product-type-simple"},"_links":{"self":[{"href":"https:\/\/www.happysunday.eu\/index.php?rest_route=\/wp\/v2\/product\/3185","targetHints":{"allow":["GET"]}}],"collection":[{"href":"https:\/\/www.happysunday.eu\/index.php?rest_route=\/wp\/v2\/product"}],"about":[{"href":"https:\/\/www.happysunday.eu\/index.php?rest_route=\/wp\/v2\/types\/product"}],"wp:featuredmedia":[{"embeddable":true,"href":"https:\/\/www.happysunday.eu\/index.php?rest_route=\/wp\/v2\/media\/3186"}],"wp:attachment":[{"href":"https:\/\/www.happysunday.eu\/index.php?rest_route=%2Fwp%2Fv2%2Fmedia&parent=3185"}],"wp:term":[{"taxonomy":"product_brand","embeddable":true,"href":"https:\/\/www.happysunday.eu\/index.php?rest_route=%2Fwp%2Fv2%2Fproduct_brand&post=3185"},{"taxonomy":"product_cat","embeddable":true,"href":"https:\/\/www.happysunday.eu\/index.php?rest_route=%2Fwp%2Fv2%2Fproduct_cat&post=3185"},{"taxonomy":"product_tag","embeddable":true,"href":"https:\/\/www.happysunday.eu\/index.php?rest_route=%2Fwp%2Fv2%2Fproduct_tag&post=3185"}],"curies":[{"name":"wp","href":"https:\/\/api.w.org\/{rel}","templated":true}]}}