{"id":3188,"date":"2022-11-14T12:21:57","date_gmt":"2022-11-14T12:21:57","guid":{"rendered":"https:\/\/www.happysunday.eu\/?post_type=product&#038;p=3188"},"modified":"2026-04-07T06:58:17","modified_gmt":"2026-04-07T06:58:17","slug":"shampoo-smart-clarifying-pre-treatment-500ml","status":"publish","type":"product","link":"https:\/\/www.happysunday.eu\/?product=shampoo-smart-clarifying-pre-treatment-500ml","title":{"rendered":"PROF ATT\u012aRO\u0160S \u0160AMP\u016aNS PIRM KERAT\u012aNA TAINO\u0160AN\u0100S PROCED\u016aRAS &#8211; 500ml"},"content":{"rendered":"<p>Pirmsapstr\u0101des att\u012bro\u0161ajam \u0161amp\u016bnam ir s\u0101rmains Ph, kas atver matu folikulus un \u013cauj veiksm\u012bgi iek\u013c\u016bt kerat\u012bna vai botoksa kop\u0161anas l\u012bdzeklim.<br \/>\nTas ir ide\u0101li piem\u0113rots matu kr\u0101so\u0161anai un jebkurai citai \u0137\u012bmiskai apstr\u0101dei.<\/p>\n","protected":false},"excerpt":{"rendered":"<p>Pirmsapstr\u0101des att\u012bro\u0161ajam \u0161amp\u016bnam ir s\u0101rmains Ph, kas atver matu folikulus un \u013cauj veiksm\u012bgi iek\u013c\u016bt kerat\u012bna vai botoksa kop\u0161anas l\u012bdzeklim. Tas ir ide\u0101li piem\u0113rots matu kr\u0101so\u0161anai un jebkurai citai \u0137\u012bmiskai apstr\u0101dei.<\/p>\n","protected":false},"featured_media":3189,"template":"","meta":[],"product_brand":[],"product_cat":[33,58],"product_tag":[],"class_list":{"0":"post-3188","1":"product","2":"type-product","3":"status-publish","4":"has-post-thumbnail","6":"product_cat-uncategorized","7":"product_cat-super-sale","9":"first","10":"instock","11":"shipping-taxable","12":"purchasable","13":"product-type-simple"},"_links":{"self":[{"href":"https:\/\/www.happysunday.eu\/index.php?rest_route=\/wp\/v2\/product\/3188","targetHints":{"allow":["GET"]}}],"collection":[{"href":"https:\/\/www.happysunday.eu\/index.php?rest_route=\/wp\/v2\/product"}],"about":[{"href":"https:\/\/www.happysunday.eu\/index.php?rest_route=\/wp\/v2\/types\/product"}],"wp:featuredmedia":[{"embeddable":true,"href":"https:\/\/www.happysunday.eu\/index.php?rest_route=\/wp\/v2\/media\/3189"}],"wp:attachment":[{"href":"https:\/\/www.happysunday.eu\/index.php?rest_route=%2Fwp%2Fv2%2Fmedia&parent=3188"}],"wp:term":[{"taxonomy":"product_brand","embeddable":true,"href":"https:\/\/www.happysunday.eu\/index.php?rest_route=%2Fwp%2Fv2%2Fproduct_brand&post=3188"},{"taxonomy":"product_cat","embeddable":true,"href":"https:\/\/www.happysunday.eu\/index.php?rest_route=%2Fwp%2Fv2%2Fproduct_cat&post=3188"},{"taxonomy":"product_tag","embeddable":true,"href":"https:\/\/www.happysunday.eu\/index.php?rest_route=%2Fwp%2Fv2%2Fproduct_tag&post=3188"}],"curies":[{"name":"wp","href":"https:\/\/api.w.org\/{rel}","templated":true}]}}