{"id":3266,"date":"2022-11-21T21:25:14","date_gmt":"2022-11-21T21:25:14","guid":{"rendered":"https:\/\/www.happysunday.eu\/?post_type=product&#038;p=3266"},"modified":"2026-05-05T07:33:57","modified_gmt":"2026-05-05T07:33:57","slug":"black-lift-9-bleaching-powder-500gr","status":"publish","type":"product","link":"https:\/\/www.happysunday.eu\/?product=black-lift-9-bleaching-powder-500gr","title":{"rendered":"MATU BALINO\u0160S PUDERIS 500gr"},"content":{"rendered":"<p>Pateicoties t\u0101 \u012bpa\u0161ajam sast\u0101vam, melnajam balin\u0101\u0161anas pulverim ir balino\u0161a un kondicion\u0113jo\u0161a iedarb\u012bba, vienlaikus nodro\u0161inot t\u012bru pel\u0113ko rezult\u0101tu un smil\u0161kr\u0101sas nokr\u0101sas bez dzelteniem atsp\u012bdumiem. Tas ir sajaukts ar Developer (10 l\u012bdz 40 tilp.), un tas rada kompaktu viendab\u012bgu kr\u0113mu, kas var balin\u0101t l\u012bdz pat 9 to\u0146iem. To var izmantot k\u0101 visus tradicion\u0101los balin\u0101\u0161anas pulverus.<\/p>\n","protected":false},"excerpt":{"rendered":"<p>Pateicoties t\u0101 \u012bpa\u0161ajam sast\u0101vam, melnajam balin\u0101\u0161anas pulverim ir balino\u0161a un kondicion\u0113jo\u0161a iedarb\u012bba, vienlaikus nodro\u0161inot t\u012bru pel\u0113ko rezult\u0101tu un smil\u0161kr\u0101sas nokr\u0101sas bez dzelteniem atsp\u012bdumiem. Tas ir sajaukts ar Developer (10 l\u012bdz 40 tilp.), un tas rada kompaktu viendab\u012bgu kr\u0113mu, kas var balin\u0101t l\u012bdz pat 9 to\u0146iem. To var izmantot k\u0101 visus tradicion\u0101los balin\u0101\u0161anas pulverus.<\/p>\n","protected":false},"featured_media":3267,"template":"","meta":[],"product_brand":[],"product_cat":[33,58],"product_tag":[],"class_list":{"0":"post-3266","1":"product","2":"type-product","3":"status-publish","4":"has-post-thumbnail","6":"product_cat-uncategorized","7":"product_cat-super-sale","9":"first","10":"instock","11":"shipping-taxable","12":"purchasable","13":"product-type-simple"},"_links":{"self":[{"href":"https:\/\/www.happysunday.eu\/index.php?rest_route=\/wp\/v2\/product\/3266","targetHints":{"allow":["GET"]}}],"collection":[{"href":"https:\/\/www.happysunday.eu\/index.php?rest_route=\/wp\/v2\/product"}],"about":[{"href":"https:\/\/www.happysunday.eu\/index.php?rest_route=\/wp\/v2\/types\/product"}],"wp:featuredmedia":[{"embeddable":true,"href":"https:\/\/www.happysunday.eu\/index.php?rest_route=\/wp\/v2\/media\/3267"}],"wp:attachment":[{"href":"https:\/\/www.happysunday.eu\/index.php?rest_route=%2Fwp%2Fv2%2Fmedia&parent=3266"}],"wp:term":[{"taxonomy":"product_brand","embeddable":true,"href":"https:\/\/www.happysunday.eu\/index.php?rest_route=%2Fwp%2Fv2%2Fproduct_brand&post=3266"},{"taxonomy":"product_cat","embeddable":true,"href":"https:\/\/www.happysunday.eu\/index.php?rest_route=%2Fwp%2Fv2%2Fproduct_cat&post=3266"},{"taxonomy":"product_tag","embeddable":true,"href":"https:\/\/www.happysunday.eu\/index.php?rest_route=%2Fwp%2Fv2%2Fproduct_tag&post=3266"}],"curies":[{"name":"wp","href":"https:\/\/api.w.org\/{rel}","templated":true}]}}