{"id":3658,"date":"2023-03-10T18:24:04","date_gmt":"2023-03-10T18:24:04","guid":{"rendered":"https:\/\/www.happysunday.eu\/?post_type=product&#038;p=3658"},"modified":"2026-04-07T06:59:56","modified_gmt":"2026-04-07T06:59:56","slug":"verdeoasi-sos-dark-spots","status":"publish","type":"product","link":"https:\/\/www.happysunday.eu\/?product=verdeoasi-sos-dark-spots","title":{"rendered":"PIGMENTA PLANKUMU BALINO\u0160S KONCENTR\u0100TS 15ML"},"content":{"rendered":"<div id=\"product-title\">\n<p>VERDEOASI *pier\u0101d\u012bta depigment\u0113jo\u0161a darb\u012bba<br \/>\nTas kori\u0123\u0113 un redzami samazina tum\u0161o plankumu intensit\u0101ti, regul\u0113jot melan\u012bna sint\u0113zi un nov\u0113r\u0161ot jaunu veido\u0161anos. Regul\u0101ra lieto\u0161ana samazina tum\u0161o plankumu par\u0101d\u012b\u0161anos, un \u0101da izskat\u0101s vienm\u0113r\u012bg\u0101ka un gai\u0161\u0101ka.<br \/>\nVEGAN FORMULA &#8211; 78,92% Dab\u012bgs<\/p>\n<p>Efekt\u012bva un koncentr\u0113ta proced\u016bra, kas iedarbojas uz \u0101das tum\u0161ajiem plankumiem. Hiperpigment\u0113tus plankumus izraisa vair\u0101ki faktori, piem\u0113ram, p\u0101rm\u0113r\u012bga saules iedarb\u012bba, br\u012bvie radik\u0101\u013ci vai pie\u0146\u0113mums par z\u0101l\u0113m. Sos Dark Spots* garant\u0113 progres\u012bvu un ilgsto\u0161u izgaismojo\u0161u aktivit\u0101ti, kas \u0101rst\u0113 un pal\u012bdz nov\u0113rst tum\u0161o plankumu veido\u0161anos. Dienu no dienas \u0101da atg\u016bst savu mirdzumu un viendab\u012bgumu, izskatoties jaun\u0101ka un toniz\u0113t\u0101ka, un \u0101das tonis ir regul\u0101rs un vienm\u0113r\u012bgs.<\/p>\n<p>P\u0113c nakts t\u012br\u012b\u0161anas uzkl\u0101jiet produktu lok\u0101li uz tum\u0161ajiem plankumiem un \u013caujiet tam ies\u016bkties.<br \/>\nNo r\u012bta vienm\u0113r uzkl\u0101jiet mitrino\u0161u kr\u0113mu ar sau\u013co\u0161an\u0101s l\u012bdzekli.<br \/>\nIzvairieties no saskares ar ac\u012bm.<\/p>\n<\/div>\n<p><strong>KOJIC ACID DIPALMITATE<\/strong>: Kojic Acid corrects skin hyperpigmentation blemishes because it has an inhibitory action against tyrosinase, the enzyme that controls melanin synthesis. However, its use can be aggressive on the most delicate skin. In this formulation there is Kojic Acid Dipalmitate, which is more respectful of the skin while it effectively acts on the reduction dark spots, as several studies have shown.<br \/>\n<strong>VITAMIN E ACETATE<\/strong>: substance characterized by a powerful antioxidant power that counteracts free radicals and defends skin from oxidative stress.<\/p>\n","protected":false},"excerpt":{"rendered":"<p>VERDEOASI *pier\u0101d\u012bta depigment\u0113jo\u0161a darb\u012bba Tas kori\u0123\u0113 un redzami samazina tum\u0161o plankumu intensit\u0101ti, regul\u0113jot melan\u012bna sint\u0113zi un nov\u0113r\u0161ot jaunu veido\u0161anos. Regul\u0101ra lieto\u0161ana samazina tum\u0161o plankumu par\u0101d\u012b\u0161anos, un \u0101da izskat\u0101s vienm\u0113r\u012bg\u0101ka un gai\u0161\u0101ka. VEGAN FORMULA &#8211; 78,92% Dab\u012bgs Efekt\u012bva un koncentr\u0113ta proced\u016bra, kas iedarbojas uz \u0101das tum\u0161ajiem plankumiem. Hiperpigment\u0113tus plankumus izraisa vair\u0101ki faktori, piem\u0113ram, p\u0101rm\u0113r\u012bga saules iedarb\u012bba, br\u012bvie radik\u0101\u013ci vai pie\u0146\u0113mums par z\u0101l\u0113m. Sos Dark Spots* garant\u0113 progres\u012bvu un ilgsto\u0161u izgaismojo\u0161u aktivit\u0101ti, kas \u0101rst\u0113 un pal\u012bdz nov\u0113rst tum\u0161o plankumu veido\u0161anos. Dienu no dienas \u0101da atg\u016bst savu mirdzumu un viendab\u012bgumu, izskatoties jaun\u0101ka un&hellip;<\/p>\n","protected":false},"featured_media":3659,"template":"","meta":[],"product_brand":[],"product_cat":[63,58],"product_tag":[],"class_list":{"0":"post-3658","1":"product","2":"type-product","3":"status-publish","4":"has-post-thumbnail","6":"product_cat-kosmetologija","7":"product_cat-super-sale","9":"first","10":"instock","11":"shipping-taxable","12":"purchasable","13":"product-type-simple"},"_links":{"self":[{"href":"https:\/\/www.happysunday.eu\/index.php?rest_route=\/wp\/v2\/product\/3658","targetHints":{"allow":["GET"]}}],"collection":[{"href":"https:\/\/www.happysunday.eu\/index.php?rest_route=\/wp\/v2\/product"}],"about":[{"href":"https:\/\/www.happysunday.eu\/index.php?rest_route=\/wp\/v2\/types\/product"}],"wp:featuredmedia":[{"embeddable":true,"href":"https:\/\/www.happysunday.eu\/index.php?rest_route=\/wp\/v2\/media\/3659"}],"wp:attachment":[{"href":"https:\/\/www.happysunday.eu\/index.php?rest_route=%2Fwp%2Fv2%2Fmedia&parent=3658"}],"wp:term":[{"taxonomy":"product_brand","embeddable":true,"href":"https:\/\/www.happysunday.eu\/index.php?rest_route=%2Fwp%2Fv2%2Fproduct_brand&post=3658"},{"taxonomy":"product_cat","embeddable":true,"href":"https:\/\/www.happysunday.eu\/index.php?rest_route=%2Fwp%2Fv2%2Fproduct_cat&post=3658"},{"taxonomy":"product_tag","embeddable":true,"href":"https:\/\/www.happysunday.eu\/index.php?rest_route=%2Fwp%2Fv2%2Fproduct_tag&post=3658"}],"curies":[{"name":"wp","href":"https:\/\/api.w.org\/{rel}","templated":true}]}}