{"id":3839,"date":"2023-05-11T12:08:34","date_gmt":"2023-05-11T12:08:34","guid":{"rendered":"https:\/\/www.happysunday.eu\/?post_type=product&#038;p=3839"},"modified":"2026-04-07T06:59:56","modified_gmt":"2026-04-07T06:59:56","slug":"whitening-day-cream-hydrating-spf-50","status":"publish","type":"product","link":"https:\/\/www.happysunday.eu\/?product=whitening-day-cream-hydrating-spf-50","title":{"rendered":"PIGMENTA PLANKUMU BALINO\u0160S SEJAS KR\u0112MS AR SPF 50 50ML"},"content":{"rendered":"<div id=\"product-title\">\n<p><b>VERDEOASI WHITENING DAY CREAM HYDRATING 50ml<\/b><\/p>\n<p>Visiem \u0101das tipiem. Tas nodro\u0161ina ikdienas aizsardz\u012bbu no UVA un UVB stariem. Tas samazina tum\u0161os plankumus un \u0101das kr\u0101sas izmai\u0146as, izl\u012bdzinot kr\u0101su un mitrinot \u0101du. Formula satur balino\u0161os l\u012bdzek\u013cus, kas iedarbojas uz eso\u0161ajiem tum\u0161ajiem plankumiem un kav\u0113 melan\u012bna sint\u0113zi, izvairoties no jaunu veido\u0161an\u0101s.<br \/>\n74,55% dab\u012bgs<\/p>\n<p>Lieto\u0161ana: no r\u012bta uzkl\u0101t uz piln\u012bgi att\u012br\u012btas sejas un kakla.<\/p>\n<p>Funkcion\u0101l\u0101s sast\u0101vda\u013cas: \u00a0UVA UVB UVC aizsardz\u012bba, tit\u0101na dioks\u012bds \u2013 UVB aizsardz\u012bba, j\u016bras kolag\u0113ns \u2013 mitrino\u0161s. GLYCERIN,\u00a0OLEA EUROPAEA OIL, SHEA BUTTER.<\/p>\n<p>Dermatolo\u0123iski p\u0101rbaud\u012bts.<\/p>\n<\/div>\n","protected":false},"excerpt":{"rendered":"<p>VERDEOASI WHITENING DAY CREAM HYDRATING 50ml Visiem \u0101das tipiem. Tas nodro\u0161ina ikdienas aizsardz\u012bbu no UVA un UVB stariem. Tas samazina tum\u0161os plankumus un \u0101das kr\u0101sas izmai\u0146as, izl\u012bdzinot kr\u0101su un mitrinot \u0101du. Formula satur balino\u0161os l\u012bdzek\u013cus, kas iedarbojas uz eso\u0161ajiem tum\u0161ajiem plankumiem un kav\u0113 melan\u012bna sint\u0113zi, izvairoties no jaunu veido\u0161an\u0101s. 74,55% dab\u012bgs Lieto\u0161ana: no r\u012bta uzkl\u0101t uz piln\u012bgi att\u012br\u012btas sejas un kakla. Funkcion\u0101l\u0101s sast\u0101vda\u013cas: \u00a0UVA UVB UVC aizsardz\u012bba, tit\u0101na dioks\u012bds \u2013 UVB aizsardz\u012bba, j\u016bras kolag\u0113ns \u2013 mitrino\u0161s. GLYCERIN,\u00a0OLEA EUROPAEA OIL, SHEA BUTTER. Dermatolo\u0123iski p\u0101rbaud\u012bts.<\/p>\n","protected":false},"featured_media":3840,"template":"","meta":[],"product_brand":[],"product_cat":[84,63,58],"product_tag":[],"class_list":{"0":"post-3839","1":"product","2":"type-product","3":"status-publish","4":"has-post-thumbnail","6":"product_cat-saules-kosmetika","7":"product_cat-kosmetologija","8":"product_cat-super-sale","10":"first","11":"instock","12":"shipping-taxable","13":"purchasable","14":"product-type-simple"},"_links":{"self":[{"href":"https:\/\/www.happysunday.eu\/index.php?rest_route=\/wp\/v2\/product\/3839","targetHints":{"allow":["GET"]}}],"collection":[{"href":"https:\/\/www.happysunday.eu\/index.php?rest_route=\/wp\/v2\/product"}],"about":[{"href":"https:\/\/www.happysunday.eu\/index.php?rest_route=\/wp\/v2\/types\/product"}],"wp:featuredmedia":[{"embeddable":true,"href":"https:\/\/www.happysunday.eu\/index.php?rest_route=\/wp\/v2\/media\/3840"}],"wp:attachment":[{"href":"https:\/\/www.happysunday.eu\/index.php?rest_route=%2Fwp%2Fv2%2Fmedia&parent=3839"}],"wp:term":[{"taxonomy":"product_brand","embeddable":true,"href":"https:\/\/www.happysunday.eu\/index.php?rest_route=%2Fwp%2Fv2%2Fproduct_brand&post=3839"},{"taxonomy":"product_cat","embeddable":true,"href":"https:\/\/www.happysunday.eu\/index.php?rest_route=%2Fwp%2Fv2%2Fproduct_cat&post=3839"},{"taxonomy":"product_tag","embeddable":true,"href":"https:\/\/www.happysunday.eu\/index.php?rest_route=%2Fwp%2Fv2%2Fproduct_tag&post=3839"}],"curies":[{"name":"wp","href":"https:\/\/api.w.org\/{rel}","templated":true}]}}