{"id":3943,"date":"2023-05-30T07:00:17","date_gmt":"2023-05-30T07:00:17","guid":{"rendered":"https:\/\/www.happysunday.eu\/?post_type=product&#038;p=3943"},"modified":"2026-04-07T06:59:55","modified_gmt":"2026-04-07T06:59:55","slug":"plastificejosa-alginata-maska-detox-peel-off-mask-250g","status":"publish","type":"product","link":"https:\/\/www.happysunday.eu\/?product=plastificejosa-alginata-maska-detox-peel-off-mask-250g","title":{"rendered":"Plastific\u0113jo\u0161\u0101 algin\u0101ta maska  \u2013 Anti-photoaging peel-off mask 250g"},"content":{"rendered":"<div id=\"product-title\">\n<p>Ar margrieti\u0146u ekstraktu<\/p>\n<p>Maska ar pretfotonoveco\u0161anos, iedarbojas pret redzamaj\u0101m noveco\u0161an\u0101s paz\u012bm\u0113m, kas rodas saules iedarb\u012bbas rezult\u0101t\u0101, pamatojoties uz algin\u0101tiem un diatom\u012btu.<\/p>\n<p>Satur margrieti\u0146u ekstraktu, kas pal\u012bdz likvid\u0113t tum\u0161os plankumus, stimul\u0113jot to izzu\u0161anu un vienojot \u0101das toni.<\/p>\n<p>P\u0113c uzkl\u0101\u0161anas tas nodro\u0161ina pat\u012bkamu t\u016bl\u012bt\u0113ju efektu, kas izgaismo un atdz\u012bvina sejas ov\u0101lu. Uzlabojiet plankumu un hiperpigment\u0113tu zonu izskatu.<\/p>\n<p>Atjaunojo\u0161a, izgaismojo\u0161a un pret plankumu iedarb\u012bba.<\/p>\n<p>AKT\u012aV\u0100S SAST\u0100VDA\u013bAS<br \/>\nMargrieti\u0146as ekstrakts: kav\u0113 melan\u012bna veido\u0161anos \u0101d\u0101, trauc\u0113jot pirms sint\u0113zes s\u0101kuma un kav\u0113jot melan\u012bna sint\u0113zei nepiecie\u0161amo prote\u012bnu ekspresiju, kas tiek aktiviz\u0113ta, kad \u0101da tiek pak\u013cauta UV starojumam. Melan\u012bna ra\u017eo\u0161anas procesa laik\u0101 margrieti\u0146u ekstrakts samazina keratinoc\u012btu rad\u012bt\u0101s melanosomas un pal\u0113nina enz\u012bma, ko sauc par tirozin\u0101zi, aktivit\u0101ti, kas iedarbojas, pa\u0101trinot melan\u012bna ra\u017eo\u0161anu.<\/p>\n<p>Dabisk\u0101s sast\u0101vda\u013cas:<\/p>\n<p>99% dab\u012bgas izcelsmes \u0101dai draudz\u012bgas sast\u0101vda\u013cas:<br \/>\nBellis Perennis (Margrieti\u0146as) ziedu ekstrakts.<br \/>\nDermatolo\u0123iski p\u0101rbaud\u012bts.<\/p>\n<p>K\u0100 IZMANTOT<br \/>\nIelejiet b\u013cod\u0101 25 g pulvera un pievienojiet 50 ml \u016bdens.<br \/>\nSp\u0113c\u012bgi samaisiet, l\u012bdz ieg\u016bstat viendab\u012bgu masu.<br \/>\nUzkl\u0101jiet uz apstr\u0101d\u0101jam\u0101s vietas. Ja maskas sl\u0101nis nav pietiekami biezs, rezult\u0101ti neb\u016bs tik lieli, k\u0101 gaid\u012bts.<br \/>\nAtst\u0101jiet masku zem iedarb\u012bbas vismaz 15 min\u016btes.<br \/>\nNo\u0146emiet masku un no\u0146emiet to vien\u0101 gabal\u0101.<\/p>\n<\/div>\n","protected":false},"excerpt":{"rendered":"<p>Ar margrieti\u0146u ekstraktu Maska ar pretfotonoveco\u0161anos, iedarbojas pret redzamaj\u0101m noveco\u0161an\u0101s paz\u012bm\u0113m, kas rodas saules iedarb\u012bbas rezult\u0101t\u0101, pamatojoties uz algin\u0101tiem un diatom\u012btu. Satur margrieti\u0146u ekstraktu, kas pal\u012bdz likvid\u0113t tum\u0161os plankumus, stimul\u0113jot to izzu\u0161anu un vienojot \u0101das toni. P\u0113c uzkl\u0101\u0161anas tas nodro\u0161ina pat\u012bkamu t\u016bl\u012bt\u0113ju efektu, kas izgaismo un atdz\u012bvina sejas ov\u0101lu. Uzlabojiet plankumu un hiperpigment\u0113tu zonu izskatu. Atjaunojo\u0161a, izgaismojo\u0161a un pret plankumu iedarb\u012bba. AKT\u012aV\u0100S SAST\u0100VDA\u013bAS Margrieti\u0146as ekstrakts: kav\u0113 melan\u012bna veido\u0161anos \u0101d\u0101, trauc\u0113jot pirms sint\u0113zes s\u0101kuma un kav\u0113jot melan\u012bna sint\u0113zei nepiecie\u0161amo prote\u012bnu ekspresiju, kas tiek aktiviz\u0113ta, kad \u0101da tiek pak\u013cauta UV starojumam. Melan\u012bna&hellip;<\/p>\n","protected":false},"featured_media":3949,"template":"","meta":[],"product_brand":[],"product_cat":[33,63],"product_tag":[],"class_list":{"0":"post-3943","1":"product","2":"type-product","3":"status-publish","4":"has-post-thumbnail","6":"product_cat-uncategorized","7":"product_cat-kosmetologija","9":"first","10":"instock","11":"shipping-taxable","12":"purchasable","13":"product-type-simple"},"_links":{"self":[{"href":"https:\/\/www.happysunday.eu\/index.php?rest_route=\/wp\/v2\/product\/3943","targetHints":{"allow":["GET"]}}],"collection":[{"href":"https:\/\/www.happysunday.eu\/index.php?rest_route=\/wp\/v2\/product"}],"about":[{"href":"https:\/\/www.happysunday.eu\/index.php?rest_route=\/wp\/v2\/types\/product"}],"wp:featuredmedia":[{"embeddable":true,"href":"https:\/\/www.happysunday.eu\/index.php?rest_route=\/wp\/v2\/media\/3949"}],"wp:attachment":[{"href":"https:\/\/www.happysunday.eu\/index.php?rest_route=%2Fwp%2Fv2%2Fmedia&parent=3943"}],"wp:term":[{"taxonomy":"product_brand","embeddable":true,"href":"https:\/\/www.happysunday.eu\/index.php?rest_route=%2Fwp%2Fv2%2Fproduct_brand&post=3943"},{"taxonomy":"product_cat","embeddable":true,"href":"https:\/\/www.happysunday.eu\/index.php?rest_route=%2Fwp%2Fv2%2Fproduct_cat&post=3943"},{"taxonomy":"product_tag","embeddable":true,"href":"https:\/\/www.happysunday.eu\/index.php?rest_route=%2Fwp%2Fv2%2Fproduct_tag&post=3943"}],"curies":[{"name":"wp","href":"https:\/\/api.w.org\/{rel}","templated":true}]}}