{"id":3955,"date":"2023-06-01T10:49:17","date_gmt":"2023-06-01T10:49:17","guid":{"rendered":"https:\/\/www.happysunday.eu\/?post_type=product&#038;p=3955"},"modified":"2026-04-07T06:59:55","modified_gmt":"2026-04-07T06:59:55","slug":"hyaluronic-acid-peptides-moisturizing-plumping-facial-serum-30ml","status":"publish","type":"product","link":"https:\/\/www.happysunday.eu\/?product=hyaluronic-acid-peptides-moisturizing-plumping-facial-serum-30ml","title":{"rendered":"HYALURONIC ACID  + PEPTIDES &#8211; MOISTURIZING PLUMPING FACIAL SERUM 30ml"},"content":{"rendered":"<div id=\"product-title\">\n<p class=\"p1\"><strong><span class=\"s1\">HIALURONSK\u0100BE + PEPT\u012aDI \u2013 INTENS\u012aVI MITRINO\u0160S UN PRETNOVECO\u0160AN\u0100S SEJAS SERUMS<\/span><\/strong><\/p>\n<p class=\"p1\"><strong><span class=\"s1\">93,9% DAB\u012aGS \u2013 0% PARFUM<\/span><\/strong><\/p>\n<p class=\"p1\"><span class=\"s2\">Intens\u012bvs sejas serums ar dzi\u013cu mitrino\u0161u un pretnoveco\u0161an\u0101s iedarb\u012bbu, bag\u0101tin\u0101ts ar augstas molekulmasas hialuronsk\u0101bi, hialuronsk\u0101bes prekursoru un akt\u012bviem pept\u012bdiem. \u0160\u012bs tr\u012bs siner\u0123iski darbojo\u0161\u0101s sast\u0101vda\u013cas pal\u012bdz \u0101dai saglab\u0101t jaunekl\u012bgu izskatu, mazinot redzam\u0101s noveco\u0161an\u0101s paz\u012bmes.<\/span><\/p>\n<p class=\"p1\"><span class=\"s1\">Hialuronsk\u0101be<\/span><span class=\"s2\"> darbojas k\u0101 dabisks mitruma magn\u0113ts \u2013 t\u0101 piesaista un notur mitrumu dzi\u013c\u0101kajos \u0101das sl\u0101\u0146os, nodro\u0161inot intens\u012bvu mitrin\u0101\u0161anu un padarot \u0101du glud\u0101ku, elast\u012bg\u0101ku un mirdzo\u0161\u0101ku. Hialuronsk\u0101bes prekursori stimul\u0113 \u0101du atjaunoties un pastiprina \u0161\u012bs iedarb\u012bbas dzi\u013cumu.<\/span><\/p>\n<p class=\"p1\"><span class=\"s1\">Pept\u012bdi<\/span><span class=\"s2\"> ir mazas aminosk\u0101bju \u0137\u0113des, kas veicina kolag\u0113na un elast\u012bna sint\u0113zi \u2013 tie ir galvenie \u0101das strukt\u016bras prote\u012bni, kas pie\u0161\u0137ir tai tvirtumu un iztur\u012bbu. Pept\u012bdi pal\u012bdz samazin\u0101t grumbas, uzlabot \u0101das tekst\u016bru un aizkav\u0113 noveco\u0161an\u0101s procesu, tostarp fotonoveco\u0161anos, ko izraisa saules iedarb\u012bba.<\/span><\/p>\n<p class=\"p1\"><span class=\"s2\">Regul\u0101ra lieto\u0161ana pal\u012bdz nov\u0113rst pak\u0101penisku \u0101das elast\u012bbas un tvirtuma zudumu, k\u0101 ar\u012b c\u012bn\u0101s ar smalko l\u012bniju un grumbu veido\u0161anos.<\/span><\/p>\n<p class=\"p1\"><span class=\"s1\">Piem\u0113rots visiem \u0101das tipiem<\/span><span class=\"s2\">, ieskaitot jut\u012bgu \u0101du. \u012apa\u0161i ieteicams nobriedu\u0161ai \u0101dai ar redzam\u0101m noveco\u0161an\u0101s paz\u012bm\u0113m, bet ar\u012b ide\u0101li piem\u0113rots jaun\u0101kai \u0101dai k\u0101 profilakses l\u012bdzeklis \u0101das noveco\u0161an\u0101s aizkav\u0113\u0161anai.<\/span><\/p>\n<p class=\"p1\"><strong><span class=\"s1\">LIETO\u0160ANA:<\/span><\/strong><span class=\"s2\"> Uzkl\u0101jiet da\u017eus pilienus seruma no r\u012bta un vakar\u0101 uz r\u016bp\u012bgi att\u012br\u012btas sejas un kakla \u0101das. Viegli iemas\u0113jiet, l\u012bdz produkts piln\u012bb\u0101 uzs\u016bcas. P\u0113c tam lietojiet savu ierasto sejas kr\u0113mu. Tikai \u0101r\u012bgai lieto\u0161anai.<\/span><\/p>\n<\/div>\n","protected":false},"excerpt":{"rendered":"<p>HIALURONSK\u0100BE + PEPT\u012aDI \u2013 INTENS\u012aVI MITRINO\u0160S UN PRETNOVECO\u0160AN\u0100S SEJAS SERUMS 93,9% DAB\u012aGS \u2013 0% PARFUM Intens\u012bvs sejas serums ar dzi\u013cu mitrino\u0161u un pretnoveco\u0161an\u0101s iedarb\u012bbu, bag\u0101tin\u0101ts ar augstas molekulmasas hialuronsk\u0101bi, hialuronsk\u0101bes prekursoru un akt\u012bviem pept\u012bdiem. \u0160\u012bs tr\u012bs siner\u0123iski darbojo\u0161\u0101s sast\u0101vda\u013cas pal\u012bdz \u0101dai saglab\u0101t jaunekl\u012bgu izskatu, mazinot redzam\u0101s noveco\u0161an\u0101s paz\u012bmes. Hialuronsk\u0101be darbojas k\u0101 dabisks mitruma magn\u0113ts \u2013 t\u0101 piesaista un notur mitrumu dzi\u013c\u0101kajos \u0101das sl\u0101\u0146os, nodro\u0161inot intens\u012bvu mitrin\u0101\u0161anu un padarot \u0101du glud\u0101ku, elast\u012bg\u0101ku un mirdzo\u0161\u0101ku. Hialuronsk\u0101bes prekursori stimul\u0113 \u0101du atjaunoties un pastiprina \u0161\u012bs iedarb\u012bbas dzi\u013cumu. Pept\u012bdi ir mazas aminosk\u0101bju \u0137\u0113des, kas veicina&hellip;<\/p>\n","protected":false},"featured_media":3956,"template":"","meta":[],"product_brand":[],"product_cat":[71,33,63],"product_tag":[],"class_list":{"0":"post-3955","1":"product","2":"type-product","3":"status-publish","4":"has-post-thumbnail","6":"product_cat-davanas","7":"product_cat-uncategorized","8":"product_cat-kosmetologija","10":"first","11":"instock","12":"shipping-taxable","13":"purchasable","14":"product-type-simple"},"_links":{"self":[{"href":"https:\/\/www.happysunday.eu\/index.php?rest_route=\/wp\/v2\/product\/3955","targetHints":{"allow":["GET"]}}],"collection":[{"href":"https:\/\/www.happysunday.eu\/index.php?rest_route=\/wp\/v2\/product"}],"about":[{"href":"https:\/\/www.happysunday.eu\/index.php?rest_route=\/wp\/v2\/types\/product"}],"wp:featuredmedia":[{"embeddable":true,"href":"https:\/\/www.happysunday.eu\/index.php?rest_route=\/wp\/v2\/media\/3956"}],"wp:attachment":[{"href":"https:\/\/www.happysunday.eu\/index.php?rest_route=%2Fwp%2Fv2%2Fmedia&parent=3955"}],"wp:term":[{"taxonomy":"product_brand","embeddable":true,"href":"https:\/\/www.happysunday.eu\/index.php?rest_route=%2Fwp%2Fv2%2Fproduct_brand&post=3955"},{"taxonomy":"product_cat","embeddable":true,"href":"https:\/\/www.happysunday.eu\/index.php?rest_route=%2Fwp%2Fv2%2Fproduct_cat&post=3955"},{"taxonomy":"product_tag","embeddable":true,"href":"https:\/\/www.happysunday.eu\/index.php?rest_route=%2Fwp%2Fv2%2Fproduct_tag&post=3955"}],"curies":[{"name":"wp","href":"https:\/\/api.w.org\/{rel}","templated":true}]}}