{"id":427,"date":"2020-04-30T09:27:25","date_gmt":"2020-04-30T09:27:25","guid":{"rendered":"http:\/\/www.happysunday.eu\/?post_type=product&#038;p=427"},"modified":"2026-04-07T06:52:42","modified_gmt":"2026-04-07T06:52:42","slug":"bubble-gum-1l","status":"publish","type":"product","link":"https:\/\/www.happysunday.eu\/?product=bubble-gum-1l","title":{"rendered":"Bubble Gum Conditioner 1l"},"content":{"rendered":"<p>Profesion\u0101ls kondicionieris.<\/p>\n<p>Tas satur A, E un F vitam\u012bnus.<br \/>\n&#8211; A vitam\u012bns stiprina matus no sakn\u0113m l\u012bdz galiem, aptur matu l\u016b\u0161anu un matu \u0161\u0137el\u0161anos un pal\u012bdz tiem augt.<br \/>\n&#8211; E vitam\u012bns uztur matus mitrin\u0101tu, aizsarg\u0101 tos no saules iedarb\u012bbas un sausuma un pied\u0101v\u0101 sp\u012bdumu.<br \/>\n&#8211; F vitam\u012bns aizsarg\u0101 galvas \u0101du no sausuma un karstuma. Darbojas ar\u012b pret matu l\u016b\u0161anu.<\/p>\n<p>Formula bez parab\u0113niem un silikona.<\/p>\n<p>Ide\u0101li piem\u0113rots ikdienas lieto\u0161anai un visiem matu tipiem.<\/p>\n<p>Padoms: Izmantojiet \u0161amp\u016bnu ar kondicionieri dzi\u013cai mitrin\u0101\u0161anai un ilgsto\u0161iem arom\u0101tiskiem matiem!<\/p>\n","protected":false},"excerpt":{"rendered":"<p>Profesion\u0101ls kondicionieris. Tas satur A, E un F vitam\u012bnus. &#8211; A vitam\u012bns stiprina matus no sakn\u0113m l\u012bdz galiem, aptur matu l\u016b\u0161anu un matu \u0161\u0137el\u0161anos un pal\u012bdz tiem augt. &#8211; E vitam\u012bns uztur matus mitrin\u0101tu, aizsarg\u0101 tos no saules iedarb\u012bbas un sausuma un pied\u0101v\u0101 sp\u012bdumu. &#8211; F vitam\u012bns aizsarg\u0101 galvas \u0101du no sausuma un karstuma. Darbojas ar\u012b pret matu l\u016b\u0161anu. Formula bez parab\u0113niem un silikona. Ide\u0101li piem\u0113rots ikdienas lieto\u0161anai un visiem matu tipiem. Padoms: Izmantojiet \u0161amp\u016bnu ar kondicionieri dzi\u013cai mitrin\u0101\u0161anai un ilgsto\u0161iem arom\u0101tiskiem matiem!<\/p>\n","protected":false},"featured_media":428,"template":"","meta":[],"product_brand":[],"product_cat":[69],"product_tag":[],"class_list":{"0":"post-427","1":"product","2":"type-product","3":"status-publish","4":"has-post-thumbnail","6":"product_cat-matu-kopsana-2","8":"first","9":"instock","10":"shipping-taxable","11":"purchasable","12":"product-type-simple"},"_links":{"self":[{"href":"https:\/\/www.happysunday.eu\/index.php?rest_route=\/wp\/v2\/product\/427","targetHints":{"allow":["GET"]}}],"collection":[{"href":"https:\/\/www.happysunday.eu\/index.php?rest_route=\/wp\/v2\/product"}],"about":[{"href":"https:\/\/www.happysunday.eu\/index.php?rest_route=\/wp\/v2\/types\/product"}],"wp:featuredmedia":[{"embeddable":true,"href":"https:\/\/www.happysunday.eu\/index.php?rest_route=\/wp\/v2\/media\/428"}],"wp:attachment":[{"href":"https:\/\/www.happysunday.eu\/index.php?rest_route=%2Fwp%2Fv2%2Fmedia&parent=427"}],"wp:term":[{"taxonomy":"product_brand","embeddable":true,"href":"https:\/\/www.happysunday.eu\/index.php?rest_route=%2Fwp%2Fv2%2Fproduct_brand&post=427"},{"taxonomy":"product_cat","embeddable":true,"href":"https:\/\/www.happysunday.eu\/index.php?rest_route=%2Fwp%2Fv2%2Fproduct_cat&post=427"},{"taxonomy":"product_tag","embeddable":true,"href":"https:\/\/www.happysunday.eu\/index.php?rest_route=%2Fwp%2Fv2%2Fproduct_tag&post=427"}],"curies":[{"name":"wp","href":"https:\/\/api.w.org\/{rel}","templated":true}]}}