{"id":4477,"date":"2023-09-23T12:09:58","date_gmt":"2023-09-23T12:09:58","guid":{"rendered":"https:\/\/www.happysunday.eu\/?post_type=product&#038;p=4477"},"modified":"2026-03-10T11:52:26","modified_gmt":"2026-03-10T11:52:26","slug":"davanu-koplekts-verdeoasi-viriesiem","status":"publish","type":"product","link":"https:\/\/www.happysunday.eu\/?product=davanu-koplekts-verdeoasi-viriesiem","title":{"rendered":"D\u0100VANU KOMPLEKTS VERDEOASI V\u012aRIE\u0160IEM"},"content":{"rendered":"<p>D\u0100VANU KOMPLEKTS B\u016aS IESAI\u0145OTS D\u0100VANU KAST\u012aT\u0112<\/p>\n<ol>\n<li>UOMO &#8211; CLEANSING GEL ATSVAIDZIN\u0100\u0160ANAIGels, kas att\u012bra un nomierina v\u012brie\u0161u \u0101du. Tas no\u0146em lieko sebumu un net\u012brumus. Ide\u0101li piem\u0113rots ikdienas lieto\u0161anai, saglab\u0101 \u0101das dabisko lip\u012bdu l\u012bdzsvaru, vienlaikus veicot savelko\u0161u un mat\u0113jo\u0161u darb\u012bbu. To var izmantot k\u0101 sk\u016b\u0161an\u0101s \u017eeleju un k\u0101 \u0137erme\u0146a t\u012br\u012b\u0161anas l\u012bdzekli.<br \/>\n96,76% dab\u012bgs<\/li>\n<\/ol>\n<p>2.\u00a0UOMO &#8211; MITRINO\u0160S KR\u0112MS ESSENTIAL COMFORT &#8211; AFTER SHAVE<\/p>\n<p>Mitrino\u0161s kr\u0113ms sejai un ide\u0101ls kr\u0113ms p\u0113c sk\u016b\u0161an\u0101s, kas piem\u0113rots visu veidu v\u012brie\u0161u \u0101dai, \u012bpa\u0161i sausai. \u0160\u012b sviests mazina kairin\u0101jumu p\u0113c sk\u016b\u0161an\u0101s, pasarg\u0101jot \u0101du no aps\u0101rtuma. Tas pie\u0161\u0137ir sejai svaigumu visai dienai, padarot to m\u012bkstu un elast\u012bgu.<br \/>\n72,83% dab\u012bgs<\/p>\n","protected":false},"excerpt":{"rendered":"<p>D\u0100VANU KOMPLEKTS B\u016aS IESAI\u0145OTS D\u0100VANU KAST\u012aT\u0112 UOMO &#8211; CLEANSING GEL ATSVAIDZIN\u0100\u0160ANAIGels, kas att\u012bra un nomierina v\u012brie\u0161u \u0101du. Tas no\u0146em lieko sebumu un net\u012brumus. Ide\u0101li piem\u0113rots ikdienas lieto\u0161anai, saglab\u0101 \u0101das dabisko lip\u012bdu l\u012bdzsvaru, vienlaikus veicot savelko\u0161u un mat\u0113jo\u0161u darb\u012bbu. To var izmantot k\u0101 sk\u016b\u0161an\u0101s \u017eeleju un k\u0101 \u0137erme\u0146a t\u012br\u012b\u0161anas l\u012bdzekli. 96,76% dab\u012bgs 2.\u00a0UOMO &#8211; MITRINO\u0160S KR\u0112MS ESSENTIAL COMFORT &#8211; AFTER SHAVE Mitrino\u0161s kr\u0113ms sejai un ide\u0101ls kr\u0113ms p\u0113c sk\u016b\u0161an\u0101s, kas piem\u0113rots visu veidu v\u012brie\u0161u \u0101dai, \u012bpa\u0161i sausai. \u0160\u012b sviests mazina kairin\u0101jumu p\u0113c sk\u016b\u0161an\u0101s, pasarg\u0101jot \u0101du no aps\u0101rtuma. Tas pie\u0161\u0137ir sejai svaigumu&hellip;<\/p>\n","protected":false},"featured_media":4815,"template":"","meta":[],"product_brand":[],"product_cat":[71,63,58],"product_tag":[],"class_list":{"0":"post-4477","1":"product","2":"type-product","3":"status-publish","4":"has-post-thumbnail","6":"product_cat-davanas","7":"product_cat-kosmetologija","8":"product_cat-super-sale","10":"first","11":"instock","12":"shipping-taxable","13":"purchasable","14":"product-type-simple"},"_links":{"self":[{"href":"https:\/\/www.happysunday.eu\/index.php?rest_route=\/wp\/v2\/product\/4477","targetHints":{"allow":["GET"]}}],"collection":[{"href":"https:\/\/www.happysunday.eu\/index.php?rest_route=\/wp\/v2\/product"}],"about":[{"href":"https:\/\/www.happysunday.eu\/index.php?rest_route=\/wp\/v2\/types\/product"}],"wp:featuredmedia":[{"embeddable":true,"href":"https:\/\/www.happysunday.eu\/index.php?rest_route=\/wp\/v2\/media\/4815"}],"wp:attachment":[{"href":"https:\/\/www.happysunday.eu\/index.php?rest_route=%2Fwp%2Fv2%2Fmedia&parent=4477"}],"wp:term":[{"taxonomy":"product_brand","embeddable":true,"href":"https:\/\/www.happysunday.eu\/index.php?rest_route=%2Fwp%2Fv2%2Fproduct_brand&post=4477"},{"taxonomy":"product_cat","embeddable":true,"href":"https:\/\/www.happysunday.eu\/index.php?rest_route=%2Fwp%2Fv2%2Fproduct_cat&post=4477"},{"taxonomy":"product_tag","embeddable":true,"href":"https:\/\/www.happysunday.eu\/index.php?rest_route=%2Fwp%2Fv2%2Fproduct_tag&post=4477"}],"curies":[{"name":"wp","href":"https:\/\/api.w.org\/{rel}","templated":true}]}}