{"id":4611,"date":"2023-10-21T14:39:06","date_gmt":"2023-10-21T14:39:06","guid":{"rendered":"https:\/\/www.happysunday.eu\/?post_type=product&#038;p=4611"},"modified":"2026-04-07T07:00:59","modified_gmt":"2026-04-07T07:00:59","slug":"larimide-immidiate-lifting-effect-3ml","status":"publish","type":"product","link":"https:\/\/www.happysunday.eu\/?product=larimide-immidiate-lifting-effect-3ml","title":{"rendered":"LARIMIDE IMMIDIATE LIFTING EFFECT 3ML"},"content":{"rendered":"<p>SHOCK ILLUMINATE<\/p>\n<p>\u0160oka proced\u016bra, lai vienotu \u0101das toni un izgaismotu \u0101du.<\/p>\n<p>\u0100da uzreiz ieg\u016bst izskatu ar maz\u0101k\u0101m grumb\u0101m.<br \/>\n2 min\u016b\u0161u laik\u0101 tas sasniedz jaunu piln\u012bbas un tvirtuma l\u012bmeni \u0101d\u0101.<br \/>\nSejas kont\u016bra izskat\u0101s tvirt\u0101ka, glud\u0101ka un izteikt\u0101ka.<br \/>\nRekord\u012bs\u0101 laik\u0101 pasl\u0113pj acu maisi\u0146us.<\/p>\n<p>Immediate Lifting Effect ir sp\u0113c\u012bgs t\u016bl\u012bt\u0113ja liftinga efekta serums, kas \u0101tri un iespaid\u012bgi pasl\u0113pj grumbas, smalk\u0101s l\u012bnijas un c\u012bn\u0101s ar sejas tvirtuma zudumu. Turkl\u0101t tas pal\u012bdz \u0101das atjauno\u0161anas procesam.<\/p>\n<p>Pateicoties cukura zariem, tiek izveidots tr\u012bsdimensiju t\u012bkls ar lielu mijiedarb\u012bbu starp molekul\u0101m un stratum corneum membr\u0101nas, \u0101das \u0101r\u0113j\u0101 sl\u0101\u0146a, starp\u0161\u016bnu lip\u012bdiem. \u0160\u012bs mijiedarb\u012bbas saglab\u0101jas, tikl\u012bdz produkts uzs\u016bcas, veidojot pl\u0113vi uz \u0101das.<\/p>\n<p>T\u016aL\u012aT\u0100JS EFEKTS<\/p>\n<p>Ar LARIMIDE\u00ae \u0101dai uzreiz ir maz\u0101k grumbu.<br \/>\nDivu min\u016b\u0161u laik\u0101 m\u0113s sasniedzam jaunu piln\u012bbas un tvirtuma l\u012bmeni \u0101d\u0101. Sejas kont\u016bra ir tvirt\u0101ka, glud\u0101ka un izteikta.<br \/>\nTas rekord\u012bs\u0101 laik\u0101 pasl\u0113pj acu maisi\u0146us.<\/p>\n<p>ILGNOILGST\u012aGA GRUMBU SAMAZIN\u0100\u0160ANAS DARB\u012aBA<\/p>\n<p>Jau p\u0113c 4 ned\u0113\u013c\u0101m \u0101da izskat\u0101s glud\u0101ka un atg\u016bst tvirtumu un elast\u012bbu. 72% br\u012bvpr\u0101t\u012bgo uzr\u0101d\u012bja b\u016btisku smalko l\u012bniju (+33%) un (-17%) krunci\u0146u izskata samazin\u0101\u0161anos.<\/p>\n<p>K\u0100 LIETOT:<\/p>\n<p>P\u0101rlau\u017eiet ampulu un uzkl\u0101jiet ar maigu ap\u013cveida mas\u0101\u017euas kust\u012bb\u0101m uz att\u012br\u012btas sejas \u0101das. P\u0113c 2 min\u016bt\u0113m iredz\u0113siet rezult\u0101tu<\/p>\n<p><iframe loading=\"lazy\" title=\"LARIMIDE Immediate Lifting Effect in 2 minutes\" width=\"640\" height=\"360\" src=\"https:\/\/www.youtube.com\/embed\/GFAnMsgjkpY?start=52&#038;feature=oembed\" frameborder=\"0\" allow=\"accelerometer; autoplay; clipboard-write; encrypted-media; gyroscope; picture-in-picture; web-share\" referrerpolicy=\"strict-origin-when-cross-origin\" allowfullscreen><\/iframe><\/p>\n<p>&nbsp;<\/p>\n","protected":false},"excerpt":{"rendered":"<p>SHOCK ILLUMINATE \u0160oka proced\u016bra, lai vienotu \u0101das toni un izgaismotu \u0101du. \u0100da uzreiz ieg\u016bst izskatu ar maz\u0101k\u0101m grumb\u0101m. 2 min\u016b\u0161u laik\u0101 tas sasniedz jaunu piln\u012bbas un tvirtuma l\u012bmeni \u0101d\u0101. Sejas kont\u016bra izskat\u0101s tvirt\u0101ka, glud\u0101ka un izteikt\u0101ka. Rekord\u012bs\u0101 laik\u0101 pasl\u0113pj acu maisi\u0146us. Immediate Lifting Effect ir sp\u0113c\u012bgs t\u016bl\u012bt\u0113ja liftinga efekta serums, kas \u0101tri un iespaid\u012bgi pasl\u0113pj grumbas, smalk\u0101s l\u012bnijas un c\u012bn\u0101s ar sejas tvirtuma zudumu. Turkl\u0101t tas pal\u012bdz \u0101das atjauno\u0161anas procesam. Pateicoties cukura zariem, tiek izveidots tr\u012bsdimensiju t\u012bkls ar lielu mijiedarb\u012bbu starp molekul\u0101m un stratum corneum membr\u0101nas, \u0101das \u0101r\u0113j\u0101 sl\u0101\u0146a, starp\u0161\u016bnu&hellip;<\/p>\n","protected":false},"featured_media":4612,"template":"","meta":[],"product_brand":[],"product_cat":[63],"product_tag":[],"class_list":{"0":"post-4611","1":"product","2":"type-product","3":"status-publish","4":"has-post-thumbnail","6":"product_cat-kosmetologija","8":"first","9":"instock","10":"shipping-taxable","11":"purchasable","12":"product-type-simple"},"_links":{"self":[{"href":"https:\/\/www.happysunday.eu\/index.php?rest_route=\/wp\/v2\/product\/4611","targetHints":{"allow":["GET"]}}],"collection":[{"href":"https:\/\/www.happysunday.eu\/index.php?rest_route=\/wp\/v2\/product"}],"about":[{"href":"https:\/\/www.happysunday.eu\/index.php?rest_route=\/wp\/v2\/types\/product"}],"wp:featuredmedia":[{"embeddable":true,"href":"https:\/\/www.happysunday.eu\/index.php?rest_route=\/wp\/v2\/media\/4612"}],"wp:attachment":[{"href":"https:\/\/www.happysunday.eu\/index.php?rest_route=%2Fwp%2Fv2%2Fmedia&parent=4611"}],"wp:term":[{"taxonomy":"product_brand","embeddable":true,"href":"https:\/\/www.happysunday.eu\/index.php?rest_route=%2Fwp%2Fv2%2Fproduct_brand&post=4611"},{"taxonomy":"product_cat","embeddable":true,"href":"https:\/\/www.happysunday.eu\/index.php?rest_route=%2Fwp%2Fv2%2Fproduct_cat&post=4611"},{"taxonomy":"product_tag","embeddable":true,"href":"https:\/\/www.happysunday.eu\/index.php?rest_route=%2Fwp%2Fv2%2Fproduct_tag&post=4611"}],"curies":[{"name":"wp","href":"https:\/\/api.w.org\/{rel}","templated":true}]}}