{"id":4740,"date":"2023-11-06T07:00:46","date_gmt":"2023-11-06T07:00:46","guid":{"rendered":"https:\/\/www.happysunday.eu\/?post_type=product&#038;p=4740"},"modified":"2026-04-07T07:00:57","modified_gmt":"2026-04-07T07:00:57","slug":"solarija-krems-flash-black-3000x-355ml","status":"publish","type":"product","link":"https:\/\/www.happysunday.eu\/?product=solarija-krems-flash-black-3000x-355ml","title":{"rendered":"SOL\u0100RIJA KR\u0112MS FLASH BLACK 3000x 355ml"},"content":{"rendered":"<div id=\"product-title\">\n<h3 class=\"font_2\">Kr\u0113ms pirms sau\u013co\u0161an\u0101s sol\u0101rij\u0101 ar 3000X<strong>\u00a0<\/strong>bronzeriem<\/h3>\n<p>Satur kokosriekstu, ol\u012bvu, saulespu\u0137u un ka\u0146epju s\u0113klu e\u013c\u013cu, lai barotu \u0101du un uzlabotu tetov\u0113jumus; satur ar\u012b acai palmu, saldo apels\u012bnu, Taiti gard\u0113niju, valriekstu \u010daumalas un bupleurum falcatum sak\u0146u ekstraktus<br \/>\nLaika iedarb\u012bbas DHA kompleksa bronzeri veido iedegumu pat p\u0113c tam, kad esat atst\u0101jis sol\u0101riju<br \/>\nSatur tetov\u0113jumu uzlabojo\u0161u serumu, lai saglab\u0101tu tetov\u0113jumus drosm\u012bgus un skaidrus, un nav test\u0113ts uz dz\u012bvniekiem<\/p>\n<p>Dom\u0101ts tum\u0161as \u0101das \u012bpa\u0161niekiem, kas grib ieg\u016bt memont\u0101lu <strong>super br\u016bno<\/strong> iedegumu. Nodro\u0161ina \u0101tru efektu, dzi\u013cam un \u013coti tum\u0161am iedegumam. Clean Beauty: Vegan, Gluten-free, Paraben-free, Cruelty-free, Phthalate-free<\/p>\n<p>Satur tropisko aug\u013cu ekstraktus. Intens\u012bvi mitrin\u0101, re\u0123ener\u0113 un b\u0101ro \u0101du un padara z\u012bdainu.<\/p>\n<\/div>\n","protected":false},"excerpt":{"rendered":"<p>Kr\u0113ms pirms sau\u013co\u0161an\u0101s sol\u0101rij\u0101 ar 3000X\u00a0bronzeriem Satur kokosriekstu, ol\u012bvu, saulespu\u0137u un ka\u0146epju s\u0113klu e\u013c\u013cu, lai barotu \u0101du un uzlabotu tetov\u0113jumus; satur ar\u012b acai palmu, saldo apels\u012bnu, Taiti gard\u0113niju, valriekstu \u010daumalas un bupleurum falcatum sak\u0146u ekstraktus Laika iedarb\u012bbas DHA kompleksa bronzeri veido iedegumu pat p\u0113c tam, kad esat atst\u0101jis sol\u0101riju Satur tetov\u0113jumu uzlabojo\u0161u serumu, lai saglab\u0101tu tetov\u0113jumus drosm\u012bgus un skaidrus, un nav test\u0113ts uz dz\u012bvniekiem Dom\u0101ts tum\u0161as \u0101das \u012bpa\u0161niekiem, kas grib ieg\u016bt memont\u0101lu super br\u016bno iedegumu. Nodro\u0161ina \u0101tru efektu, dzi\u013cam un \u013coti tum\u0161am iedegumam. Clean Beauty: Vegan, Gluten-free, Paraben-free, Cruelty-free, Phthalate-free&hellip;<\/p>\n","protected":false},"featured_media":4741,"template":"","meta":[],"product_brand":[],"product_cat":[33,34],"product_tag":[],"class_list":{"0":"post-4740","1":"product","2":"type-product","3":"status-publish","4":"has-post-thumbnail","6":"product_cat-uncategorized","7":"product_cat-kosmetika","9":"first","10":"instock","11":"shipping-taxable","12":"purchasable","13":"product-type-simple"},"_links":{"self":[{"href":"https:\/\/www.happysunday.eu\/index.php?rest_route=\/wp\/v2\/product\/4740","targetHints":{"allow":["GET"]}}],"collection":[{"href":"https:\/\/www.happysunday.eu\/index.php?rest_route=\/wp\/v2\/product"}],"about":[{"href":"https:\/\/www.happysunday.eu\/index.php?rest_route=\/wp\/v2\/types\/product"}],"wp:featuredmedia":[{"embeddable":true,"href":"https:\/\/www.happysunday.eu\/index.php?rest_route=\/wp\/v2\/media\/4741"}],"wp:attachment":[{"href":"https:\/\/www.happysunday.eu\/index.php?rest_route=%2Fwp%2Fv2%2Fmedia&parent=4740"}],"wp:term":[{"taxonomy":"product_brand","embeddable":true,"href":"https:\/\/www.happysunday.eu\/index.php?rest_route=%2Fwp%2Fv2%2Fproduct_brand&post=4740"},{"taxonomy":"product_cat","embeddable":true,"href":"https:\/\/www.happysunday.eu\/index.php?rest_route=%2Fwp%2Fv2%2Fproduct_cat&post=4740"},{"taxonomy":"product_tag","embeddable":true,"href":"https:\/\/www.happysunday.eu\/index.php?rest_route=%2Fwp%2Fv2%2Fproduct_tag&post=4740"}],"curies":[{"name":"wp","href":"https:\/\/api.w.org\/{rel}","templated":true}]}}