{"id":4742,"date":"2023-11-06T07:09:09","date_gmt":"2023-11-06T07:09:09","guid":{"rendered":"https:\/\/www.happysunday.eu\/?post_type=product&#038;p=4742"},"modified":"2026-04-07T07:00:57","modified_gmt":"2026-04-07T07:00:57","slug":"solarija-krems-flash-black-4000x-355ml","status":"publish","type":"product","link":"https:\/\/www.happysunday.eu\/?product=solarija-krems-flash-black-4000x-355ml","title":{"rendered":"SOL\u0100RIJA KR\u0112MS FLASH BLACK 4000x 355ml"},"content":{"rendered":"<div id=\"product-title\">\n<h3 class=\"font_2\">Kr\u0113ms pirms sau\u013co\u0161an\u0101s sol\u0101rij\u0101 ar 4000X<strong>\u00a0<\/strong>bronzeriem<\/h3>\n<p>\u0160is ir nenotveramais, ide\u0101lais tum\u0161ais iedeguma losjons, kuru j\u016bs mekl\u0113j\u0101t. Apburo\u0161i tum\u0161i bronzeri att\u012bst\u0101s l\u012bdz jauniem dzi\u013cumiem, pateicoties nevainojamai laika atbr\u012bvo\u0161an\u0101s DHA formulai. Tr\u012bsk\u0101r\u0161s kokosriekstu e\u013c\u013cas, kokosriekstu piena un kokosriekstu ekstraktu kokteilis nodro\u0161ina \u0101dai elpu aizraujo\u0161u kr\u0101su un izcilu maigumu, savuk\u0101rt t\u012b\u0123era z\u0101les tetov\u0113jumu uzlabojo\u0161ais komplekss pal\u012bdz saglab\u0101t j\u016bsu tinti jauku un spilgtu.<\/p>\n<p>Dom\u0101ts tum\u0161as \u0101das \u012bpa\u0161niekiem, kas grib ieg\u016bt memont\u0101lu <strong>super br\u016bno<\/strong> iedegumu. Nodro\u0161ina \u0101tru efektu, dzi\u013cam un \u013coti tum\u0161am iedegumam. Clean Beauty: Vegan, Gluten-free, Paraben-free, Cruelty-free, Phthalate-free<\/p>\n<p>Satur tropisko aug\u013cu ekstraktus. Intens\u012bvi mitrin\u0101, re\u0123ener\u0113 un b\u0101ro \u0101du un padara z\u012bdainu.<\/p>\n<\/div>\n","protected":false},"excerpt":{"rendered":"<p>Kr\u0113ms pirms sau\u013co\u0161an\u0101s sol\u0101rij\u0101 ar 4000X\u00a0bronzeriem \u0160is ir nenotveramais, ide\u0101lais tum\u0161ais iedeguma losjons, kuru j\u016bs mekl\u0113j\u0101t. Apburo\u0161i tum\u0161i bronzeri att\u012bst\u0101s l\u012bdz jauniem dzi\u013cumiem, pateicoties nevainojamai laika atbr\u012bvo\u0161an\u0101s DHA formulai. Tr\u012bsk\u0101r\u0161s kokosriekstu e\u013c\u013cas, kokosriekstu piena un kokosriekstu ekstraktu kokteilis nodro\u0161ina \u0101dai elpu aizraujo\u0161u kr\u0101su un izcilu maigumu, savuk\u0101rt t\u012b\u0123era z\u0101les tetov\u0113jumu uzlabojo\u0161ais komplekss pal\u012bdz saglab\u0101t j\u016bsu tinti jauku un spilgtu. Dom\u0101ts tum\u0161as \u0101das \u012bpa\u0161niekiem, kas grib ieg\u016bt memont\u0101lu super br\u016bno iedegumu. Nodro\u0161ina \u0101tru efektu, dzi\u013cam un \u013coti tum\u0161am iedegumam. Clean Beauty: Vegan, Gluten-free, Paraben-free, Cruelty-free, Phthalate-free Satur tropisko aug\u013cu ekstraktus. Intens\u012bvi&hellip;<\/p>\n","protected":false},"featured_media":4743,"template":"","meta":[],"product_brand":[],"product_cat":[33,34],"product_tag":[],"class_list":{"0":"post-4742","1":"product","2":"type-product","3":"status-publish","4":"has-post-thumbnail","6":"product_cat-uncategorized","7":"product_cat-kosmetika","9":"first","10":"instock","11":"shipping-taxable","12":"purchasable","13":"product-type-simple"},"_links":{"self":[{"href":"https:\/\/www.happysunday.eu\/index.php?rest_route=\/wp\/v2\/product\/4742","targetHints":{"allow":["GET"]}}],"collection":[{"href":"https:\/\/www.happysunday.eu\/index.php?rest_route=\/wp\/v2\/product"}],"about":[{"href":"https:\/\/www.happysunday.eu\/index.php?rest_route=\/wp\/v2\/types\/product"}],"wp:featuredmedia":[{"embeddable":true,"href":"https:\/\/www.happysunday.eu\/index.php?rest_route=\/wp\/v2\/media\/4743"}],"wp:attachment":[{"href":"https:\/\/www.happysunday.eu\/index.php?rest_route=%2Fwp%2Fv2%2Fmedia&parent=4742"}],"wp:term":[{"taxonomy":"product_brand","embeddable":true,"href":"https:\/\/www.happysunday.eu\/index.php?rest_route=%2Fwp%2Fv2%2Fproduct_brand&post=4742"},{"taxonomy":"product_cat","embeddable":true,"href":"https:\/\/www.happysunday.eu\/index.php?rest_route=%2Fwp%2Fv2%2Fproduct_cat&post=4742"},{"taxonomy":"product_tag","embeddable":true,"href":"https:\/\/www.happysunday.eu\/index.php?rest_route=%2Fwp%2Fv2%2Fproduct_tag&post=4742"}],"curies":[{"name":"wp","href":"https:\/\/api.w.org\/{rel}","templated":true}]}}