{"id":4744,"date":"2023-11-06T07:10:58","date_gmt":"2023-11-06T07:10:58","guid":{"rendered":"https:\/\/www.happysunday.eu\/?post_type=product&#038;p=4744"},"modified":"2026-05-05T07:33:00","modified_gmt":"2026-05-05T07:33:00","slug":"solarija-krems-flash-black-5000x-355ml-copy","status":"publish","type":"product","link":"https:\/\/www.happysunday.eu\/?product=solarija-krems-flash-black-5000x-355ml-copy","title":{"rendered":"SOL\u0100RIJA KR\u0112MS FLASH BLACK 5000x 355ml"},"content":{"rendered":"<div id=\"product-title\">\n<h3 class=\"font_2\">Kr\u0113ms pirms sau\u013co\u0161an\u0101s sol\u0101rij\u0101 ar 5000X<strong>\u00a0<\/strong>bronzeriem<\/h3>\n<p>Dark Star 5000X Bronzing ir tum\u0161\u0101kais no tum\u0161ajiem!<br \/>\nLaika izlai\u0161anas komplekss turpina att\u012bst\u012bties v\u0113l tum\u0161\u0101ks<br \/>\nClean Beauty Formula!<br \/>\nVeg\u0101ns, bez parab\u0113niem-sulf\u0101tiem-glut\u0113na-ftal\u0101tiem-<br \/>\nvai izm\u0113\u0123in\u0101jumi ar dz\u012bvniekiem<\/p>\n<p>Dom\u0101ts tum\u0161as \u0101das \u012bpa\u0161niekiem, kas grib ieg\u016bt memont\u0101lu <strong>super br\u016bno<\/strong> iedegumu. Nodro\u0161ina \u0101tru efektu, dzi\u013cam un \u013coti tum\u0161am iedegumam. Clean Beauty: Vegan, Gluten-free, Paraben-free, Cruelty-free, Phthalate-free<\/p>\n<p>Satur tropisko aug\u013cu ekstraktus. Intens\u012bvi mitrin\u0101, re\u0123ener\u0113 un b\u0101ro \u0101du un padara z\u012bdainu.<\/p>\n<\/div>\n","protected":false},"excerpt":{"rendered":"<p>Kr\u0113ms pirms sau\u013co\u0161an\u0101s sol\u0101rij\u0101 ar 5000X\u00a0bronzeriem Dark Star 5000X Bronzing ir tum\u0161\u0101kais no tum\u0161ajiem! Laika izlai\u0161anas komplekss turpina att\u012bst\u012bties v\u0113l tum\u0161\u0101ks Clean Beauty Formula! Veg\u0101ns, bez parab\u0113niem-sulf\u0101tiem-glut\u0113na-ftal\u0101tiem- vai izm\u0113\u0123in\u0101jumi ar dz\u012bvniekiem Dom\u0101ts tum\u0161as \u0101das \u012bpa\u0161niekiem, kas grib ieg\u016bt memont\u0101lu super br\u016bno iedegumu. Nodro\u0161ina \u0101tru efektu, dzi\u013cam un \u013coti tum\u0161am iedegumam. Clean Beauty: Vegan, Gluten-free, Paraben-free, Cruelty-free, Phthalate-free Satur tropisko aug\u013cu ekstraktus. Intens\u012bvi mitrin\u0101, re\u0123ener\u0113 un b\u0101ro \u0101du un padara z\u012bdainu.<\/p>\n","protected":false},"featured_media":4745,"template":"","meta":[],"product_brand":[],"product_cat":[33,34],"product_tag":[],"class_list":{"0":"post-4744","1":"product","2":"type-product","3":"status-publish","4":"has-post-thumbnail","6":"product_cat-uncategorized","7":"product_cat-kosmetika","9":"first","10":"instock","11":"shipping-taxable","12":"purchasable","13":"product-type-simple"},"_links":{"self":[{"href":"https:\/\/www.happysunday.eu\/index.php?rest_route=\/wp\/v2\/product\/4744","targetHints":{"allow":["GET"]}}],"collection":[{"href":"https:\/\/www.happysunday.eu\/index.php?rest_route=\/wp\/v2\/product"}],"about":[{"href":"https:\/\/www.happysunday.eu\/index.php?rest_route=\/wp\/v2\/types\/product"}],"wp:featuredmedia":[{"embeddable":true,"href":"https:\/\/www.happysunday.eu\/index.php?rest_route=\/wp\/v2\/media\/4745"}],"wp:attachment":[{"href":"https:\/\/www.happysunday.eu\/index.php?rest_route=%2Fwp%2Fv2%2Fmedia&parent=4744"}],"wp:term":[{"taxonomy":"product_brand","embeddable":true,"href":"https:\/\/www.happysunday.eu\/index.php?rest_route=%2Fwp%2Fv2%2Fproduct_brand&post=4744"},{"taxonomy":"product_cat","embeddable":true,"href":"https:\/\/www.happysunday.eu\/index.php?rest_route=%2Fwp%2Fv2%2Fproduct_cat&post=4744"},{"taxonomy":"product_tag","embeddable":true,"href":"https:\/\/www.happysunday.eu\/index.php?rest_route=%2Fwp%2Fv2%2Fproduct_tag&post=4744"}],"curies":[{"name":"wp","href":"https:\/\/api.w.org\/{rel}","templated":true}]}}