{"id":4986,"date":"2024-02-15T13:17:24","date_gmt":"2024-02-15T13:17:24","guid":{"rendered":"https:\/\/www.happysunday.eu\/?post_type=product&#038;p=4986"},"modified":"2026-04-07T07:01:31","modified_gmt":"2026-04-07T07:01:31","slug":"steamery-krasu-absorbetajs-40gb","status":"publish","type":"product","link":"https:\/\/www.happysunday.eu\/?product=steamery-krasu-absorbetajs-40gb","title":{"rendered":"STEAMERY Kr\u0101su absorb\u0113t\u0101js 40GB"},"content":{"rendered":"<h1 class=\"h4 product-name\">STEAMERY Color Absorber<\/h1>\n<p>\u0160is kr\u0101su absorb\u0113t\u0101js \u013cauj sajaukt kr\u0101sainus un gai\u0161\u0101kus tekstilizstr\u0101d\u0101jumus bez kr\u0101sas mai\u0146as riska. Ve\u013cas palagi darbojas k\u0101 magn\u0113ti, absorb\u0113jot birsto\u0161os kr\u0101su pigmentus, kas grie\u017eas ve\u013casma\u0161\u012bn\u0101, un nov\u0113r\u0161 to p\u0101rne\u0161anu uz citiem ap\u0123\u0113rba gabaliem.<\/p>\n<p>K\u0101 tas str\u0101d\u0101<br \/>\nIevietojiet 1\u20133 ve\u013cas loksnes ve\u013cas mazg\u0101jam\u0101s ma\u0161\u012bnas trumu\u013ca aizmugur\u0113. Mazg\u0101t 30\u00b0C ar regul\u0101ru ve\u013cas mazg\u0101\u0161anas l\u012bdzek\u013ca daudzumu. Lai izvair\u012btos no kr\u0101sas nopl\u016bdes, m\u0113s neiesak\u0101m izv\u0113l\u0113ties augst\u0101ku temperat\u016bru. Mazg\u0101jiet jaun\u0101kas dr\u0113bes ar l\u012bdz\u012bg\u0101m kr\u0101s\u0101m vismaz piecas reizes, pirms sajaucat da\u017e\u0101das kr\u0101sas.<\/p>\n<p>Uzman\u012bbu: Kr\u0101su absorb\u0113jo\u0161\u0101s loksnes ir \u013coti efekt\u012bvas. Tom\u0113r tie nevar absorb\u0113t 100% kr\u0101su pigmentus. Vienm\u0113r lietojiet produktu ar zin\u0101mu veselo sapr\u0101tu. Citiem v\u0101rdiem sakot \u2013 nesajauciet savu d\u0101rg\u0101ko balto ap\u0123\u0113rbu ar pavisam jaunu tum\u0161u ap\u0123\u0113rbu.<\/p>\n<p>Iesp\u0113jas<br \/>\nMaz\u0101k mazg\u0101\u0161anas \u2013 ietaupiet laiku un ener\u0123iju<br \/>\nSamaziniet kr\u0101su asi\u0146o\u0161anu un kr\u0101sas izmai\u0146as<br \/>\nIde\u0101li piem\u0113rots sv\u012btrainiem, apdruk\u0101tiem un daudzkr\u0101sainiem ap\u0123\u0113rbiem<br \/>\nPasarg\u0101jiet savus baltumus, lai tie nek\u013c\u016btu bl\u0101vi un pel\u0113c\u012bgi<br \/>\nNeizdala mikroplastmasu<\/p>\n<p>Specifik\u0101cijas<br \/>\nIzgatavots no 100% viskozes<br \/>\nIepakojum\u0101 ir 40 ve\u013cas palagi<br \/>\nIepakojums izgatavots no FSC sertific\u0113ta pap\u012bra<\/p>\n","protected":false},"excerpt":{"rendered":"<p>STEAMERY Color Absorber \u0160is kr\u0101su absorb\u0113t\u0101js \u013cauj sajaukt kr\u0101sainus un gai\u0161\u0101kus tekstilizstr\u0101d\u0101jumus bez kr\u0101sas mai\u0146as riska. Ve\u013cas palagi darbojas k\u0101 magn\u0113ti, absorb\u0113jot birsto\u0161os kr\u0101su pigmentus, kas grie\u017eas ve\u013casma\u0161\u012bn\u0101, un nov\u0113r\u0161 to p\u0101rne\u0161anu uz citiem ap\u0123\u0113rba gabaliem. K\u0101 tas str\u0101d\u0101 Ievietojiet 1\u20133 ve\u013cas loksnes ve\u013cas mazg\u0101jam\u0101s ma\u0161\u012bnas trumu\u013ca aizmugur\u0113. Mazg\u0101t 30\u00b0C ar regul\u0101ru ve\u013cas mazg\u0101\u0161anas l\u012bdzek\u013ca daudzumu. Lai izvair\u012btos no kr\u0101sas nopl\u016bdes, m\u0113s neiesak\u0101m izv\u0113l\u0113ties augst\u0101ku temperat\u016bru. Mazg\u0101jiet jaun\u0101kas dr\u0113bes ar l\u012bdz\u012bg\u0101m kr\u0101s\u0101m vismaz piecas reizes, pirms sajaucat da\u017e\u0101das kr\u0101sas. Uzman\u012bbu: Kr\u0101su absorb\u0113jo\u0161\u0101s loksnes ir \u013coti efekt\u012bvas. Tom\u0113r tie nevar absorb\u0113t&hellip;<\/p>\n","protected":false},"featured_media":4987,"template":"","meta":[],"product_brand":[],"product_cat":[33],"product_tag":[],"class_list":{"0":"post-4986","1":"product","2":"type-product","3":"status-publish","4":"has-post-thumbnail","6":"product_cat-uncategorized","8":"first","9":"instock","10":"shipping-taxable","11":"purchasable","12":"product-type-simple"},"_links":{"self":[{"href":"https:\/\/www.happysunday.eu\/index.php?rest_route=\/wp\/v2\/product\/4986","targetHints":{"allow":["GET"]}}],"collection":[{"href":"https:\/\/www.happysunday.eu\/index.php?rest_route=\/wp\/v2\/product"}],"about":[{"href":"https:\/\/www.happysunday.eu\/index.php?rest_route=\/wp\/v2\/types\/product"}],"wp:featuredmedia":[{"embeddable":true,"href":"https:\/\/www.happysunday.eu\/index.php?rest_route=\/wp\/v2\/media\/4987"}],"wp:attachment":[{"href":"https:\/\/www.happysunday.eu\/index.php?rest_route=%2Fwp%2Fv2%2Fmedia&parent=4986"}],"wp:term":[{"taxonomy":"product_brand","embeddable":true,"href":"https:\/\/www.happysunday.eu\/index.php?rest_route=%2Fwp%2Fv2%2Fproduct_brand&post=4986"},{"taxonomy":"product_cat","embeddable":true,"href":"https:\/\/www.happysunday.eu\/index.php?rest_route=%2Fwp%2Fv2%2Fproduct_cat&post=4986"},{"taxonomy":"product_tag","embeddable":true,"href":"https:\/\/www.happysunday.eu\/index.php?rest_route=%2Fwp%2Fv2%2Fproduct_tag&post=4986"}],"curies":[{"name":"wp","href":"https:\/\/api.w.org\/{rel}","templated":true}]}}