{"id":5103,"date":"2024-03-21T10:49:45","date_gmt":"2024-03-21T10:49:45","guid":{"rendered":"https:\/\/www.happysunday.eu\/?post_type=product&#038;p=5103"},"modified":"2026-04-07T07:01:30","modified_gmt":"2026-04-07T07:01:30","slug":"double-dark-black-chocolate-peaches-cream-400ml","status":"publish","type":"product","link":"https:\/\/www.happysunday.eu\/?product=double-dark-black-chocolate-peaches-cream-400ml","title":{"rendered":"Double Dark Black Chocolate Peaches &#038; Cream 400ml"},"content":{"rendered":"<div id=\"product-title\">\n<h1 class=\"product_title entry-title\">Tan Inc Double Dark Black Chocolate Peaches &amp; Cream<\/h1>\n<div class=\"woocommerce-product-details__short-description\">\n<p>Sol\u0101riju kr\u0113mi vienm\u0113r\u012bgam iedegumam un efekt\u012bvai \u0101das kop\u0161anai sau\u013co\u0161an\u0101s laik\u0101.<\/p>\n<\/div>\n<p>400X Dark Aura Bronzing pie\u0161\u0137ir j\u016bsu iedegumam n\u0101kam\u0101 l\u012bme\u0146a defin\u012bciju un kr\u0101su.<br \/>\nPersiku un zef\u012bra efekta ir pasaul\u0113 maig\u0101k\u0101 iedeguma losjona emulsija<br \/>\n&#8220;Come Herther&#8221; ambrosia izmanto arom\u0101ta pievilc\u012bbas formulu<br \/>\nArom\u0101ts: Pinch Me Paradise Peach<\/p>\n<p>Clean Beauty: Vegan, Gluten-free, Paraben-free, Cruelty-free, Phthalate-free<\/p>\n<p>Satur tropisko aug\u013cu ekstraktus. Intens\u012bvi mitrin\u0101, re\u0123ener\u0113 un b\u0101ro \u0101du un padara z\u012bdainu.<\/p>\n<\/div>\n","protected":false},"excerpt":{"rendered":"<p>Tan Inc Double Dark Black Chocolate Peaches &amp; Cream Sol\u0101riju kr\u0113mi vienm\u0113r\u012bgam iedegumam un efekt\u012bvai \u0101das kop\u0161anai sau\u013co\u0161an\u0101s laik\u0101. 400X Dark Aura Bronzing pie\u0161\u0137ir j\u016bsu iedegumam n\u0101kam\u0101 l\u012bme\u0146a defin\u012bciju un kr\u0101su. Persiku un zef\u012bra efekta ir pasaul\u0113 maig\u0101k\u0101 iedeguma losjona emulsija &#8220;Come Herther&#8221; ambrosia izmanto arom\u0101ta pievilc\u012bbas formulu Arom\u0101ts: Pinch Me Paradise Peach Clean Beauty: Vegan, Gluten-free, Paraben-free, Cruelty-free, Phthalate-free Satur tropisko aug\u013cu ekstraktus. Intens\u012bvi mitrin\u0101, re\u0123ener\u0113 un b\u0101ro \u0101du un padara z\u012bdainu.<\/p>\n","protected":false},"featured_media":5104,"template":"","meta":[],"product_brand":[],"product_cat":[34],"product_tag":[],"class_list":{"0":"post-5103","1":"product","2":"type-product","3":"status-publish","4":"has-post-thumbnail","6":"product_cat-kosmetika","8":"first","9":"instock","10":"shipping-taxable","11":"purchasable","12":"product-type-simple"},"_links":{"self":[{"href":"https:\/\/www.happysunday.eu\/index.php?rest_route=\/wp\/v2\/product\/5103","targetHints":{"allow":["GET"]}}],"collection":[{"href":"https:\/\/www.happysunday.eu\/index.php?rest_route=\/wp\/v2\/product"}],"about":[{"href":"https:\/\/www.happysunday.eu\/index.php?rest_route=\/wp\/v2\/types\/product"}],"wp:featuredmedia":[{"embeddable":true,"href":"https:\/\/www.happysunday.eu\/index.php?rest_route=\/wp\/v2\/media\/5104"}],"wp:attachment":[{"href":"https:\/\/www.happysunday.eu\/index.php?rest_route=%2Fwp%2Fv2%2Fmedia&parent=5103"}],"wp:term":[{"taxonomy":"product_brand","embeddable":true,"href":"https:\/\/www.happysunday.eu\/index.php?rest_route=%2Fwp%2Fv2%2Fproduct_brand&post=5103"},{"taxonomy":"product_cat","embeddable":true,"href":"https:\/\/www.happysunday.eu\/index.php?rest_route=%2Fwp%2Fv2%2Fproduct_cat&post=5103"},{"taxonomy":"product_tag","embeddable":true,"href":"https:\/\/www.happysunday.eu\/index.php?rest_route=%2Fwp%2Fv2%2Fproduct_tag&post=5103"}],"curies":[{"name":"wp","href":"https:\/\/api.w.org\/{rel}","templated":true}]}}