{"id":5108,"date":"2024-03-22T13:08:42","date_gmt":"2024-03-22T13:08:42","guid":{"rendered":"https:\/\/www.happysunday.eu\/?post_type=product&#038;p=5108"},"modified":"2026-04-07T07:01:30","modified_gmt":"2026-04-07T07:01:30","slug":"roku-krems-ar-hialuronskai-un-e-vitaminu","status":"publish","type":"product","link":"https:\/\/www.happysunday.eu\/?product=roku-krems-ar-hialuronskai-un-e-vitaminu","title":{"rendered":"ROKU KR\u0112MS AR HIALURONSK\u0100I UN E VITAM\u012aNU"},"content":{"rendered":"<div id=\"product-title\">\n<p><strong>BODY &#8211; HAND CREAM HYDRATING PROTECTIVE &#8211; Hyaluronic Acid and Vitamin\u00a0<\/strong><\/p>\n<p>Tas baro sausu un saplais\u0101ju\u0161u roku \u0101du, pie\u0161\u0137irot tai maigumu un elast\u012bbu. Lietojot katru dienu, tas aizsarg\u0101 \u0101du no \u0101r\u0113jas agresijas, piem\u0113ram, aukstuma, v\u0113ja un agres\u012bviem produktiem. Pateicoties bag\u0101t\u012bgajai tekst\u016brai, tas saglab\u0101 rokas samtainas.<br \/>\n74,10% dab\u012bgs<\/p>\n<p>Kr\u0113ms ar bag\u0101t\u012bgu un maigu tekst\u016bru, kas aptver rokas, mitrina un aizsarg\u0101 no sausuma. Lietojot ikdien\u0101, kr\u0113ms sniedz komfortu un aizsardz\u012bbu, atst\u0101jot rokas viegli arom\u0101tiskas un samtainas, gatavas manik\u012bram.<\/p>\n<p>Hand Cream Hydrating Protective var lietot jebkur\u0101 vecum\u0101, lai nodro\u0161in\u0101tu aizsardz\u012bbu un baro\u0161anu visu veidu \u0101dai, \u012bpa\u0161i sausai un dehidr\u0113tai. Ide\u0101li piem\u0113rots, lai sniegtu rok\u0101m mitrin\u0101\u0161anu un maigumu ziemas sezon\u0101.<\/p>\n<p>Uzkl\u0101jiet bag\u0101t\u012bgu kr\u0113ma k\u0101rtu vair\u0101kas reizes dien\u0101 un iemas\u0113jiet, l\u012bdz uzs\u016bcas.<\/p>\n<p>ZEMAS MOLEKUL\u0100R\u0100S HIALURONSK\u0100BE: \u0161aj\u0101 sast\u0101v\u0101 var atrast zemas molekulmasas hialuronsk\u0101bi, kas viegli uzs\u016bcas \u0101d\u0101 un kas efekt\u012bvi iedarbojas hialuronsk\u0101bes sint\u0113zes procesos. Tas nov\u0113r\u0161 \u0101das sausumu, pie\u0161\u0137irot \u0101dai gludumu un kompaktumu.<br \/>\nE VITAM\u012aNA ACETATS: viela, ko raksturo sp\u0113c\u012bgs antioksidants, kas neitraliz\u0113 br\u012bvos radik\u0101\u013cus un aizsarg\u0101 \u0101du no oksidat\u012bv\u0101 stresa.<br \/>\nMARINE ELASTIN: dabiska j\u016bras izcelsmes sast\u0101vda\u013ca, kam rakstur\u012bga zema molekulmasa, kas \u013cauj viegli uzs\u016bkties \u0101d\u0101. Tas ir noder\u012bgi, lai veicin\u0101tu jaun\u0101 elast\u012bna sint\u0113zi un stiprin\u0101tu \u0101das tonusu un elast\u012bbu.<\/p>\n<\/div>\n","protected":false},"excerpt":{"rendered":"<p>BODY &#8211; HAND CREAM HYDRATING PROTECTIVE &#8211; Hyaluronic Acid and Vitamin\u00a0 Tas baro sausu un saplais\u0101ju\u0161u roku \u0101du, pie\u0161\u0137irot tai maigumu un elast\u012bbu. Lietojot katru dienu, tas aizsarg\u0101 \u0101du no \u0101r\u0113jas agresijas, piem\u0113ram, aukstuma, v\u0113ja un agres\u012bviem produktiem. Pateicoties bag\u0101t\u012bgajai tekst\u016brai, tas saglab\u0101 rokas samtainas. 74,10% dab\u012bgs Kr\u0113ms ar bag\u0101t\u012bgu un maigu tekst\u016bru, kas aptver rokas, mitrina un aizsarg\u0101 no sausuma. Lietojot ikdien\u0101, kr\u0113ms sniedz komfortu un aizsardz\u012bbu, atst\u0101jot rokas viegli arom\u0101tiskas un samtainas, gatavas manik\u012bram. Hand Cream Hydrating Protective var lietot jebkur\u0101 vecum\u0101, lai nodro\u0161in\u0101tu aizsardz\u012bbu un baro\u0161anu visu&hellip;<\/p>\n","protected":false},"featured_media":5109,"template":"","meta":[],"product_brand":[],"product_cat":[33,64,58],"product_tag":[],"class_list":{"0":"post-5108","1":"product","2":"type-product","3":"status-publish","4":"has-post-thumbnail","6":"product_cat-uncategorized","7":"product_cat-kermenu-kopsana","8":"product_cat-super-sale","10":"first","11":"instock","12":"shipping-taxable","13":"purchasable","14":"product-type-simple"},"_links":{"self":[{"href":"https:\/\/www.happysunday.eu\/index.php?rest_route=\/wp\/v2\/product\/5108","targetHints":{"allow":["GET"]}}],"collection":[{"href":"https:\/\/www.happysunday.eu\/index.php?rest_route=\/wp\/v2\/product"}],"about":[{"href":"https:\/\/www.happysunday.eu\/index.php?rest_route=\/wp\/v2\/types\/product"}],"wp:featuredmedia":[{"embeddable":true,"href":"https:\/\/www.happysunday.eu\/index.php?rest_route=\/wp\/v2\/media\/5109"}],"wp:attachment":[{"href":"https:\/\/www.happysunday.eu\/index.php?rest_route=%2Fwp%2Fv2%2Fmedia&parent=5108"}],"wp:term":[{"taxonomy":"product_brand","embeddable":true,"href":"https:\/\/www.happysunday.eu\/index.php?rest_route=%2Fwp%2Fv2%2Fproduct_brand&post=5108"},{"taxonomy":"product_cat","embeddable":true,"href":"https:\/\/www.happysunday.eu\/index.php?rest_route=%2Fwp%2Fv2%2Fproduct_cat&post=5108"},{"taxonomy":"product_tag","embeddable":true,"href":"https:\/\/www.happysunday.eu\/index.php?rest_route=%2Fwp%2Fv2%2Fproduct_tag&post=5108"}],"curies":[{"name":"wp","href":"https:\/\/api.w.org\/{rel}","templated":true}]}}