{"id":5128,"date":"2024-03-22T14:46:11","date_gmt":"2024-03-22T14:46:11","guid":{"rendered":"https:\/\/www.happysunday.eu\/?post_type=product&#038;p=5128"},"modified":"2026-04-07T07:02:06","modified_gmt":"2026-04-07T07:02:06","slug":"black-chocolate-raspberry-cream-400x-400ml","status":"publish","type":"product","link":"https:\/\/www.happysunday.eu\/?product=black-chocolate-raspberry-cream-400x-400ml","title":{"rendered":"Black Chocolate Raspberry Cream 400X 400ml"},"content":{"rendered":"<div id=\"product-title\">\n<p style=\"font-weight: 400;\"><strong>Black Chocolate Raspberry Cream 400X<\/strong><\/p>\n<p style=\"font-weight: 400;\"><strong>Kr\u0113ms pirms sau\u013co\u0161an\u0101s sol\u0101rij\u0101 ar 400X Plateau-Busting bronzeriem. Dom\u0101ts tum\u0161as \u0101das \u012bpa\u0161niekiem, kas grib ieg\u016bt memont\u0101lu super br\u016bno iedegumu. Nodro\u0161ina \u0101tru efektu, dzi\u013cam un \u013coti tum\u0161am iedegumam, pateicoties raspberries &amp; vanilla extract,\u00a0 pan\u0101kot pies\u0101tin\u0101tu toni, un jaun\u0101s paaudzes att\u012bst\u012bt\u0101jam.<\/strong><\/p>\n<p style=\"font-weight: 400;\"><strong>Satur Exotic Black Chocolate extracts, kokosriekstu e\u013c\u013cu, kofe\u012bnu, kuri ener\u0123iski model\u0113 \u0101du, un makadami e\u013c\u013c\u016b, kus savienojum\u0101 ar vitam\u012bniem, intens\u012bvi re\u0123ener\u0113 un b\u0101ro \u0101du. <\/strong><\/p>\n<p style=\"font-weight: 400;\"><strong>Ra\u017eots ASV.\u00a0<\/strong><\/p>\n<p style=\"font-weight: 400;\"><strong>Der\u012bgs l\u012bdz: 12.2025<\/strong><\/p>\n<p>Smar\u017ea: Ave\u0146u saldais kr\u0113jums<\/p>\n<p>Clean Beauty: Vegan, Gluten-free, Paraben-free, Cruelty-free, Phthalate-free<\/p>\n<p>Satur tropisko aug\u013cu ekstraktus. Intens\u012bvi mitrin\u0101, re\u0123ener\u0113 un b\u0101ro \u0101du un padara z\u012bdainu.<\/p>\n<\/div>\n","protected":false},"excerpt":{"rendered":"<p>Black Chocolate Raspberry Cream 400X Kr\u0113ms pirms sau\u013co\u0161an\u0101s sol\u0101rij\u0101 ar 400X Plateau-Busting bronzeriem. Dom\u0101ts tum\u0161as \u0101das \u012bpa\u0161niekiem, kas grib ieg\u016bt memont\u0101lu super br\u016bno iedegumu. Nodro\u0161ina \u0101tru efektu, dzi\u013cam un \u013coti tum\u0161am iedegumam, pateicoties raspberries &amp; vanilla extract,\u00a0 pan\u0101kot pies\u0101tin\u0101tu toni, un jaun\u0101s paaudzes att\u012bst\u012bt\u0101jam. Satur Exotic Black Chocolate extracts, kokosriekstu e\u013c\u013cu, kofe\u012bnu, kuri ener\u0123iski model\u0113 \u0101du, un makadami e\u013c\u013c\u016b, kus savienojum\u0101 ar vitam\u012bniem, intens\u012bvi re\u0123ener\u0113 un b\u0101ro \u0101du. Ra\u017eots ASV.\u00a0 Der\u012bgs l\u012bdz: 12.2025 Smar\u017ea: Ave\u0146u saldais kr\u0113jums Clean Beauty: Vegan, Gluten-free, Paraben-free, Cruelty-free, Phthalate-free Satur tropisko aug\u013cu ekstraktus. Intens\u012bvi mitrin\u0101,&hellip;<\/p>\n","protected":false},"featured_media":5129,"template":"","meta":[],"product_brand":[],"product_cat":[34],"product_tag":[],"class_list":{"0":"post-5128","1":"product","2":"type-product","3":"status-publish","4":"has-post-thumbnail","6":"product_cat-kosmetika","8":"first","9":"instock","10":"shipping-taxable","11":"purchasable","12":"product-type-simple"},"_links":{"self":[{"href":"https:\/\/www.happysunday.eu\/index.php?rest_route=\/wp\/v2\/product\/5128","targetHints":{"allow":["GET"]}}],"collection":[{"href":"https:\/\/www.happysunday.eu\/index.php?rest_route=\/wp\/v2\/product"}],"about":[{"href":"https:\/\/www.happysunday.eu\/index.php?rest_route=\/wp\/v2\/types\/product"}],"wp:featuredmedia":[{"embeddable":true,"href":"https:\/\/www.happysunday.eu\/index.php?rest_route=\/wp\/v2\/media\/5129"}],"wp:attachment":[{"href":"https:\/\/www.happysunday.eu\/index.php?rest_route=%2Fwp%2Fv2%2Fmedia&parent=5128"}],"wp:term":[{"taxonomy":"product_brand","embeddable":true,"href":"https:\/\/www.happysunday.eu\/index.php?rest_route=%2Fwp%2Fv2%2Fproduct_brand&post=5128"},{"taxonomy":"product_cat","embeddable":true,"href":"https:\/\/www.happysunday.eu\/index.php?rest_route=%2Fwp%2Fv2%2Fproduct_cat&post=5128"},{"taxonomy":"product_tag","embeddable":true,"href":"https:\/\/www.happysunday.eu\/index.php?rest_route=%2Fwp%2Fv2%2Fproduct_tag&post=5128"}],"curies":[{"name":"wp","href":"https:\/\/api.w.org\/{rel}","templated":true}]}}