{"id":5254,"date":"2024-06-07T11:01:25","date_gmt":"2024-06-07T11:01:25","guid":{"rendered":"https:\/\/www.happysunday.eu\/?post_type=product&#038;p=5254"},"modified":"2026-04-07T07:02:06","modified_gmt":"2026-04-07T07:02:06","slug":"sejas-intensivs-pretnovecosanas-krems-50ml","status":"publish","type":"product","link":"https:\/\/www.happysunday.eu\/?product=sejas-intensivs-pretnovecosanas-krems-50ml","title":{"rendered":"SEJAS INTENS\u012aVS PRETNOVECO\u0160AN\u0100S KR\u0112MS 50ML"},"content":{"rendered":"<p><strong>DR. KRAUT INTENSIVE ANTIAGE CREAM WITH GEL\u00c9E ROYALE EXTRACT<\/strong><\/p>\n<p>Antiage kr\u0113ms sausai, noguru\u0161ai un bez tonusa \u0101dai. Ekskluz\u012bvais Gel\u00e9e Royale ekstrakts ar t\u0101 barojo\u0161aj\u0101m \u012bpa\u0161\u012bb\u0101m kontrast\u0113 ar \u0101das noveco\u0161anos, nodro\u0161inot barotu, gludu un mirdzo\u0161u \u0101du.<br \/>\n72,36% dab\u012bgs<\/p>\n<p>M\u012bksts un samtains kr\u0113ms, kas paredz\u0113ts sausas, noguru\u0161as un bez tonusa \u0101das baro\u0161anai un toniz\u0101cijai. Intensive Antiage Cream stimul\u0113 kolag\u0113na ra\u017eo\u0161anu un ir \u012bpa\u0161i indic\u0113ts, lai nov\u0113rstu vecuma paz\u012bmes. Turkl\u0101t to var izmantot sezonas mai\u0146as laik\u0101, kad epiderma ir jut\u012bg\u0101ka un \u0101das l\u012bdzsvars ir izmain\u012bts, lai \u0101da b\u016btu elast\u012bga un vienm\u0113r\u012bga sejas kr\u0101sa.<br \/>\nPateicoties bi\u0161u ma\u0161u pieni\u0146a ekstraktam, tam ir barojo\u0161as, mitrino\u0161as un balino\u0161as \u012bpa\u0161\u012bbas. Peru pieni\u0146\u0161 sast\u0101vs ir \u013coti l\u012bdz\u012bgs cilv\u0113ka serumam: tas satur album\u012bnus un globul\u012bnus, satur daudz B vitam\u012bnu, k\u0101 ar\u012b vitam\u012bnus A, C, D, E, PP, tauksk\u0101bes. Peru pieni\u0146\u0101 ir ar\u012b viela germicid\u012bns, kas kav\u0113 bakt\u0113riju att\u012bst\u012bbu.<\/p>\n<p>Lieto\u0161ana: uzkl\u0101t nelielu daudzumu kr\u0113ma ar kust\u012bbu kust\u012bb\u0101m, l\u012bdz tas piln\u012bb\u0101 uzs\u016bcas.<\/p>\n<p>GEL\u00c9E ROYALE EKSTRAKTS: Peru pieni\u0146\u0161 ir dabiska viela ar pretnoveco\u0161an\u0101s \u012bpa\u0161\u012bb\u0101m, kas uzlabo \u0101das elast\u012bbu un tonusu. Ar antioksidantiem bag\u0101tais Gel\u00e9e Royale ekstrakts ar\u012b efekt\u012bvi nov\u0113r\u0161 \u0101das noveco\u0161anos un nov\u0113r\u0161 grumbu veido\u0161anos.<br \/>\nSHEA sviests: sviests, kas ieg\u016bts no \u0161\u012b koka un sp\u0113j saglab\u0101t dabisko \u0101das elast\u012bbu un tonusu.<br \/>\nMANDE\u013bU E\u013b\u013bA: aukst\u0101 e\u013c\u013ca, kas ieg\u016bta no saldaj\u0101m mandel\u0113m un bag\u0101ta ar t\u0101diem mikroelementiem k\u0101 linolsk\u0101be un D vitam\u012bns, kas noder \u0101das elast\u012bbas saglab\u0101\u0161anai.<br \/>\nAVOKADO E\u013b\u013bA: ieg\u016bta no svaigu aug\u013cu m\u012bkstuma un bag\u0101ta ar linolsk\u0101bi. Pateicoties t\u0101 nomierino\u0161aj\u0101m un m\u012bkstino\u0161aj\u0101m \u012bpa\u0161\u012bb\u0101m, tas dzi\u013ci baro un aizsarg\u0101 \u0101du.<\/p>\n","protected":false},"excerpt":{"rendered":"<p>DR. KRAUT INTENSIVE ANTIAGE CREAM WITH GEL\u00c9E ROYALE EXTRACT Antiage kr\u0113ms sausai, noguru\u0161ai un bez tonusa \u0101dai. Ekskluz\u012bvais Gel\u00e9e Royale ekstrakts ar t\u0101 barojo\u0161aj\u0101m \u012bpa\u0161\u012bb\u0101m kontrast\u0113 ar \u0101das noveco\u0161anos, nodro\u0161inot barotu, gludu un mirdzo\u0161u \u0101du. 72,36% dab\u012bgs M\u012bksts un samtains kr\u0113ms, kas paredz\u0113ts sausas, noguru\u0161as un bez tonusa \u0101das baro\u0161anai un toniz\u0101cijai. Intensive Antiage Cream stimul\u0113 kolag\u0113na ra\u017eo\u0161anu un ir \u012bpa\u0161i indic\u0113ts, lai nov\u0113rstu vecuma paz\u012bmes. Turkl\u0101t to var izmantot sezonas mai\u0146as laik\u0101, kad epiderma ir jut\u012bg\u0101ka un \u0101das l\u012bdzsvars ir izmain\u012bts, lai \u0101da b\u016btu elast\u012bga un vienm\u0113r\u012bga sejas kr\u0101sa.&hellip;<\/p>\n","protected":false},"featured_media":5255,"template":"","meta":[],"product_brand":[],"product_cat":[33,63],"product_tag":[],"class_list":{"0":"post-5254","1":"product","2":"type-product","3":"status-publish","4":"has-post-thumbnail","6":"product_cat-uncategorized","7":"product_cat-kosmetologija","9":"first","10":"instock","11":"shipping-taxable","12":"purchasable","13":"product-type-simple"},"_links":{"self":[{"href":"https:\/\/www.happysunday.eu\/index.php?rest_route=\/wp\/v2\/product\/5254","targetHints":{"allow":["GET"]}}],"collection":[{"href":"https:\/\/www.happysunday.eu\/index.php?rest_route=\/wp\/v2\/product"}],"about":[{"href":"https:\/\/www.happysunday.eu\/index.php?rest_route=\/wp\/v2\/types\/product"}],"wp:featuredmedia":[{"embeddable":true,"href":"https:\/\/www.happysunday.eu\/index.php?rest_route=\/wp\/v2\/media\/5255"}],"wp:attachment":[{"href":"https:\/\/www.happysunday.eu\/index.php?rest_route=%2Fwp%2Fv2%2Fmedia&parent=5254"}],"wp:term":[{"taxonomy":"product_brand","embeddable":true,"href":"https:\/\/www.happysunday.eu\/index.php?rest_route=%2Fwp%2Fv2%2Fproduct_brand&post=5254"},{"taxonomy":"product_cat","embeddable":true,"href":"https:\/\/www.happysunday.eu\/index.php?rest_route=%2Fwp%2Fv2%2Fproduct_cat&post=5254"},{"taxonomy":"product_tag","embeddable":true,"href":"https:\/\/www.happysunday.eu\/index.php?rest_route=%2Fwp%2Fv2%2Fproduct_tag&post=5254"}],"curies":[{"name":"wp","href":"https:\/\/api.w.org\/{rel}","templated":true}]}}