{"id":5258,"date":"2024-06-07T11:06:40","date_gmt":"2024-06-07T11:06:40","guid":{"rendered":"https:\/\/www.happysunday.eu\/?post_type=product&#038;p=5258"},"modified":"2026-04-07T07:02:05","modified_gmt":"2026-04-07T07:02:05","slug":"pretnovecosanas-sejas-maska-50ml","status":"publish","type":"product","link":"https:\/\/www.happysunday.eu\/?product=pretnovecosanas-sejas-maska-50ml","title":{"rendered":"PRETNOVECO\u0160AN\u0100S SEJAS MASKA 50ml"},"content":{"rendered":"<div id=\"product-title\">\n<p><strong>FACE ANTIAGE &#8211; <\/strong><strong>ANTIAGE CREAMY MASK<br \/>\nwith Hyaluronic Acid and Vitamin E\u00a0<\/strong><\/p>\n<p>SEJAS ANTIAGE &#8211; ANTIAGE KR\u0112MA MASKA<br \/>\nar hialuronsk\u0101bi un E vitam\u012bnu<\/p>\n<p>M\u012bksta un kr\u0113m\u012bga skaistumkop\u0161anas maska, kas izstr\u0101d\u0101ta, lai uzlabotu \u0101das elast\u012bbu. T\u0101 \u012bpa\u0161\u0101 formula, kas bag\u0101tin\u0101ta ar hialuronsk\u0101bi un E vitam\u012bnu, pal\u012bdz nov\u0113rst \u0101das noveco\u0161anos.<br \/>\n78,33% dab\u012bgs<\/p>\n<p>Antiage Creamy Mask ir indic\u0113ta nobriedu\u0161as \u0101das kop\u0161anai un \u012bpa\u0161i piem\u0113rota noguru\u0161ai un bl\u0101vai sejas \u0101dai.<\/p>\n<p>M\u012bksta un kr\u0113m\u012bga skaistuma maska, kas uzlabo \u0101das elast\u012bbu. Speci\u0101la formula, kas bag\u0101tin\u0101ta ar hialuronsk\u0101bi un E vitam\u012bnu, piem\u012bt pretnoveco\u0161an\u0101s darb\u012bba.<\/p>\n<p>K\u0101 lietot:\u00a0 Izmantojiet Antiage Creamy Mask p\u0113c r\u016bp\u012bgas \u0101das att\u012br\u012b\u0161anas.<br \/>\nIzkl\u0101jiet maskas sl\u0101ni pa visu sejas virsmu, izvairoties no acu kont\u016bras.<br \/>\nAtst\u0101jiet iedarboties 10 min\u016btes un noskalojiet ar siltu \u016bdeni.<\/p>\n<p>Funkcion\u0101l\u0101s sast\u0101vda\u013cas un \u012bpa\u0161\u012bbas<br \/>\nHIALURONSK\u0100BE: \u012bpa\u0161i paz\u012bstama ar sp\u0113ju notur\u0113t \u016bdens molekulas, t\u0101d\u0113j\u0101di uzturot \u0101du optim\u0101l\u0101 hidrat\u0101cijas st\u0101vokl\u012b. Nov\u0113r\u0161 tonusa zudumu, ko izraisa pak\u0101peniska hialuronsk\u0101bes ra\u017eo\u0161anas samazin\u0101\u0161an\u0101s organism\u0101.<br \/>\nE VITAM\u012aNS ACETATS: sp\u0113c\u012bgs antioksidants, c\u012bn\u0101s ar br\u012bvajiem radik\u0101\u013ciem un aizsarg\u0101 \u0101du no vides stresa.<br \/>\nMANDE\u013bU E\u013b\u013bA: aukst\u0101 e\u013c\u013ca, kas ieg\u016bta no saldaj\u0101m mandel\u0113m un bag\u0101ta ar t\u0101diem mikroelementiem k\u0101 linolsk\u0101be un D vitam\u012bns, kas noder \u0101das elast\u012bbas saglab\u0101\u0161anai.<br \/>\nAVOKADO E\u013b\u013bA: ieg\u016bta no svaigu aug\u013cu m\u012bkstuma un bag\u0101ta ar linolsk\u0101bi. Pateicoties t\u0101 nomierino\u0161aj\u0101m un m\u012bkstino\u0161aj\u0101m \u012bpa\u0161\u012bb\u0101m, tas dzi\u013ci baro un aizsarg\u0101 \u0101du.<br \/>\nCINKA OKS\u012aDS: balts pulveris, kas sp\u0113j atstarot gaismu, aizsarg\u0101 \u0101du no saules gaismas.<\/p>\n<\/div>\n","protected":false},"excerpt":{"rendered":"<p>FACE ANTIAGE &#8211; ANTIAGE CREAMY MASK with Hyaluronic Acid and Vitamin E\u00a0 SEJAS ANTIAGE &#8211; ANTIAGE KR\u0112MA MASKA ar hialuronsk\u0101bi un E vitam\u012bnu M\u012bksta un kr\u0113m\u012bga skaistumkop\u0161anas maska, kas izstr\u0101d\u0101ta, lai uzlabotu \u0101das elast\u012bbu. T\u0101 \u012bpa\u0161\u0101 formula, kas bag\u0101tin\u0101ta ar hialuronsk\u0101bi un E vitam\u012bnu, pal\u012bdz nov\u0113rst \u0101das noveco\u0161anos. 78,33% dab\u012bgs Antiage Creamy Mask ir indic\u0113ta nobriedu\u0161as \u0101das kop\u0161anai un \u012bpa\u0161i piem\u0113rota noguru\u0161ai un bl\u0101vai sejas \u0101dai. M\u012bksta un kr\u0113m\u012bga skaistuma maska, kas uzlabo \u0101das elast\u012bbu. Speci\u0101la formula, kas bag\u0101tin\u0101ta ar hialuronsk\u0101bi un E vitam\u012bnu, piem\u012bt pretnoveco\u0161an\u0101s darb\u012bba. K\u0101 lietot:\u00a0 Izmantojiet&hellip;<\/p>\n","protected":false},"featured_media":5259,"template":"","meta":[],"product_brand":[],"product_cat":[33,63],"product_tag":[],"class_list":{"0":"post-5258","1":"product","2":"type-product","3":"status-publish","4":"has-post-thumbnail","6":"product_cat-uncategorized","7":"product_cat-kosmetologija","9":"first","10":"instock","11":"shipping-taxable","12":"purchasable","13":"product-type-simple"},"_links":{"self":[{"href":"https:\/\/www.happysunday.eu\/index.php?rest_route=\/wp\/v2\/product\/5258","targetHints":{"allow":["GET"]}}],"collection":[{"href":"https:\/\/www.happysunday.eu\/index.php?rest_route=\/wp\/v2\/product"}],"about":[{"href":"https:\/\/www.happysunday.eu\/index.php?rest_route=\/wp\/v2\/types\/product"}],"wp:featuredmedia":[{"embeddable":true,"href":"https:\/\/www.happysunday.eu\/index.php?rest_route=\/wp\/v2\/media\/5259"}],"wp:attachment":[{"href":"https:\/\/www.happysunday.eu\/index.php?rest_route=%2Fwp%2Fv2%2Fmedia&parent=5258"}],"wp:term":[{"taxonomy":"product_brand","embeddable":true,"href":"https:\/\/www.happysunday.eu\/index.php?rest_route=%2Fwp%2Fv2%2Fproduct_brand&post=5258"},{"taxonomy":"product_cat","embeddable":true,"href":"https:\/\/www.happysunday.eu\/index.php?rest_route=%2Fwp%2Fv2%2Fproduct_cat&post=5258"},{"taxonomy":"product_tag","embeddable":true,"href":"https:\/\/www.happysunday.eu\/index.php?rest_route=%2Fwp%2Fv2%2Fproduct_tag&post=5258"}],"curies":[{"name":"wp","href":"https:\/\/api.w.org\/{rel}","templated":true}]}}