{"id":5262,"date":"2024-06-07T11:14:00","date_gmt":"2024-06-07T11:14:00","guid":{"rendered":"https:\/\/www.happysunday.eu\/?post_type=product&#038;p=5262"},"modified":"2026-04-07T07:02:05","modified_gmt":"2026-04-07T07:02:05","slug":"mitrinosa-sejas-maska-ar-algem-50ml","status":"publish","type":"product","link":"https:\/\/www.happysunday.eu\/?product=mitrinosa-sejas-maska-ar-algem-50ml","title":{"rendered":"MITRINO\u0160\u0100 SEJAS MASKA AR A\u013bG\u0112M 50ml"},"content":{"rendered":"<p><strong><span lang=\"en-gb\" xml:lang=\"en-gb\">FACE HYDRATE &#8211; HYDRATING GEL MASK<br \/>\nwith Marine Collagen and Red Algae\u00a0<\/span><\/strong><\/p>\n<p>FACE HYDRATE &#8211; HIDRATING GEL MASKA<br \/>\nar j\u016bras kolag\u0113nu un sarkanaj\u0101m a\u013c\u0123\u0113m<\/p>\n<p>Mitrino\u0161a maska, kas izstr\u0101d\u0101ta, lai sausai, bl\u0101vai un saspringtai \u0101dai pie\u0161\u0137irtu mitrumu, kuplumu un maigumu. J\u016bras kolag\u0113ns un sarkan\u0101s a\u013c\u0123es, pateicoties to elast\u012bgaj\u0101m, m\u012bkstino\u0161aj\u0101m un mitrino\u0161aj\u0101m \u012bpa\u0161\u012bb\u0101m, padara \u0101du mirdzo\u0161u un atsvaidzin\u0101tu.<br \/>\n94,37% dab\u012bgs<\/p>\n<p>Mitrino\u0161\u0101 g\u0113la maska \u200b\u200bnodro\u0161ina vitalit\u0101ti un svaigumu visiem \u0101das tipiem, \u012bpa\u0161i sausai un \u013coti sausai \u0101dai. T\u0101s g\u0113la tekst\u016bra padara to par pat\u012bkamu kop\u0161anu, un formul\u0101 eso\u0161\u0101s akt\u012bv\u0101s sast\u0101vda\u013cas pie\u0161\u0137ir \u0101dai elast\u012bbu, mitrin\u0101\u0161anu un tvirtumu, nodro\u0161inot maigu un mirdzo\u0161u sejas kr\u0101su.<\/p>\n<p>Mitrino\u0161a g\u0113la maska \u200b\u200bir piem\u0113rota visiem \u0101das tipiem un visu vecumu cilv\u0113kiem.<\/p>\n<p>Lieto\u0161ana: Izmantojiet mitrino\u0161o g\u0113la masku uz ide\u0101li att\u012br\u012btas un sausas \u0101das.<br \/>\nIzkl\u0101jiet produkta k\u0101rtu pa visu sejas virsmu, piev\u0113r\u0161ot uzman\u012bbu smalkajai acu kont\u016bras zonai.<br \/>\nAtst\u0101jiet masku apm\u0113ram 10 min\u016btes.<br \/>\nNoskalo ar siltu \u016bdeni.<\/p>\n<p>Funkcion\u0101l\u0101s sast\u0101vda\u013cas un \u012bpa\u0161\u012bbas<br \/>\nJ\u016aRAS KOLAG\u0112NS: pateicoties iev\u0113rojamajai afinit\u0101tei ar cilv\u0113ka kolag\u0113na strukt\u016bru, j\u016bras kolag\u0113ns saist\u0101s ar \u0101das kerat\u012bna sl\u0101\u0146iem, saglab\u0101jot \u016bdens molekulas un pie\u0161\u0137irot \u0101das virsmai glud\u0101ku un stingr\u0101ku izskatu.<br \/>\nSARKAN\u0100S AL\u0122\u0112S: Klus\u0101 oke\u0101na a\u013c\u0123es, kas paz\u012bstamas ar savu m\u012bkstino\u0161o un antioksidantu iedarb\u012bbu. Tie uztur \u0101du gludu un elast\u012bgu, nov\u0113r\u0161ot \u0101das sausumu. (A\u013c\u0123es dabiski satur zemu joda procentu).<br \/>\nAUGU GLICER\u012aNS: ieg\u016bts no augu e\u013c\u013c\u0101m un taukiem, piem\u012bt m\u012bkstino\u0161as \u012bpa\u0161\u012bbas.<\/p>\n","protected":false},"excerpt":{"rendered":"<p>FACE HYDRATE &#8211; HYDRATING GEL MASK with Marine Collagen and Red Algae\u00a0 FACE HYDRATE &#8211; HIDRATING GEL MASKA ar j\u016bras kolag\u0113nu un sarkanaj\u0101m a\u013c\u0123\u0113m Mitrino\u0161a maska, kas izstr\u0101d\u0101ta, lai sausai, bl\u0101vai un saspringtai \u0101dai pie\u0161\u0137irtu mitrumu, kuplumu un maigumu. J\u016bras kolag\u0113ns un sarkan\u0101s a\u013c\u0123es, pateicoties to elast\u012bgaj\u0101m, m\u012bkstino\u0161aj\u0101m un mitrino\u0161aj\u0101m \u012bpa\u0161\u012bb\u0101m, padara \u0101du mirdzo\u0161u un atsvaidzin\u0101tu. 94,37% dab\u012bgs Mitrino\u0161\u0101 g\u0113la maska \u200b\u200bnodro\u0161ina vitalit\u0101ti un svaigumu visiem \u0101das tipiem, \u012bpa\u0161i sausai un \u013coti sausai \u0101dai. T\u0101s g\u0113la tekst\u016bra padara to par pat\u012bkamu kop\u0161anu, un formul\u0101 eso\u0161\u0101s akt\u012bv\u0101s sast\u0101vda\u013cas pie\u0161\u0137ir \u0101dai elast\u012bbu,&hellip;<\/p>\n","protected":false},"featured_media":5263,"template":"","meta":[],"product_brand":[],"product_cat":[33,63],"product_tag":[],"class_list":{"0":"post-5262","1":"product","2":"type-product","3":"status-publish","4":"has-post-thumbnail","6":"product_cat-uncategorized","7":"product_cat-kosmetologija","9":"first","10":"instock","11":"shipping-taxable","12":"purchasable","13":"product-type-simple"},"_links":{"self":[{"href":"https:\/\/www.happysunday.eu\/index.php?rest_route=\/wp\/v2\/product\/5262","targetHints":{"allow":["GET"]}}],"collection":[{"href":"https:\/\/www.happysunday.eu\/index.php?rest_route=\/wp\/v2\/product"}],"about":[{"href":"https:\/\/www.happysunday.eu\/index.php?rest_route=\/wp\/v2\/types\/product"}],"wp:featuredmedia":[{"embeddable":true,"href":"https:\/\/www.happysunday.eu\/index.php?rest_route=\/wp\/v2\/media\/5263"}],"wp:attachment":[{"href":"https:\/\/www.happysunday.eu\/index.php?rest_route=%2Fwp%2Fv2%2Fmedia&parent=5262"}],"wp:term":[{"taxonomy":"product_brand","embeddable":true,"href":"https:\/\/www.happysunday.eu\/index.php?rest_route=%2Fwp%2Fv2%2Fproduct_brand&post=5262"},{"taxonomy":"product_cat","embeddable":true,"href":"https:\/\/www.happysunday.eu\/index.php?rest_route=%2Fwp%2Fv2%2Fproduct_cat&post=5262"},{"taxonomy":"product_tag","embeddable":true,"href":"https:\/\/www.happysunday.eu\/index.php?rest_route=%2Fwp%2Fv2%2Fproduct_tag&post=5262"}],"curies":[{"name":"wp","href":"https:\/\/api.w.org\/{rel}","templated":true}]}}