{"id":5268,"date":"2024-06-07T14:16:18","date_gmt":"2024-06-07T14:16:18","guid":{"rendered":"https:\/\/www.happysunday.eu\/?post_type=product&#038;p=5268"},"modified":"2026-04-07T07:02:05","modified_gmt":"2026-04-07T07:02:05","slug":"spf-20-30-50-saules-aizsargkrems-175ml","status":"publish","type":"product","link":"https:\/\/www.happysunday.eu\/?product=spf-20-30-50-saules-aizsargkrems-175ml","title":{"rendered":"SPF 20\/30\/50+ SAULES AIZSARGKR\u0112MS 175ML"},"content":{"rendered":"<div id=\"product-title\">\n<h1 class=\"product_title entry-title\">THAT&#8217;S SO ALL IN ONE SPF 20\/30*\/50+* PROGRESSIVE SUNSCREEN<\/h1>\n<p>All-In-One SPF 20\/30\/50+ ir sau\u013co\u0161an\u0101s l\u012bdzeklis, \u016bdensiztur\u012bgs, \u00a0ar vid\u0113ju aizsardz\u012bbas faktoru, kas nor\u0101d\u012bts pirmaj\u0101 saules iedarb\u012bbas period\u0101. Tas ir ide\u0101li piem\u0113rots no pirmaj\u0101m dien\u0101m pludmal\u0113, kaln\u0101, kaln\u0101, ezer\u0101 un pat pils\u0113t\u0101, dodoties uz parku, lai bez riska sau\u013cotos. TAS IR UNIK\u0100LS SAV\u0100 NI\u0160\u0100 JO VAR B\u016aT AR AIZSARDZ\u012aBU GAN SPF20, GAN SPF30, \u00a0GAN SPF50. Pak\u0101peniski izsmidzin\u0101ms sau\u013co\u0161an\u0101s l\u012bdzeklis nodro\u0161ina 3 saules aizsargl\u012bdzek\u013cus vien\u0101 produkt\u0101, pateicoties pak\u0101peniskajai sau\u013co\u0161an\u0101s tehnolo\u0123ijai, kas pak\u0101peniski palielin\u0101s ar katru lieto\u0161anas reizi, ar 10 min\u016b\u0161u interv\u0101lu, p\u0101rejot no koeficienta 20 l\u012bdz 30 l\u012bdz 50+.<\/p>\n<p>TO VAR IZMANTOT VISA GIMENE: PIEAUGU\u0160IE SPF20-30, BET B\u0112RNI SPF50.<\/p>\n<p>TO VAR IZMANTOT ATVA\u013bIN\u0100JUM\u0100 PIRMAJ\u0100S DIEN\u0100S , KA SPF 50, ATVA\u013bIN\u0100JUM\u0100 VID\u016a, KA SPF 30, UN ATVA\u013bIN\u0100JUM\u0100 BEIG\u0100S KA SPF20.<\/p>\n<p>TO VAR IZMANTOT ATSEVI\u0160\u0136I KATRAI \u0136ERME\u0145A ZONAI, KA: K\u0100J\u0100M SPF20, \u0136ERMENIM SPF 30, SEJAI &#8211; SPF50!<\/p>\n<p>&nbsp;<\/p>\n<p>All-In-One SPF 20\/30\/50+ saules aizsargkr\u0113ms nodro\u0161ina augsta spektra aizsardz\u012bbu, aizsarg\u0101jot \u0101du gan no UVB, gan UVA un infrasarkanajiem stariem, kas izraisa priek\u0161laic\u012bgu \u0101das noveco\u0161anos.<br \/>\nAll-In-One SPF 20\/30\/50+, kas bag\u0101tin\u0101ts ar avokado e\u013c\u013cu, jojobu un E vitam\u012bnu, uzlabo \u0101das mitrin\u0101\u0161anu, tonusu un elast\u012bbu.<br \/>\nNep\u0101rtrauktas doz\u0113\u0161anas aerosols ar videi draudz\u012bgu, g\u0101zi nesaturo\u0161u BOV (Bag on Valve) tehnolo\u0123iju \u013cauj viegli uzkl\u0101t produktu, sasniedzot pat vissare\u017e\u0123\u012bt\u0101k\u0101s vietas.<br \/>\nAll-In-One SPF 20\/30\/50+ ir \u016bdens un sviedru iztur\u012bgs, tam ir piem\u0113rota aizsardz\u012bba pret saules apdegumiem un tas nov\u0113r\u0161 balto efektu uz \u0101das.<br \/>\nTas atst\u0101j \u0101du pat\u012bkami arom\u0101tisku ar vani\u013cas un kokosriekstu arom\u0101tu.<br \/>\nAr pareizo saules aizsardz\u012bbas faktoru m\u016bsu \u0101da ir dro\u0161a!<\/p>\n<\/div>\n","protected":false},"excerpt":{"rendered":"<p>THAT&#8217;S SO ALL IN ONE SPF 20\/30*\/50+* PROGRESSIVE SUNSCREEN All-In-One SPF 20\/30\/50+ ir sau\u013co\u0161an\u0101s l\u012bdzeklis, \u016bdensiztur\u012bgs, \u00a0ar vid\u0113ju aizsardz\u012bbas faktoru, kas nor\u0101d\u012bts pirmaj\u0101 saules iedarb\u012bbas period\u0101. Tas ir ide\u0101li piem\u0113rots no pirmaj\u0101m dien\u0101m pludmal\u0113, kaln\u0101, kaln\u0101, ezer\u0101 un pat pils\u0113t\u0101, dodoties uz parku, lai bez riska sau\u013cotos. TAS IR UNIK\u0100LS SAV\u0100 NI\u0160\u0100 JO VAR B\u016aT AR AIZSARDZ\u012aBU GAN SPF20, GAN SPF30, \u00a0GAN SPF50. Pak\u0101peniski izsmidzin\u0101ms sau\u013co\u0161an\u0101s l\u012bdzeklis nodro\u0161ina 3 saules aizsargl\u012bdzek\u013cus vien\u0101 produkt\u0101, pateicoties pak\u0101peniskajai sau\u013co\u0161an\u0101s tehnolo\u0123ijai, kas pak\u0101peniski palielin\u0101s ar katru lieto\u0161anas reizi, ar 10 min\u016b\u0161u interv\u0101lu, p\u0101rejot no&hellip;<\/p>\n","protected":false},"featured_media":5269,"template":"","meta":[],"product_brand":[],"product_cat":[33,84,34,58,83],"product_tag":[],"class_list":{"0":"post-5268","1":"product","2":"type-product","3":"status-publish","4":"has-post-thumbnail","6":"product_cat-uncategorized","7":"product_cat-saules-kosmetika","8":"product_cat-kosmetika","9":"product_cat-super-sale","10":"product_cat-that-so","12":"first","13":"instock","14":"featured","15":"shipping-taxable","16":"purchasable","17":"product-type-simple"},"_links":{"self":[{"href":"https:\/\/www.happysunday.eu\/index.php?rest_route=\/wp\/v2\/product\/5268","targetHints":{"allow":["GET"]}}],"collection":[{"href":"https:\/\/www.happysunday.eu\/index.php?rest_route=\/wp\/v2\/product"}],"about":[{"href":"https:\/\/www.happysunday.eu\/index.php?rest_route=\/wp\/v2\/types\/product"}],"wp:featuredmedia":[{"embeddable":true,"href":"https:\/\/www.happysunday.eu\/index.php?rest_route=\/wp\/v2\/media\/5269"}],"wp:attachment":[{"href":"https:\/\/www.happysunday.eu\/index.php?rest_route=%2Fwp%2Fv2%2Fmedia&parent=5268"}],"wp:term":[{"taxonomy":"product_brand","embeddable":true,"href":"https:\/\/www.happysunday.eu\/index.php?rest_route=%2Fwp%2Fv2%2Fproduct_brand&post=5268"},{"taxonomy":"product_cat","embeddable":true,"href":"https:\/\/www.happysunday.eu\/index.php?rest_route=%2Fwp%2Fv2%2Fproduct_cat&post=5268"},{"taxonomy":"product_tag","embeddable":true,"href":"https:\/\/www.happysunday.eu\/index.php?rest_route=%2Fwp%2Fv2%2Fproduct_tag&post=5268"}],"curies":[{"name":"wp","href":"https:\/\/api.w.org\/{rel}","templated":true}]}}