{"id":5273,"date":"2024-06-07T14:32:54","date_gmt":"2024-06-07T14:32:54","guid":{"rendered":"https:\/\/www.happysunday.eu\/?post_type=product&#038;p=5273"},"modified":"2026-04-07T07:02:04","modified_gmt":"2026-04-07T07:02:04","slug":"spf-50-saules-aizsargkrems-anti-age-100ml","status":"publish","type":"product","link":"https:\/\/www.happysunday.eu\/?product=spf-50-saules-aizsargkrems-anti-age-100ml","title":{"rendered":"SEJAS SPF50 PUTAS AR ANTI-AGE EFEKTU 100ML"},"content":{"rendered":"<div id=\"product-title\">\n<h1 class=\"product_title entry-title\">THAT&#8217;S SO ALL IN ONE ANTI-AGE SUNSCREEN SPF 50+<\/h1>\n<p class=\"p1\"><span class=\"s1\">All-In-One SPF 50+ Anti-age ir maiga putu veida vieglas tekst\u016bras skaistumkop\u0161anas produkts. \u00a0Saules aizsargl\u012bdzeklis ar augstu aizsardz\u012bbas l\u012bmeni, kas bag\u0101tin\u0101ts ar Gold Filter Tech \u2014 p\u0113r\u013cu efektu pie\u0161\u0137iro\u0161u pigmentu mais\u012bjumu, kas padara \u0101du starojo\u0161u un vienm\u0113r\u012bgu. L<\/span><span class=\"s1\">ieliski piem\u0113rots ikdienas lieto\u0161anai gan k\u0101 pamata kop\u0161anas l\u012bdzeklis, gan k\u0101 make up b\u0101ze.<\/span><\/p>\n<p class=\"p1\"><span class=\"s1\">Putas ir papildin\u0101tas ar v\u012bnogu s\u0113klu ekstraktu un E vitam\u012bnu, kas pal\u012bdz c\u012bn\u012bties ar oksidat\u012bvo stresu un nodro\u0161ina ilgsto\u0161u mitrin\u0101\u0161anu saules iedarb\u012bbas laik\u0101.<\/span><\/p>\n<p class=\"p1\"><span class=\"s1\">To pretnoveco\u0161an\u0101s formula satur \u012bpa\u0161u aminosk\u0101bi \u2014 argin\u012bnu, kas dabiski sastopama \u0101d\u0101. T\u0101 pal\u012bdz saglab\u0101t \u0101das dabisko mitruma l\u012bmeni, stiprina \u0101das barjeru un aizsarg\u0101 no priek\u0161laic\u012bgas noveco\u0161an\u0101s, ko izraisa saules stari un pies\u0101r\u0146ojums.<\/span><\/p>\n<p class=\"p1\"><span class=\"s1\">Ide\u0101li piem\u0113rots pavasarim un vasarai \u2014 skaistai, starojo\u0161ai un aizsarg\u0101tai \u0101dai!<\/span><\/p>\n<\/div>\n","protected":false},"excerpt":{"rendered":"<p>THAT&#8217;S SO ALL IN ONE ANTI-AGE SUNSCREEN SPF 50+ All-In-One SPF 50+ Anti-age ir maiga putu veida vieglas tekst\u016bras skaistumkop\u0161anas produkts. \u00a0Saules aizsargl\u012bdzeklis ar augstu aizsardz\u012bbas l\u012bmeni, kas bag\u0101tin\u0101ts ar Gold Filter Tech \u2014 p\u0113r\u013cu efektu pie\u0161\u0137iro\u0161u pigmentu mais\u012bjumu, kas padara \u0101du starojo\u0161u un vienm\u0113r\u012bgu. Lieliski piem\u0113rots ikdienas lieto\u0161anai gan k\u0101 pamata kop\u0161anas l\u012bdzeklis, gan k\u0101 make up b\u0101ze. Putas ir papildin\u0101tas ar v\u012bnogu s\u0113klu ekstraktu un E vitam\u012bnu, kas pal\u012bdz c\u012bn\u012bties ar oksidat\u012bvo stresu un nodro\u0161ina ilgsto\u0161u mitrin\u0101\u0161anu saules iedarb\u012bbas laik\u0101. To pretnoveco\u0161an\u0101s formula satur \u012bpa\u0161u aminosk\u0101bi \u2014 argin\u012bnu,&hellip;<\/p>\n","protected":false},"featured_media":5274,"template":"","meta":[],"product_brand":[],"product_cat":[33,84,34,83],"product_tag":[],"class_list":{"0":"post-5273","1":"product","2":"type-product","3":"status-publish","4":"has-post-thumbnail","6":"product_cat-uncategorized","7":"product_cat-saules-kosmetika","8":"product_cat-kosmetika","9":"product_cat-that-so","11":"first","12":"instock","13":"featured","14":"shipping-taxable","15":"purchasable","16":"product-type-simple"},"_links":{"self":[{"href":"https:\/\/www.happysunday.eu\/index.php?rest_route=\/wp\/v2\/product\/5273","targetHints":{"allow":["GET"]}}],"collection":[{"href":"https:\/\/www.happysunday.eu\/index.php?rest_route=\/wp\/v2\/product"}],"about":[{"href":"https:\/\/www.happysunday.eu\/index.php?rest_route=\/wp\/v2\/types\/product"}],"wp:featuredmedia":[{"embeddable":true,"href":"https:\/\/www.happysunday.eu\/index.php?rest_route=\/wp\/v2\/media\/5274"}],"wp:attachment":[{"href":"https:\/\/www.happysunday.eu\/index.php?rest_route=%2Fwp%2Fv2%2Fmedia&parent=5273"}],"wp:term":[{"taxonomy":"product_brand","embeddable":true,"href":"https:\/\/www.happysunday.eu\/index.php?rest_route=%2Fwp%2Fv2%2Fproduct_brand&post=5273"},{"taxonomy":"product_cat","embeddable":true,"href":"https:\/\/www.happysunday.eu\/index.php?rest_route=%2Fwp%2Fv2%2Fproduct_cat&post=5273"},{"taxonomy":"product_tag","embeddable":true,"href":"https:\/\/www.happysunday.eu\/index.php?rest_route=%2Fwp%2Fv2%2Fproduct_tag&post=5273"}],"curies":[{"name":"wp","href":"https:\/\/api.w.org\/{rel}","templated":true}]}}