{"id":5280,"date":"2024-06-09T11:31:39","date_gmt":"2024-06-09T11:31:39","guid":{"rendered":"https:\/\/www.happysunday.eu\/?post_type=product&#038;p=5280"},"modified":"2026-04-07T07:02:04","modified_gmt":"2026-04-07T07:02:04","slug":"spf-15-saules-aizsargkrems-lupam","status":"publish","type":"product","link":"https:\/\/www.happysunday.eu\/?product=spf-15-saules-aizsargkrems-lupam","title":{"rendered":"SPF 15 SAULES UN AUKSTUMA AIZSARGKR\u0112MS L\u016aP\u0100M"},"content":{"rendered":"<div id=\"product-title\">\n<h1 class=\"product_title entry-title\">THAT&#8217;S SO ALL IN ONE LIPSTICK SPF15 BALSAMO PER LABBRA CON SPF<\/h1>\n<p>T\u016bl\u012bt\u0113ja elast\u012bba un maigums, pateicoties formulas sast\u0101v\u0101 eso\u0161ajam \u0161\u012b sviestam. Pateicoties aizsardz\u012bbas faktoram SPF 15, tas aizsarg\u0101 ar\u012b l\u016bpas saules staru iedarb\u012bbas laik\u0101, no v\u0113ja un akstuma. Ide\u0101ls gan vasaras gan ziemas laik\u0101.<\/p>\n<p>Vieglas tekst\u016bras balzams ar SPF15 vienm\u0113r mitrin\u0101t\u0101m l\u016bp\u0101m. Maigais sast\u0101vs veido m\u012bkstino\u0161u pl\u0113vi, kas pie\u0161\u0137ir l\u016bp\u0101m t\u016bl\u012bt\u0113ju maigumu. Ieteicams ar\u012b iekdienas lieto\u0161anai, ja tika veikta l\u016bpu palielin\u0101\u0161ana ar hialuronsk\u0101bi.<\/p>\n<\/div>\n<p>UVA\/UVB FILTRI<br \/>\nFotostabilie \u0137\u012bmiskie un fizik\u0101lie filtri, kas pasarg\u0101 l\u016bpu \u0101du no UV stariem iedarb\u012bbas laik\u0101, nov\u0113r\u0161ot fotonoveco\u0161an\u0101s rad\u012btos boj\u0101jumus un \u0101das im\u016bn\u0101s aizsargsp\u0113jas pav\u0101jin\u0101\u0161anos.<br \/>\n\u0160\u012a SVIESTS<br \/>\nV\u0113rt\u012bgs m\u012bkstino\u0161s, barojo\u0161s un atjaunojo\u0161s augu sviests. Padara l\u016bpas maigas un samtainas.<br \/>\nE VITAM\u012aNS<br \/>\nTas ir antioksidants, kas pal\u012bdz nov\u0113rst br\u012bvo radik\u0101\u013cu boj\u0101jumus, noder ar\u012b saules iedarb\u012bbas gad\u012bjum\u0101.<br \/>\nAUGU E\u013b\u013bAS (SAFL\u0112RU UN MANDE\u013bU)<br \/>\nAr barojo\u0161\u0101m un \u013coti elast\u012bg\u0101m \u012bpa\u0161\u012bb\u0101m t\u0101s padara l\u016bpas m\u012bkstas un nov\u0113r\u0161 dehidrat\u0101ciju t\u0101du vides faktoru k\u0101 saules, v\u0113ja, s\u0101ls\u016bdens un taml\u012bdz\u012bgu ietekm\u0113.<\/p>\n","protected":false},"excerpt":{"rendered":"<p>THAT&#8217;S SO ALL IN ONE LIPSTICK SPF15 BALSAMO PER LABBRA CON SPF T\u016bl\u012bt\u0113ja elast\u012bba un maigums, pateicoties formulas sast\u0101v\u0101 eso\u0161ajam \u0161\u012b sviestam. Pateicoties aizsardz\u012bbas faktoram SPF 15, tas aizsarg\u0101 ar\u012b l\u016bpas saules staru iedarb\u012bbas laik\u0101, no v\u0113ja un akstuma. Ide\u0101ls gan vasaras gan ziemas laik\u0101. Vieglas tekst\u016bras balzams ar SPF15 vienm\u0113r mitrin\u0101t\u0101m l\u016bp\u0101m. Maigais sast\u0101vs veido m\u012bkstino\u0161u pl\u0113vi, kas pie\u0161\u0137ir l\u016bp\u0101m t\u016bl\u012bt\u0113ju maigumu. Ieteicams ar\u012b iekdienas lieto\u0161anai, ja tika veikta l\u016bpu palielin\u0101\u0161ana ar hialuronsk\u0101bi. UVA\/UVB FILTRI Fotostabilie \u0137\u012bmiskie un fizik\u0101lie filtri, kas pasarg\u0101 l\u016bpu \u0101du no UV stariem iedarb\u012bbas laik\u0101,&hellip;<\/p>\n","protected":false},"featured_media":5281,"template":"","meta":[],"product_brand":[],"product_cat":[33,84,34,83],"product_tag":[],"class_list":{"0":"post-5280","1":"product","2":"type-product","3":"status-publish","4":"has-post-thumbnail","6":"product_cat-uncategorized","7":"product_cat-saules-kosmetika","8":"product_cat-kosmetika","9":"product_cat-that-so","11":"first","12":"instock","13":"featured","14":"shipping-taxable","15":"purchasable","16":"product-type-simple"},"_links":{"self":[{"href":"https:\/\/www.happysunday.eu\/index.php?rest_route=\/wp\/v2\/product\/5280","targetHints":{"allow":["GET"]}}],"collection":[{"href":"https:\/\/www.happysunday.eu\/index.php?rest_route=\/wp\/v2\/product"}],"about":[{"href":"https:\/\/www.happysunday.eu\/index.php?rest_route=\/wp\/v2\/types\/product"}],"wp:featuredmedia":[{"embeddable":true,"href":"https:\/\/www.happysunday.eu\/index.php?rest_route=\/wp\/v2\/media\/5281"}],"wp:attachment":[{"href":"https:\/\/www.happysunday.eu\/index.php?rest_route=%2Fwp%2Fv2%2Fmedia&parent=5280"}],"wp:term":[{"taxonomy":"product_brand","embeddable":true,"href":"https:\/\/www.happysunday.eu\/index.php?rest_route=%2Fwp%2Fv2%2Fproduct_brand&post=5280"},{"taxonomy":"product_cat","embeddable":true,"href":"https:\/\/www.happysunday.eu\/index.php?rest_route=%2Fwp%2Fv2%2Fproduct_cat&post=5280"},{"taxonomy":"product_tag","embeddable":true,"href":"https:\/\/www.happysunday.eu\/index.php?rest_route=%2Fwp%2Fv2%2Fproduct_tag&post=5280"}],"curies":[{"name":"wp","href":"https:\/\/api.w.org\/{rel}","templated":true}]}}