{"id":5282,"date":"2024-06-09T11:38:16","date_gmt":"2024-06-09T11:38:16","guid":{"rendered":"https:\/\/www.happysunday.eu\/?post_type=product&#038;p=5282"},"modified":"2026-04-07T07:02:35","modified_gmt":"2026-04-07T07:02:35","slug":"saules-aizsargsprejs-matiem-100ml","status":"publish","type":"product","link":"https:\/\/www.happysunday.eu\/?product=saules-aizsargsprejs-matiem-100ml","title":{"rendered":"SAULES AIZSARGSPREJS MATIEM 100ML"},"content":{"rendered":"<div id=\"product-title\">\n<h1 class=\"product_title entry-title\">THAT&#8217;S SO ALL IN ONE HAIR SPRAY DRY OIL HAIR SUNSCREEN<\/h1>\n<p>Izsmidzin\u0101ma e\u013c\u013ca matiem, kas netauko matus, kas izstr\u0101d\u0101ta, lai ar vienu produktu ieg\u016btu tr\u012bsk\u0101r\u0161u aizsardz\u012bbu: satur UV filtrus, kas garant\u0113 matu aizsardz\u012bbu no saules staru oksidat\u012bv\u0101 stresa; taj\u0101 ir ar\u012b specifiskas augu e\u013c\u013cas, kas rada matiem sl\u0101ni, kas pasarg\u0101 tos no s\u0101ls un hlora un \u013cauj matiem saglab\u0101t vesel\u012bbu, sp\u012bdumu, baro\u0161anu un notur\u012bg\u0101ku kr\u0101su.<\/p>\n<p>AKT\u012aV\u0100S SAST\u0100VDA\u013bAS<br \/>\nUVA \/ UVB SAULES FILTRI<br \/>\nSau\u013co\u0161an\u0101s l\u012bdzek\u013ci, kas atbilst Hawaii stiep\u0161anai, aizsarg\u0101 matus no oksidat\u012bv\u0101 stresa, ko izraisa UVA \/ UVB staru iedarb\u012bbas rad\u012btie br\u012bvie radik\u0101\u013ci.<br \/>\nAUGU E\u013b\u013bAS<br \/>\nSast\u0101v\u0101 eso\u0161\u0101s e\u013c\u013cas garant\u0113 aizsargsl\u0101\u0146a veido\u0161anos uz matiem, kas pasarg\u0101 tos no s\u0101ls un hlora un vienlaikus pie\u0161\u0137ir tiem m\u012bkstumu, sp\u012bdumu un baro\u0161anu.<\/p>\n<p>E VITAM\u012aNS<br \/>\nSp\u0113c\u012bg\u0101 m\u012bkstino\u0161\u0101 iedarb\u012bba paties\u012bb\u0101 kontrast\u0113 ar matu un galvas \u0101das sausumu, nodro\u0161inot augstu matu stie\u0146a mitrin\u0101\u0161anu. Tam ir ar\u012b antioksidanta \u012bpa\u0161\u012bbas.<\/p>\n<p>K\u0100 TO IZMANTOT<br \/>\nIzsmidziniet produktu uz matu garuma pirms uztur\u0113\u0161an\u0101s saul\u0113. Atk\u0101rtojiet pieteikumu p\u0113c vajadz\u012bbas. \u0100r\u0113jai lieto\u0161anai, izvairieties no saskares ar ac\u012bm.<\/p>\n<\/div>\n","protected":false},"excerpt":{"rendered":"<p>THAT&#8217;S SO ALL IN ONE HAIR SPRAY DRY OIL HAIR SUNSCREEN Izsmidzin\u0101ma e\u013c\u013ca matiem, kas netauko matus, kas izstr\u0101d\u0101ta, lai ar vienu produktu ieg\u016btu tr\u012bsk\u0101r\u0161u aizsardz\u012bbu: satur UV filtrus, kas garant\u0113 matu aizsardz\u012bbu no saules staru oksidat\u012bv\u0101 stresa; taj\u0101 ir ar\u012b specifiskas augu e\u013c\u013cas, kas rada matiem sl\u0101ni, kas pasarg\u0101 tos no s\u0101ls un hlora un \u013cauj matiem saglab\u0101t vesel\u012bbu, sp\u012bdumu, baro\u0161anu un notur\u012bg\u0101ku kr\u0101su. AKT\u012aV\u0100S SAST\u0100VDA\u013bAS UVA \/ UVB SAULES FILTRI Sau\u013co\u0161an\u0101s l\u012bdzek\u013ci, kas atbilst Hawaii stiep\u0161anai, aizsarg\u0101 matus no oksidat\u012bv\u0101 stresa, ko izraisa UVA \/ UVB staru iedarb\u012bbas&hellip;<\/p>\n","protected":false},"featured_media":5283,"template":"","meta":[],"product_brand":[],"product_cat":[33,84,34,58,83],"product_tag":[],"class_list":{"0":"post-5282","1":"product","2":"type-product","3":"status-publish","4":"has-post-thumbnail","6":"product_cat-uncategorized","7":"product_cat-saules-kosmetika","8":"product_cat-kosmetika","9":"product_cat-super-sale","10":"product_cat-that-so","12":"first","13":"instock","14":"featured","15":"shipping-taxable","16":"purchasable","17":"product-type-simple"},"_links":{"self":[{"href":"https:\/\/www.happysunday.eu\/index.php?rest_route=\/wp\/v2\/product\/5282","targetHints":{"allow":["GET"]}}],"collection":[{"href":"https:\/\/www.happysunday.eu\/index.php?rest_route=\/wp\/v2\/product"}],"about":[{"href":"https:\/\/www.happysunday.eu\/index.php?rest_route=\/wp\/v2\/types\/product"}],"wp:featuredmedia":[{"embeddable":true,"href":"https:\/\/www.happysunday.eu\/index.php?rest_route=\/wp\/v2\/media\/5283"}],"wp:attachment":[{"href":"https:\/\/www.happysunday.eu\/index.php?rest_route=%2Fwp%2Fv2%2Fmedia&parent=5282"}],"wp:term":[{"taxonomy":"product_brand","embeddable":true,"href":"https:\/\/www.happysunday.eu\/index.php?rest_route=%2Fwp%2Fv2%2Fproduct_brand&post=5282"},{"taxonomy":"product_cat","embeddable":true,"href":"https:\/\/www.happysunday.eu\/index.php?rest_route=%2Fwp%2Fv2%2Fproduct_cat&post=5282"},{"taxonomy":"product_tag","embeddable":true,"href":"https:\/\/www.happysunday.eu\/index.php?rest_route=%2Fwp%2Fv2%2Fproduct_tag&post=5282"}],"curies":[{"name":"wp","href":"https:\/\/api.w.org\/{rel}","templated":true}]}}