{"id":5286,"date":"2024-06-09T11:47:12","date_gmt":"2024-06-09T11:47:12","guid":{"rendered":"https:\/\/www.happysunday.eu\/?post_type=product&#038;p=5286"},"modified":"2026-04-07T07:02:35","modified_gmt":"2026-04-07T07:02:35","slug":"pilings-cimds-pastonejosa-krema-aplikators-2-in-1","status":"publish","type":"product","link":"https:\/\/www.happysunday.eu\/?product=pilings-cimds-pastonejosa-krema-aplikators-2-in-1","title":{"rendered":"P\u012aLINGA KESSA CIMDS + PA\u0160TON\u0112JO\u0160A KR\u0112MA APLIKATORS 2 in 1"},"content":{"rendered":"<div id=\"product-title\">\n<h1 class=\"product_title entry-title\">THAT&#8217;S SO TANNING MITT PEELING GLOVE + APPLICATION<\/h1>\n<p>Vienm\u0113r\u012bgai un nevainojamai sau\u013co\u0161an\u0101s proced\u016bras pielieto\u0161anai. Divu veidu lietojams cimds: viena puse, lai sagatavotu \u0101du apstr\u0101dei ar vieglu p\u012blingu. Kessa \u2013 turku pirts p\u012blinga cimds no augstas kvalit\u0101tes v\u012bt\u0101 diega. T\u0101 smalkais raupjums veic \u013coti delik\u0101tu \u0137erme\u0146a p\u012blingu.<\/p>\n<p><strong>LIETO\u0160ANA<\/strong><\/p>\n<p>1.Lai veiktu \u0137erme\u0146a p\u012blingu ar kessa cimdu ir nepiecie\u0161ams \u013coti stipri samitrin\u0101t \u0101du.<\/p>\n<p>2. \u00a0To lab\u0101k lietot p\u0113c vannas vai pirt\u012b. Tradicion\u0101li turku pirt\u012b to lieto ar melnaj\u0101m ziep\u0113m, bet tikpat labi to var izmatot bez jebk\u0101diem pal\u012bgl\u012bdzek\u013ciem.<\/p>\n<p>3. Cimda strukt\u016bra ir tik maiga, ka to var lietot ar\u012b \u012bpa\u0161i j\u016bt\u012bgai \u0101dai.<\/p>\n<p>P\u0113c \u0101tras du\u0161as efekta neb\u016bs.<\/p>\n<p>No otras puses \u00a0ar z\u012bdainu efektu cimdi\u0146\u0161 paston\u0113jo\u0161\u0101 l\u012bdzek\u013ca uzkl\u0101\u0161anai. \u012apa\u0161i maigs cimdi\u0146\u0161 ir ide\u0101li piem\u0113rots jebkura that&#8217;so iedeguma l\u012bdzek\u013ca uzkl\u0101\u0161anai uz sejas un \u0137erme\u0146a.<\/p>\n<p><strong>LIETO\u0160ANA<\/strong><\/p>\n<p>1. Pirms katras lieto\u0161anas vienm\u0113r p\u0101rliecinieties, ka J\u016bsu cimdi\u0146\u0161 ir t\u012brs un sauss.<br \/>\n2. Lai ieg\u016btu vislab\u0101kos rezult\u0101tus, vienm\u0113r iev\u0113rojiet <em>James Read<\/em> sau\u013co\u0161an\u0101s l\u012bdzek\u013ca lieto\u0161anas instrukcijas.<br \/>\n3. Starp lieto\u0161anas reiz\u0113m mazg\u0101jiet cimdi\u0146u silt\u0101 \u016bden\u012b ar ziep\u0113m un \u013caujiet no\u017e\u016bt vertik\u0101l\u0101 st\u0101vokl\u012b un lietojiet no jauna.<\/p>\n<\/div>\n","protected":false},"excerpt":{"rendered":"<p>THAT&#8217;S SO TANNING MITT PEELING GLOVE + APPLICATION Vienm\u0113r\u012bgai un nevainojamai sau\u013co\u0161an\u0101s proced\u016bras pielieto\u0161anai. Divu veidu lietojams cimds: viena puse, lai sagatavotu \u0101du apstr\u0101dei ar vieglu p\u012blingu. Kessa \u2013 turku pirts p\u012blinga cimds no augstas kvalit\u0101tes v\u012bt\u0101 diega. T\u0101 smalkais raupjums veic \u013coti delik\u0101tu \u0137erme\u0146a p\u012blingu. LIETO\u0160ANA 1.Lai veiktu \u0137erme\u0146a p\u012blingu ar kessa cimdu ir nepiecie\u0161ams \u013coti stipri samitrin\u0101t \u0101du. 2. \u00a0To lab\u0101k lietot p\u0113c vannas vai pirt\u012b. Tradicion\u0101li turku pirt\u012b to lieto ar melnaj\u0101m ziep\u0113m, bet tikpat labi to var izmatot bez jebk\u0101diem pal\u012bgl\u012bdzek\u013ciem. 3. Cimda strukt\u016bra ir tik&hellip;<\/p>\n","protected":false},"featured_media":5287,"template":"","meta":[],"product_brand":[],"product_cat":[71,33,84,34,83],"product_tag":[],"class_list":{"0":"post-5286","1":"product","2":"type-product","3":"status-publish","4":"has-post-thumbnail","6":"product_cat-davanas","7":"product_cat-uncategorized","8":"product_cat-saules-kosmetika","9":"product_cat-kosmetika","10":"product_cat-that-so","12":"first","13":"instock","14":"featured","15":"shipping-taxable","16":"purchasable","17":"product-type-simple"},"_links":{"self":[{"href":"https:\/\/www.happysunday.eu\/index.php?rest_route=\/wp\/v2\/product\/5286","targetHints":{"allow":["GET"]}}],"collection":[{"href":"https:\/\/www.happysunday.eu\/index.php?rest_route=\/wp\/v2\/product"}],"about":[{"href":"https:\/\/www.happysunday.eu\/index.php?rest_route=\/wp\/v2\/types\/product"}],"wp:featuredmedia":[{"embeddable":true,"href":"https:\/\/www.happysunday.eu\/index.php?rest_route=\/wp\/v2\/media\/5287"}],"wp:attachment":[{"href":"https:\/\/www.happysunday.eu\/index.php?rest_route=%2Fwp%2Fv2%2Fmedia&parent=5286"}],"wp:term":[{"taxonomy":"product_brand","embeddable":true,"href":"https:\/\/www.happysunday.eu\/index.php?rest_route=%2Fwp%2Fv2%2Fproduct_brand&post=5286"},{"taxonomy":"product_cat","embeddable":true,"href":"https:\/\/www.happysunday.eu\/index.php?rest_route=%2Fwp%2Fv2%2Fproduct_cat&post=5286"},{"taxonomy":"product_tag","embeddable":true,"href":"https:\/\/www.happysunday.eu\/index.php?rest_route=%2Fwp%2Fv2%2Fproduct_tag&post=5286"}],"curies":[{"name":"wp","href":"https:\/\/api.w.org\/{rel}","templated":true}]}}