{"id":5288,"date":"2024-06-09T12:06:42","date_gmt":"2024-06-09T12:06:42","guid":{"rendered":"https:\/\/www.happysunday.eu\/?post_type=product&#038;p=5288"},"modified":"2026-04-07T19:30:32","modified_gmt":"2026-04-07T19:30:32","slug":"pasiedeguma-kermena-putas-ar-tuliteju-efektu-125ml","status":"publish","type":"product","link":"https:\/\/www.happysunday.eu\/?product=pasiedeguma-kermena-putas-ar-tuliteju-efektu-125ml","title":{"rendered":"PA\u0160IEDEGUMA \u0136ERME\u0145A PUTAS AR T\u016aL\u012aT\u0112JU EFEKTU DARK 125ML"},"content":{"rendered":"<div id=\"product-title\">\n<h1 class=\"product_title entry-title\">THAT&#8217;S SO GLAM BODY MOUSSE DARK BODY TANNING MOUSSE<\/h1>\n<div class=\"woocommerce-product-details__short-description\">\n<p>Glam Body Mousse Dark &#8211; PASAULES BEST SELLER &#8211; ir pa\u0161iedeguma \u0137erme\u0146a putas ar mitrino\u0161u efektu, kas pie\u0161\u0137ir \u0101dai t\u016bl\u012bt\u0113ju un dabisku iedeguma kr\u0101su (pateicoties zelta bronzas pigmentam), kas saglab\u0101jas 4 dienas. Tas ir ide\u0101li piem\u0113rots p\u0113c vannas vai du\u0161as un p\u0113c epil\u0101cijas savu m\u012bkstino\u0161o \u012bpa\u0161\u012bbu d\u0113\u013c un bag\u0101tin\u0101ts ar PROTEASYL\u00ae augu kompleksu ar tenzora efektu divk\u0101r\u0161ai antirelaks\u0113jo\u0161ai un nostiprino\u0161ai iedarb\u012bbai uz \u0101du, Glam Body Mousse by That&#8217;so ap\u0146em \u0101du ar maigs arom\u0101ts ar mande\u013cu, \u0137ir\u0161u un vani\u013cas not\u012bm, pie\u0161\u0137irot \u0137ermenim dabiska izskata zeltainu iedegumu (pateicoties 6% DHA).<\/p>\n<p>\u201e\u0160\u0137idr\u0101s ze\u0137es\u201c efekts\u2013 lieliska alternat\u012bva kaprona ze\u0137\u0113m karstaj\u0101 laik\u0101. Kr\u0113ms mask\u0113 zilumus, r\u0113tas, asinsvadu zvaigzn\u012btes un spilgti izteiktas v\u0113nas. Uzkl\u0101\u0161anas laik\u0101 veido pl\u0101nu k\u0101rti\u0146u un pie\u0161\u0137ir toni, lai\u017e cauri gaisu un nekairina \u0101du.<\/p>\n<p>K\u0100LIETOT:<\/p>\n<ol>\n<li><strong><u>\u0100das sagatavo\u0161ana.<\/u><\/strong>\u00a0 Firms pa\u0161ton\u0113jo\u0161\u0101 l\u012bdzek\u013ca lieto\u0161anas labi att\u012briet \u0101du no atmiru\u0161aj\u0101m \u0161\u016bn\u0101m ar p\u012blinga cimda pal\u012bdz\u012bbu vai skrubi. Gluda un t\u012bra \u0101da b\u016bs labs pamats vienm\u0113r\u012bg\u0101ka to\u0146a ieg\u016b\u0161anai.<\/li>\n<li><strong><u>Vienm\u0113r\u012bgs kl\u0101jums.<\/u><\/strong> Labam un skaistam rezult\u0101tam \u013coti svar\u012bgi izmantot That&#8217;s aplikatora cimdu ( var izmfanot vair\u0101kas reizen, da\u017e\u0101diem pa\u0161ton\u0113jo\u0161iem productie, kapos 15 Gadus), pa\u0161tin\u0113jo\u0161o l\u012bdzeki izsm\u012bdziniet uz cimda un p\u0113c tam uzkl\u0101jiet uz \u0101das. Uzreiz p\u0113c uzkl\u0101\u0161anas nevelciet baltus dr\u0113bes. P\u0113c 4-8 stund\u0101m, noskalojieties un tad jau varat vilka baltas dr\u0113bes. Iedeguma Efekts sagl\u0101basiet l\u012bdz 4 dien\u0101m.<\/li>\n<li><strong><u>Kop\u0161ana un mitrin\u0101\u0161ana.<\/u><\/strong> P\u0113c pa\u0161ton\u0113jo\u0161o kosm\u0113tikas l\u012bdzek\u013cu lieto\u0161anas \u0101da ir bag\u0101t\u012bgi j\u0101mitrina. \u0160im nol\u016bkam noder\u0113s \u0137erme\u0146a sviests, kr\u0113ms, serums vai citi l\u012bdzek\u013ci p\u0113c j\u016bsu izv\u0113les. Mitrin\u0101\u0161ana padar\u012bs \u0101du samtainu un gludu, k\u0101 ar\u012b pie\u0161\u0137irs tai vesel\u012bgu izskatu. Jo vair\u0101k r\u016bp\u0113simies par savu \u0101du, jo lab\u0101k t\u0101 izskat\u012bsies.<\/li>\n<\/ol>\n<\/div>\n<\/div>\n","protected":false},"excerpt":{"rendered":"<p>THAT&#8217;S SO GLAM BODY MOUSSE DARK BODY TANNING MOUSSE Glam Body Mousse Dark &#8211; PASAULES BEST SELLER &#8211; ir pa\u0161iedeguma \u0137erme\u0146a putas ar mitrino\u0161u efektu, kas pie\u0161\u0137ir \u0101dai t\u016bl\u012bt\u0113ju un dabisku iedeguma kr\u0101su (pateicoties zelta bronzas pigmentam), kas saglab\u0101jas 4 dienas. Tas ir ide\u0101li piem\u0113rots p\u0113c vannas vai du\u0161as un p\u0113c epil\u0101cijas savu m\u012bkstino\u0161o \u012bpa\u0161\u012bbu d\u0113\u013c un bag\u0101tin\u0101ts ar PROTEASYL\u00ae augu kompleksu ar tenzora efektu divk\u0101r\u0161ai antirelaks\u0113jo\u0161ai un nostiprino\u0161ai iedarb\u012bbai uz \u0101du, Glam Body Mousse by That&#8217;so ap\u0146em \u0101du ar maigs arom\u0101ts ar mande\u013cu, \u0137ir\u0161u un vani\u013cas not\u012bm, pie\u0161\u0137irot \u0137ermenim&hellip;<\/p>\n","protected":false},"featured_media":5289,"template":"","meta":[],"product_brand":[],"product_cat":[33,84,34,83],"product_tag":[],"class_list":{"0":"post-5288","1":"product","2":"type-product","3":"status-publish","4":"has-post-thumbnail","6":"product_cat-uncategorized","7":"product_cat-saules-kosmetika","8":"product_cat-kosmetika","9":"product_cat-that-so","11":"first","12":"instock","13":"shipping-taxable","14":"purchasable","15":"product-type-simple"},"_links":{"self":[{"href":"https:\/\/www.happysunday.eu\/index.php?rest_route=\/wp\/v2\/product\/5288","targetHints":{"allow":["GET"]}}],"collection":[{"href":"https:\/\/www.happysunday.eu\/index.php?rest_route=\/wp\/v2\/product"}],"about":[{"href":"https:\/\/www.happysunday.eu\/index.php?rest_route=\/wp\/v2\/types\/product"}],"wp:featuredmedia":[{"embeddable":true,"href":"https:\/\/www.happysunday.eu\/index.php?rest_route=\/wp\/v2\/media\/5289"}],"wp:attachment":[{"href":"https:\/\/www.happysunday.eu\/index.php?rest_route=%2Fwp%2Fv2%2Fmedia&parent=5288"}],"wp:term":[{"taxonomy":"product_brand","embeddable":true,"href":"https:\/\/www.happysunday.eu\/index.php?rest_route=%2Fwp%2Fv2%2Fproduct_brand&post=5288"},{"taxonomy":"product_cat","embeddable":true,"href":"https:\/\/www.happysunday.eu\/index.php?rest_route=%2Fwp%2Fv2%2Fproduct_cat&post=5288"},{"taxonomy":"product_tag","embeddable":true,"href":"https:\/\/www.happysunday.eu\/index.php?rest_route=%2Fwp%2Fv2%2Fproduct_tag&post=5288"}],"curies":[{"name":"wp","href":"https:\/\/api.w.org\/{rel}","templated":true}]}}