{"id":5290,"date":"2024-06-09T12:33:57","date_gmt":"2024-06-09T12:33:57","guid":{"rendered":"https:\/\/www.happysunday.eu\/?post_type=product&#038;p=5290"},"modified":"2026-04-07T07:02:34","modified_gmt":"2026-04-07T07:02:34","slug":"sejas-pasiedeguma-sprejs-ar-tuliteju-efektu-75ml","status":"publish","type":"product","link":"https:\/\/www.happysunday.eu\/?product=sejas-pasiedeguma-sprejs-ar-tuliteju-efektu-75ml","title":{"rendered":"SEJAS PA\u0160IEDEGUMA SPREJS AR T\u016aLIT\u0112JU EFEKTU 50ML"},"content":{"rendered":"<div id=\"product-title\">\n<h1 class=\"product_title entry-title\">THAT&#8217;S SO GOLDEN BEAUTY INTENSE HYDRATION FACIAL SELF TANNER<\/h1>\n<div class=\"woocommerce-product-details__short-description\">\n<p>Golden Beauty ir da\u013c\u0113ji caursp\u012bd\u012bgs iedeguma izsmidzin\u0101mais losjons ar mitrino\u0161u iedarb\u012bbu, kas pie\u0161\u0137ir sejai dabisku mirdzumu, kas saglab\u0101jas apm\u0113ram 3 dienas.<br \/>\nBag\u0101tin\u0101ts ar hialuronsk\u0101bi un pantenolu, Golden Beauty by That&#8217;so nodro\u0161ina \u0101dai intens\u012bvu, ilgsto\u0161u mitrin\u0101\u0161anu, pie\u0161\u0137irot tai elast\u012bbu, tvirtumu un t\u016bl\u012bt\u0113ju iedegumu, kas izskat\u0101s dabiski un vienm\u0113r\u012bgi (pateicoties 4% DHA).<\/p>\n<p>K\u0100 TO IZMANTOT<br \/>\nUzkl\u0101jiet izsmidzin\u0101mo l\u012bdzekli tie\u0161i uz \u0101das ar nep\u0101rtraukt\u0101m un vienm\u0113r\u012bg\u0101m kust\u012bb\u0101m, turot aerosolu aptuveni 30 cm att\u0101lum\u0101 no \u0101das. \u013baujiet no\u017e\u016bt bez berz\u0113\u0161anas vai izmantojiet f\u0113nu, lai ieg\u016btu \u0101tr\u0101kus rezult\u0101tus.<\/p>\n<\/div>\n<\/div>\n","protected":false},"excerpt":{"rendered":"<p>THAT&#8217;S SO GOLDEN BEAUTY INTENSE HYDRATION FACIAL SELF TANNER Golden Beauty ir da\u013c\u0113ji caursp\u012bd\u012bgs iedeguma izsmidzin\u0101mais losjons ar mitrino\u0161u iedarb\u012bbu, kas pie\u0161\u0137ir sejai dabisku mirdzumu, kas saglab\u0101jas apm\u0113ram 3 dienas. Bag\u0101tin\u0101ts ar hialuronsk\u0101bi un pantenolu, Golden Beauty by That&#8217;so nodro\u0161ina \u0101dai intens\u012bvu, ilgsto\u0161u mitrin\u0101\u0161anu, pie\u0161\u0137irot tai elast\u012bbu, tvirtumu un t\u016bl\u012bt\u0113ju iedegumu, kas izskat\u0101s dabiski un vienm\u0113r\u012bgi (pateicoties 4% DHA). K\u0100 TO IZMANTOT Uzkl\u0101jiet izsmidzin\u0101mo l\u012bdzekli tie\u0161i uz \u0101das ar nep\u0101rtraukt\u0101m un vienm\u0113r\u012bg\u0101m kust\u012bb\u0101m, turot aerosolu aptuveni 30 cm att\u0101lum\u0101 no \u0101das. \u013baujiet no\u017e\u016bt bez berz\u0113\u0161anas vai izmantojiet f\u0113nu, lai ieg\u016btu&hellip;<\/p>\n","protected":false},"featured_media":5291,"template":"","meta":[],"product_brand":[],"product_cat":[33,84,83],"product_tag":[],"class_list":{"0":"post-5290","1":"product","2":"type-product","3":"status-publish","4":"has-post-thumbnail","6":"product_cat-uncategorized","7":"product_cat-saules-kosmetika","8":"product_cat-that-so","10":"first","11":"instock","12":"shipping-taxable","13":"purchasable","14":"product-type-simple"},"_links":{"self":[{"href":"https:\/\/www.happysunday.eu\/index.php?rest_route=\/wp\/v2\/product\/5290","targetHints":{"allow":["GET"]}}],"collection":[{"href":"https:\/\/www.happysunday.eu\/index.php?rest_route=\/wp\/v2\/product"}],"about":[{"href":"https:\/\/www.happysunday.eu\/index.php?rest_route=\/wp\/v2\/types\/product"}],"wp:featuredmedia":[{"embeddable":true,"href":"https:\/\/www.happysunday.eu\/index.php?rest_route=\/wp\/v2\/media\/5291"}],"wp:attachment":[{"href":"https:\/\/www.happysunday.eu\/index.php?rest_route=%2Fwp%2Fv2%2Fmedia&parent=5290"}],"wp:term":[{"taxonomy":"product_brand","embeddable":true,"href":"https:\/\/www.happysunday.eu\/index.php?rest_route=%2Fwp%2Fv2%2Fproduct_brand&post=5290"},{"taxonomy":"product_cat","embeddable":true,"href":"https:\/\/www.happysunday.eu\/index.php?rest_route=%2Fwp%2Fv2%2Fproduct_cat&post=5290"},{"taxonomy":"product_tag","embeddable":true,"href":"https:\/\/www.happysunday.eu\/index.php?rest_route=%2Fwp%2Fv2%2Fproduct_tag&post=5290"}],"curies":[{"name":"wp","href":"https:\/\/api.w.org\/{rel}","templated":true}]}}